{"id":124,"date":"2025-02-03T11:26:52","date_gmt":"2025-02-03T10:26:52","guid":{"rendered":"https:\/\/www.lexd7920.odns.fr\/test-elementor\/?page_id=124"},"modified":"2025-03-25T15:40:28","modified_gmt":"2025-03-25T14:40:28","slug":"reglement-ligne","status":"publish","type":"page","link":"https:\/\/www.pixel-as.fr\/?page_id=124","title":{"rendered":"R\u00e8glement en ligne"},"content":{"rendered":"\t\t<div data-elementor-type=\"wp-page\" data-elementor-id=\"124\" class=\"elementor elementor-124\" data-elementor-post-type=\"page\">\n\t\t\t\t<div class=\"elementor-element elementor-element-c42c61e e-flex e-con-boxed e-con e-parent\" data-id=\"c42c61e\" data-element_type=\"container\" data-e-type=\"container\" data-settings=\"{&quot;background_background&quot;:&quot;classic&quot;}\">\n\t\t\t\t\t<div class=\"e-con-inner\">\n\t\t\t\t<div class=\"elementor-element elementor-element-25fbf6d elementor-widget elementor-widget-heading\" data-id=\"25fbf6d\" data-element_type=\"widget\" data-e-type=\"widget\" data-widget_type=\"heading.default\">\n\t\t\t\t<div class=\"elementor-widget-container\">\n\t\t\t\t\t<h2 class=\"elementor-heading-title elementor-size-default\">R\u00e8glement en ligne<\/h2>\t\t\t\t<\/div>\n\t\t\t\t<\/div>\n\t\t\t\t<div class=\"elementor-element elementor-element-b06322a elementor-widget elementor-widget-wpforms\" data-id=\"b06322a\" data-element_type=\"widget\" data-e-type=\"widget\" data-widget_type=\"wpforms.default\">\n\t\t\t\t<div class=\"elementor-widget-container\">\n\t\t\t\t\t<style id=\"wpforms-css-vars-elementor-widget-b06322a\">\n\t\t\t\t.elementor-widget-wpforms.elementor-element-b06322a {\n\t\t\t\t--wpforms-button-background-color: #8E0000;\n--wpforms-field-size-input-height: 50px;\n--wpforms-field-size-input-spacing: 20px;\n--wpforms-field-size-font-size: 18px;\n--wpforms-field-size-line-height: 21px;\n--wpforms-field-size-padding-h: 14px;\n--wpforms-field-size-checkbox-size: 18px;\n--wpforms-field-size-sublabel-spacing: 10px;\n--wpforms-field-size-icon-size: 1.25;\n--wpforms-label-size-font-size: 18px;\n--wpforms-label-size-line-height: 21px;\n--wpforms-label-size-sublabel-font-size: 16px;\n--wpforms-label-size-sublabel-line-height: 19px;\n--wpforms-button-size-font-size: 20px;\n--wpforms-button-size-height: 48px;\n--wpforms-button-size-padding-h: 20px;\n--wpforms-button-size-margin-top: 15px;\n\t\t\t}\n\t\t\t<\/style><div class=\"wpforms-container wpforms-container-full wpforms-stripe wpforms-render-modern\" id=\"wpforms-1430\"><form id=\"wpforms-form-1430\" class=\"wpforms-validate wpforms-form wpforms-ajax-form\" data-formid=\"1430\" method=\"post\" enctype=\"multipart\/form-data\" action=\"\/index.php?rest_route=%2Fwp%2Fv2%2Fpages%2F124\" data-token=\"57350abcda951153236cd00382aab4c3\" data-token-time=\"1777498736\"><noscript class=\"wpforms-error-noscript\">Veuillez activer JavaScript dans votre navigateur pour remplir ce formulaire.<\/noscript><div id=\"wpforms-error-noscript\" style=\"display: none;\">Veuillez activer JavaScript dans votre navigateur pour remplir ce formulaire.<\/div><div class=\"wpforms-field-container\">\t\t<div id=\"wpforms-1430-field_1-container\"\n\t\t\tclass=\"wpforms-field wpforms-field-text\"\n\t\t\tdata-field-type=\"text\"\n\t\t\tdata-field-id=\"1\"\n\t\t\t>\n\t\t\t<label class=\"wpforms-field-label\" for=\"wpforms-1430-field_1\" >page R\u00e8glement en<\/label>\n\t\t\t<input type=\"text\" id=\"wpforms-1430-field_1\" class=\"wpforms-field-medium\" name=\"wpforms[fields][1]\" >\n\t\t<\/div>\n\t\t<div id=\"wpforms-1430-field_26-container\" class=\"wpforms-field wpforms-field-layout\" data-field-type=\"layout\" data-field-id=\"26\"><div class=\"wpforms-field-layout-columns wpforms-field-layout-preset-50-50\"><div class=\"wpforms-layout-column wpforms-layout-column-50\" ><div id=\"wpforms-1430-field_0-container\" class=\"wpforms-field wpforms-field-name\" data-field-type=\"name\" data-field-id=\"0\"><fieldset><legend class=\"wpforms-field-label\">Coordonn\u00e9es <span class=\"wpforms-required-label\" aria-hidden=\"true\">*<\/span><\/legend><div class=\"wpforms-field-row wpforms-field-medium\"><div class=\"wpforms-field-row-block wpforms-first wpforms-one-half\"><input type=\"text\" id=\"wpforms-1430-field_0\" class=\"wpforms-field-name-first wpforms-field-required\" name=\"wpforms[fields][0][first]\" placeholder=\"Pr\u00e9nom\" aria-errormessage=\"wpforms-1430-field_0-error\" required><label for=\"wpforms-1430-field_0\" class=\"wpforms-field-sublabel after wpforms-sublabel-hide\">Pr\u00e9nom<\/label><\/div><div class=\"wpforms-field-row-block wpforms-one-half\"><input type=\"text\" id=\"wpforms-1430-field_0-last\" class=\"wpforms-field-name-last wpforms-field-required\" name=\"wpforms[fields][0][last]\" placeholder=\"Nom\" aria-errormessage=\"wpforms-1430-field_0-last-error\" required><label for=\"wpforms-1430-field_0-last\" class=\"wpforms-field-sublabel after wpforms-sublabel-hide\">Nom<\/label><\/div><\/div><\/fieldset><\/div><div id=\"wpforms-1430-field_10-container\" class=\"wpforms-field wpforms-field-address\" data-field-type=\"address\" data-field-id=\"10\"><fieldset><legend class=\"wpforms-field-label wpforms-label-hide\" aria-hidden=\"false\">Adresse de facturation <span class=\"wpforms-required-label\" aria-hidden=\"true\">*<\/span><\/legend><div class=\"wpforms-field-row wpforms-field-medium\"><div ><input type=\"text\" id=\"wpforms-1430-field_10\" class=\"wpforms-field-address-address1 wpforms-field-required\" name=\"wpforms[fields][10][address1]\" placeholder=\"Adresse\" aria-errormessage=\"wpforms-1430-field_10-error\" required><label for=\"wpforms-1430-field_10\" class=\"wpforms-field-sublabel after wpforms-sublabel-hide\">Adresse ligne\u00a01<\/label><\/div><\/div><div class=\"wpforms-field-row wpforms-field-medium\"><div class=\"wpforms-field-row-block wpforms-one-half wpforms-first\"><input type=\"text\" id=\"wpforms-1430-field_10-city\" class=\"wpforms-field-address-city wpforms-field-required\" name=\"wpforms[fields][10][city]\" placeholder=\"Ville\" aria-errormessage=\"wpforms-1430-field_10-city-error\" required><label for=\"wpforms-1430-field_10-city\" class=\"wpforms-field-sublabel after wpforms-sublabel-hide\">Ville<\/label><\/div><div class=\"wpforms-field-row-block wpforms-one-half\"><input type=\"text\" id=\"wpforms-1430-field_10-state\" class=\"wpforms-field-address-state wpforms-field-required\" name=\"wpforms[fields][10][state]\" placeholder=\"R\u00e9gion\" aria-errormessage=\"wpforms-1430-field_10-state-error\" required><label for=\"wpforms-1430-field_10-state\" class=\"wpforms-field-sublabel after wpforms-sublabel-hide\">\u00c9tat \/ Province \/ R\u00e9gion<\/label><\/div><\/div><div class=\"wpforms-field-row wpforms-field-medium\"><div class=\"wpforms-field-row-block wpforms-one-half wpforms-first\"><input type=\"text\" id=\"wpforms-1430-field_10-postal\" class=\"wpforms-field-address-postal wpforms-field-required\" name=\"wpforms[fields][10][postal]\" placeholder=\"Code postal\" aria-errormessage=\"wpforms-1430-field_10-postal-error\" required><label for=\"wpforms-1430-field_10-postal\" class=\"wpforms-field-sublabel after wpforms-sublabel-hide\">Code postal<\/label><\/div><\/div><\/fieldset><\/div><div id=\"wpforms-1430-field_21-container\" class=\"wpforms-field wpforms-field-phone\" data-field-type=\"phone\" data-field-id=\"21\"><label class=\"wpforms-field-label wpforms-label-hide\" for=\"wpforms-1430-field_21\" aria-hidden=\"false\">T\u00e9l\u00e9phone<\/label><input type=\"tel\" id=\"wpforms-1430-field_21\" class=\"wpforms-field-medium wpforms-smart-phone-field\" data-rule-smart-phone-field=\"true\" name=\"wpforms[fields][21]\" aria-label=\"T\u00e9l\u00e9phone\" aria-errormessage=\"wpforms-1430-field_21-error\" ><\/div><div id=\"wpforms-1430-field_30-container\" class=\"wpforms-field wpforms-field-text\" data-field-type=\"text\" data-field-id=\"30\"><label class=\"wpforms-field-label\" for=\"wpforms-1430-field_30\">Facture :<\/label><input type=\"text\" id=\"wpforms-1430-field_30\" class=\"wpforms-field-medium\" name=\"wpforms[fields][30]\" placeholder=\"N\u00b0 Facture\" aria-errormessage=\"wpforms-1430-field_30-error\" ><\/div><div id=\"wpforms-1430-field_29-container\" class=\"wpforms-field wpforms-field-payment-single\" data-field-type=\"payment-single\" data-field-id=\"29\"><label class=\"wpforms-field-label wpforms-label-hide\" for=\"wpforms-1430-field_29\" aria-hidden=\"false\">Facture <span class=\"wpforms-required-label\" aria-hidden=\"true\">*<\/span><\/label><input type=\"text\" id=\"wpforms-1430-field_29\" class=\"wpforms-field-medium wpforms-field-required wpforms-payment-user-input wpforms-payment-price\" data-rule-currency=\"[&quot;$&quot;,false]\" data-rule-required-minimum-price=\"4.00\" data-rule-required-positive-number=\"1\" name=\"wpforms[fields][29]\" placeholder=\"-- \u20ac\" aria-errormessage=\"wpforms-1430-field_29-error\"><div class=\"wpforms-field-description\">Prix minimum : 4,00 &euro;<\/div><\/div><\/div><div class=\"wpforms-layout-column wpforms-layout-column-50\" ><div id=\"wpforms-1430-field_18-container\" class=\"wpforms-field wpforms-field-stripe-credit-card\" data-field-type=\"stripe-credit-card\" data-field-id=\"18\"><label class=\"wpforms-field-label\">R\u00e8glement <span class=\"wpforms-required-label\" aria-hidden=\"true\">*<\/span><\/label><div class=\"wpforms-field-row wpforms-no-columns wpforms-field-medium \" data-sublabel-position=\"floating\" data-link-email=\"\" data-required=\"1\"><div id=\"wpforms-field-stripe-link-element-1430\"><\/div><div id=\"wpforms-field-stripe-payment-element-1430\"><\/div><input type=\"text\" class=\"wpforms-stripe-credit-card-hidden-input\" name=\"wpforms[stripe-credit-card-hidden-input-1430]\" disabled style=\"display: none;\"><\/div><\/div><div id=\"wpforms-1430-field_27-container\" class=\"wpforms-field wpforms-field-payment-total wpf-center wpforms-field-large wpforms-summary-enabled\" data-field-type=\"payment-total\" data-field-id=\"27\" aria-live=\"polite\" aria-atomic=\"true\"><label class=\"wpforms-field-label\">Total \u00e0 r\u00e9gler : <span class=\"wpforms-required-label\" aria-hidden=\"true\">*<\/span><\/label><div class=\"wpforms-order-summary-container\">\n\t<table class=\"wpforms-order-summary-preview\" cellpadding=\"0\" cellspacing=\"0\" width=\"100%\" role=\"presentation\">\n\t\t<caption style=\"display: none;\">R\u00e9sum\u00e9 de la commande<\/caption>\n\t\t<thead>\n\t\t\t<tr>\n\t\t\t\t<th class=\"wpforms-order-summary-item-label\" valign=\"top\">Article<\/th>\n\t\t\t\t<th class=\"wpforms-order-summary-item-quantity\" valign=\"top\">\n\t\t\t\t\t<span class=\"wpforms-order-summary-item-quantity-label-full\">Quantit\u00e9<\/span>\n\t\t\t\t\t<span class=\"wpforms-order-summary-item-quantity-label-short\">Qt\u00e9<\/span>\n\t\t\t\t<\/th>\n\t\t\t\t<th class=\"wpforms-order-summary-item-price\" valign=\"top\" style=\"width:11ch;\">Total<\/th>\n\t\t\t<\/tr>\n\t\t<\/thead>\n\t\t<tbody>\n\t\t\t<tr class=\"wpforms-order-summary-placeholder wpforms-order-summary-placeholder-hidden\" style=\"display: none;\">\n\t\t\t\t<td colspan=\"3\" valign=\"top\">Aucun produit n\u2019est s\u00e9lectionn\u00e9.<\/td>\n\t\t\t<\/tr>\n\t\t\t<tr class=\"wpforms-order-summary-field\" data-field=\"29\" ><td class=\"wpforms-order-summary-item-label\" valign=\"top\"><\/td><td class=\"wpforms-order-summary-item-quantity\" valign=\"top\">1<\/td><td class=\"wpforms-order-summary-item-price\" valign=\"top\" style=\"width:11ch;\">0,00 &euro;<\/td><\/tr><tr class=\"wpforms-order-summary-preview-total\" ><td class=\"wpforms-order-summary-item-label\" valign=\"top\">Total<\/td><td class=\"wpforms-order-summary-item-quantity\" valign=\"top\"><\/td><td class=\"wpforms-order-summary-item-price\" valign=\"top\" style=\"width:11ch;\">0,00 &euro;<\/td><\/tr>\t\t<\/tbody>\n\t<\/table>\n<\/div>\n<div class=\"wpforms-payment-total\" style=\"display:none\">0,00 &euro;<\/div><input type=\"text\" id=\"wpforms-1430-field_27\" class=\"wpforms-field-large wpforms-field-required wpforms-payment-total\" data-rule-required-payment=\"1\" name=\"wpforms[fields][27]\" value=\"0\" style=\"position:absolute!important;clip:rect(0,0,0,0)!important;height:1px!important;width:1px!important;border:0!important;overflow:hidden!important;padding:0!important;margin:0!important;\" readonly=\"readonly\"><\/div><\/div><\/div><\/div><script>\n\t\t\t\t( function() {\n\t\t\t\t\tconst style = document.createElement( 'style' );\n\t\t\t\t\tstyle.appendChild( document.createTextNode( '#wpforms-1430-field_1-container { position: absolute !important; overflow: hidden !important; display: inline !important; height: 1px !important; width: 1px !important; z-index: -1000 !important; padding: 0 !important; } #wpforms-1430-field_1-container input { visibility: hidden; } #wpforms-conversational-form-page #wpforms-1430-field_1-container label { counter-increment: none; }' ) );\n\t\t\t\t\tdocument.head.appendChild( style );\n\t\t\t\t\tdocument.currentScript?.remove();\n\t\t\t\t} )();\n\t\t\t<\/script><\/div><!-- .wpforms-field-container --><div class=\"wpforms-submit-container\" ><input type=\"hidden\" name=\"wpforms[id]\" value=\"1430\"><input type=\"hidden\" name=\"page_title\" value=\"\"><input type=\"hidden\" name=\"page_url\" value=\"https:\/\/www.pixel-as.fr\/index.php?rest_route=\/wp\/v2\/pages\/124\"><input type=\"hidden\" name=\"url_referer\" value=\"\"><button type=\"submit\" name=\"wpforms[submit]\" id=\"wpforms-submit-1430\" class=\"wpforms-submit\" data-alt-text=\"Paiement en cours ... \" data-submit-text=\"R\u00e9gler ma facture\" aria-live=\"assertive\" value=\"wpforms-submit\">R\u00e9gler ma facture<\/button><img decoding=\"async\" src=\"https:\/\/www.pixel-as.fr\/wp-content\/plugins\/wpforms\/assets\/images\/submit-spin.svg\" class=\"wpforms-submit-spinner\" style=\"display: none;\" width=\"26\" height=\"26\" alt=\"Chargement en cours\"><\/div><\/form><\/div>  <!-- .wpforms-container -->\t\t\t\t<\/div>\n\t\t\t\t<\/div>\n\t\t\t\t\t<\/div>\n\t\t\t\t<\/div>\n\t\t\t\t<\/div>\n\t\t","protected":false},"excerpt":{"rendered":"<p>R\u00e8glement en ligne Veuillez activer JavaScript dans votre navigateur pour remplir ce formulaire.Veuillez activer JavaScript dans votre navigateur pour remplir ce formulaire. Coordonn\u00e9es * Pr\u00e9nomNom Adresse de facturation * Adresse ligne\u00a01Ville\u00c9tat \/ Province \/ R\u00e9gionCode postal T\u00e9l\u00e9phone Facture :Facture *Prix minimum : 10,00 &euro;R\u00e8glement * Pays Total \u00e0 r\u00e9gler : * R\u00e9sum\u00e9 de la commande [&hellip;]<\/p>\n","protected":false},"author":2,"featured_media":1891,"parent":0,"menu_order":0,"comment_status":"closed","ping_status":"closed","template":"","meta":{"footnotes":""},"class_list":["post-124","page","type-page","status-publish","has-post-thumbnail","hentry"],"yoast_head":"<!-- This site is optimized with the Yoast SEO plugin v27.5 - https:\/\/yoast.com\/product\/yoast-seo-wordpress\/ -->\n<title>R\u00e8glement en ligne - Pixel AS informatique<\/title>\n<meta name=\"description\" content=\"R\u00e8glement en ligne de vos factures, modifications de vos contrats chez Pixel AS\" \/>\n<meta name=\"robots\" content=\"index, follow, max-snippet:-1, max-image-preview:large, max-video-preview:-1\" \/>\n<link rel=\"canonical\" href=\"https:\/\/www.pixel-as.fr\/?page_id=124\" \/>\n<meta property=\"og:locale\" content=\"fr_FR\" \/>\n<meta property=\"og:type\" content=\"article\" \/>\n<meta property=\"og:title\" content=\"R\u00e8glement en ligne - Pixel AS informatique\" \/>\n<meta property=\"og:description\" content=\"R\u00e8glement en ligne de vos factures, modifications de vos contrats chez Pixel AS\" \/>\n<meta property=\"og:url\" content=\"https:\/\/www.pixel-as.fr\/?page_id=124\" \/>\n<meta property=\"og:site_name\" content=\"Pixel AS informatique\" \/>\n<meta property=\"article:modified_time\" content=\"2025-03-25T14:40:28+00:00\" \/>\n<meta property=\"og:image\" content=\"https:\/\/www.pixel-as.fr\/wp-content\/uploads\/2025\/02\/reglement.png\" \/>\n\t<meta property=\"og:image:width\" content=\"1016\" \/>\n\t<meta property=\"og:image:height\" content=\"672\" \/>\n\t<meta property=\"og:image:type\" content=\"image\/png\" \/>\n<meta name=\"twitter:card\" content=\"summary_large_image\" \/>\n<meta name=\"twitter:label1\" content=\"Dur\u00e9e de lecture estim\u00e9e\" \/>\n\t<meta name=\"twitter:data1\" content=\"1 minute\" \/>\n<script type=\"application\/ld+json\" class=\"yoast-schema-graph\">{\"@context\":\"https:\\\/\\\/schema.org\",\"@graph\":[{\"@type\":\"WebPage\",\"@id\":\"https:\\\/\\\/www.pixel-as.fr\\\/?page_id=124\",\"url\":\"https:\\\/\\\/www.pixel-as.fr\\\/?page_id=124\",\"name\":\"R\u00e8glement en ligne - Pixel AS informatique\",\"isPartOf\":{\"@id\":\"https:\\\/\\\/www.pixel-as.fr\\\/#website\"},\"primaryImageOfPage\":{\"@id\":\"https:\\\/\\\/www.pixel-as.fr\\\/?page_id=124#primaryimage\"},\"image\":{\"@id\":\"https:\\\/\\\/www.pixel-as.fr\\\/?page_id=124#primaryimage\"},\"thumbnailUrl\":\"https:\\\/\\\/www.pixel-as.fr\\\/wp-content\\\/uploads\\\/2025\\\/02\\\/reglement.png\",\"datePublished\":\"2025-02-03T10:26:52+00:00\",\"dateModified\":\"2025-03-25T14:40:28+00:00\",\"description\":\"R\u00e8glement en ligne de vos factures, modifications de vos contrats chez Pixel AS\",\"breadcrumb\":{\"@id\":\"https:\\\/\\\/www.pixel-as.fr\\\/?page_id=124#breadcrumb\"},\"inLanguage\":\"fr-FR\",\"potentialAction\":[{\"@type\":\"ReadAction\",\"target\":[\"https:\\\/\\\/www.pixel-as.fr\\\/?page_id=124\"]}]},{\"@type\":\"ImageObject\",\"inLanguage\":\"fr-FR\",\"@id\":\"https:\\\/\\\/www.pixel-as.fr\\\/?page_id=124#primaryimage\",\"url\":\"https:\\\/\\\/www.pixel-as.fr\\\/wp-content\\\/uploads\\\/2025\\\/02\\\/reglement.png\",\"contentUrl\":\"https:\\\/\\\/www.pixel-as.fr\\\/wp-content\\\/uploads\\\/2025\\\/02\\\/reglement.png\",\"width\":1016,\"height\":672,\"caption\":\"r\u00e8glement en ligne\"},{\"@type\":\"BreadcrumbList\",\"@id\":\"https:\\\/\\\/www.pixel-as.fr\\\/?page_id=124#breadcrumb\",\"itemListElement\":[{\"@type\":\"ListItem\",\"position\":1,\"name\":\"Accueil\",\"item\":\"https:\\\/\\\/www.pixel-as.fr\\\/\"},{\"@type\":\"ListItem\",\"position\":2,\"name\":\"R\u00e8glement en ligne\"}]},{\"@type\":\"WebSite\",\"@id\":\"https:\\\/\\\/www.pixel-as.fr\\\/#website\",\"url\":\"https:\\\/\\\/www.pixel-as.fr\\\/\",\"name\":\"Pixel AS informatique\",\"description\":\"Accompagnement informatique personnalis\u00e9\",\"publisher\":{\"@id\":\"https:\\\/\\\/www.pixel-as.fr\\\/#organization\"},\"potentialAction\":[{\"@type\":\"SearchAction\",\"target\":{\"@type\":\"EntryPoint\",\"urlTemplate\":\"https:\\\/\\\/www.pixel-as.fr\\\/?s={search_term_string}\"},\"query-input\":{\"@type\":\"PropertyValueSpecification\",\"valueRequired\":true,\"valueName\":\"search_term_string\"}}],\"inLanguage\":\"fr-FR\"},{\"@type\":\"Organization\",\"@id\":\"https:\\\/\\\/www.pixel-as.fr\\\/#organization\",\"name\":\"Pixel AS informatique\",\"url\":\"https:\\\/\\\/www.pixel-as.fr\\\/\",\"logo\":{\"@type\":\"ImageObject\",\"inLanguage\":\"fr-FR\",\"@id\":\"https:\\\/\\\/www.pixel-as.fr\\\/#\\\/schema\\\/logo\\\/image\\\/\",\"url\":\"https:\\\/\\\/www.pixel-as.fr\\\/wp-content\\\/uploads\\\/2025\\\/02\\\/logo.png\",\"contentUrl\":\"https:\\\/\\\/www.pixel-as.fr\\\/wp-content\\\/uploads\\\/2025\\\/02\\\/logo.png\",\"width\":587,\"height\":231,\"caption\":\"Pixel AS informatique\"},\"image\":{\"@id\":\"https:\\\/\\\/www.pixel-as.fr\\\/#\\\/schema\\\/logo\\\/image\\\/\"}}]}<\/script>\n<!-- \/ Yoast SEO plugin. -->","yoast_head_json":{"title":"R\u00e8glement en ligne - Pixel AS informatique","description":"R\u00e8glement en ligne de vos factures, modifications de vos contrats chez Pixel AS","robots":{"index":"index","follow":"follow","max-snippet":"max-snippet:-1","max-image-preview":"max-image-preview:large","max-video-preview":"max-video-preview:-1"},"canonical":"https:\/\/www.pixel-as.fr\/?page_id=124","og_locale":"fr_FR","og_type":"article","og_title":"R\u00e8glement en ligne - Pixel AS informatique","og_description":"R\u00e8glement en ligne de vos factures, modifications de vos contrats chez Pixel AS","og_url":"https:\/\/www.pixel-as.fr\/?page_id=124","og_site_name":"Pixel AS informatique","article_modified_time":"2025-03-25T14:40:28+00:00","og_image":[{"width":1016,"height":672,"url":"https:\/\/www.pixel-as.fr\/wp-content\/uploads\/2025\/02\/reglement.png","type":"image\/png"}],"twitter_card":"summary_large_image","twitter_misc":{"Dur\u00e9e de lecture estim\u00e9e":"1 minute"},"schema":{"@context":"https:\/\/schema.org","@graph":[{"@type":"WebPage","@id":"https:\/\/www.pixel-as.fr\/?page_id=124","url":"https:\/\/www.pixel-as.fr\/?page_id=124","name":"R\u00e8glement en ligne - Pixel AS informatique","isPartOf":{"@id":"https:\/\/www.pixel-as.fr\/#website"},"primaryImageOfPage":{"@id":"https:\/\/www.pixel-as.fr\/?page_id=124#primaryimage"},"image":{"@id":"https:\/\/www.pixel-as.fr\/?page_id=124#primaryimage"},"thumbnailUrl":"https:\/\/www.pixel-as.fr\/wp-content\/uploads\/2025\/02\/reglement.png","datePublished":"2025-02-03T10:26:52+00:00","dateModified":"2025-03-25T14:40:28+00:00","description":"R\u00e8glement en ligne de vos factures, modifications de vos contrats chez Pixel AS","breadcrumb":{"@id":"https:\/\/www.pixel-as.fr\/?page_id=124#breadcrumb"},"inLanguage":"fr-FR","potentialAction":[{"@type":"ReadAction","target":["https:\/\/www.pixel-as.fr\/?page_id=124"]}]},{"@type":"ImageObject","inLanguage":"fr-FR","@id":"https:\/\/www.pixel-as.fr\/?page_id=124#primaryimage","url":"https:\/\/www.pixel-as.fr\/wp-content\/uploads\/2025\/02\/reglement.png","contentUrl":"https:\/\/www.pixel-as.fr\/wp-content\/uploads\/2025\/02\/reglement.png","width":1016,"height":672,"caption":"r\u00e8glement en ligne"},{"@type":"BreadcrumbList","@id":"https:\/\/www.pixel-as.fr\/?page_id=124#breadcrumb","itemListElement":[{"@type":"ListItem","position":1,"name":"Accueil","item":"https:\/\/www.pixel-as.fr\/"},{"@type":"ListItem","position":2,"name":"R\u00e8glement en ligne"}]},{"@type":"WebSite","@id":"https:\/\/www.pixel-as.fr\/#website","url":"https:\/\/www.pixel-as.fr\/","name":"Pixel AS informatique","description":"Accompagnement informatique personnalis\u00e9","publisher":{"@id":"https:\/\/www.pixel-as.fr\/#organization"},"potentialAction":[{"@type":"SearchAction","target":{"@type":"EntryPoint","urlTemplate":"https:\/\/www.pixel-as.fr\/?s={search_term_string}"},"query-input":{"@type":"PropertyValueSpecification","valueRequired":true,"valueName":"search_term_string"}}],"inLanguage":"fr-FR"},{"@type":"Organization","@id":"https:\/\/www.pixel-as.fr\/#organization","name":"Pixel AS informatique","url":"https:\/\/www.pixel-as.fr\/","logo":{"@type":"ImageObject","inLanguage":"fr-FR","@id":"https:\/\/www.pixel-as.fr\/#\/schema\/logo\/image\/","url":"https:\/\/www.pixel-as.fr\/wp-content\/uploads\/2025\/02\/logo.png","contentUrl":"https:\/\/www.pixel-as.fr\/wp-content\/uploads\/2025\/02\/logo.png","width":587,"height":231,"caption":"Pixel AS informatique"},"image":{"@id":"https:\/\/www.pixel-as.fr\/#\/schema\/logo\/image\/"}}]}},"_links":{"self":[{"href":"https:\/\/www.pixel-as.fr\/index.php?rest_route=\/wp\/v2\/pages\/124","targetHints":{"allow":["GET"]}}],"collection":[{"href":"https:\/\/www.pixel-as.fr\/index.php?rest_route=\/wp\/v2\/pages"}],"about":[{"href":"https:\/\/www.pixel-as.fr\/index.php?rest_route=\/wp\/v2\/types\/page"}],"author":[{"embeddable":true,"href":"https:\/\/www.pixel-as.fr\/index.php?rest_route=\/wp\/v2\/users\/2"}],"replies":[{"embeddable":true,"href":"https:\/\/www.pixel-as.fr\/index.php?rest_route=%2Fwp%2Fv2%2Fcomments&post=124"}],"version-history":[{"count":31,"href":"https:\/\/www.pixel-as.fr\/index.php?rest_route=\/wp\/v2\/pages\/124\/revisions"}],"predecessor-version":[{"id":5102,"href":"https:\/\/www.pixel-as.fr\/index.php?rest_route=\/wp\/v2\/pages\/124\/revisions\/5102"}],"wp:featuredmedia":[{"embeddable":true,"href":"https:\/\/www.pixel-as.fr\/index.php?rest_route=\/wp\/v2\/media\/1891"}],"wp:attachment":[{"href":"https:\/\/www.pixel-as.fr\/index.php?rest_route=%2Fwp%2Fv2%2Fmedia&parent=124"}],"curies":[{"name":"wp","href":"https:\/\/api.w.org\/{rel}","templated":true}]}}