{"id":230,"date":"2025-02-03T15:20:42","date_gmt":"2025-02-03T14:20:42","guid":{"rendered":"https:\/\/www.lexd7920.odns.fr\/test-elementor\/?page_id=230"},"modified":"2025-03-18T10:01:05","modified_gmt":"2025-03-18T09:01:05","slug":"espace-client","status":"publish","type":"page","link":"https:\/\/www.pixel-as.fr\/?page_id=230","title":{"rendered":"Espace client"},"content":{"rendered":"\t\t<div data-elementor-type=\"wp-page\" data-elementor-id=\"230\" class=\"elementor elementor-230\" data-elementor-post-type=\"page\">\n\t\t\t\t<div class=\"elementor-element elementor-element-0a00b50 e-flex e-con-boxed e-con e-parent\" data-id=\"0a00b50\" data-element_type=\"container\" data-e-type=\"container\" data-settings=\"{&quot;background_background&quot;:&quot;classic&quot;}\">\n\t\t\t\t\t<div class=\"e-con-inner\">\n\t\t\t\t<div class=\"elementor-element elementor-element-58a815a5 elementor-icon-list--layout-inline elementor-widget__width-inherit elementor-align-center elementor-list-item-link-full_width elementor-widget elementor-widget-icon-list\" data-id=\"58a815a5\" data-element_type=\"widget\" data-e-type=\"widget\" id=\"list5\" data-widget_type=\"icon-list.default\">\n\t\t\t\t<div class=\"elementor-widget-container\">\n\t\t\t\t\t\t\t<ul class=\"elementor-icon-list-items elementor-inline-items\">\n\t\t\t\t\t\t\t<li class=\"elementor-icon-list-item elementor-inline-item\">\n\t\t\t\t\t\t\t\t\t\t<span class=\"elementor-icon-list-text\">Espace<\/span>\n\t\t\t\t\t\t\t\t\t<\/li>\n\t\t\t\t\t\t\t\t<li class=\"elementor-icon-list-item elementor-inline-item\">\n\t\t\t\t\t\t\t\t\t\t<span class=\"elementor-icon-list-text\">mon<\/span>\n\t\t\t\t\t\t\t\t\t<\/li>\n\t\t\t\t\t\t\t\t<li class=\"elementor-icon-list-item elementor-inline-item\">\n\t\t\t\t\t\t\t\t\t\t<span class=\"elementor-icon-list-text\">compte<\/span>\n\t\t\t\t\t\t\t\t\t<\/li>\n\t\t\t\t\t\t\t\t<li class=\"elementor-icon-list-item elementor-inline-item\">\n\t\t\t\t\t\t\t\t\t\t\t<span class=\"elementor-icon-list-icon\">\n\t\t\t\t\t\t\t<svg aria-hidden=\"true\" class=\"e-font-icon-svg e-fas-slash\" viewBox=\"0 0 640 512\" xmlns=\"http:\/\/www.w3.org\/2000\/svg\"><path d=\"M594.53 508.63L6.18 53.9c-6.97-5.42-8.23-15.47-2.81-22.45L23.01 6.18C28.43-.8 38.49-2.06 45.47 3.37L633.82 458.1c6.97 5.42 8.23 15.47 2.81 22.45l-19.64 25.27c-5.42 6.98-15.48 8.23-22.46 2.81z\"><\/path><\/svg>\t\t\t\t\t\t<\/span>\n\t\t\t\t\t\t\t\t\t\t<span class=\"elementor-icon-list-text\">Espace<\/span>\n\t\t\t\t\t\t\t\t\t<\/li>\n\t\t\t\t\t\t\t\t<li class=\"elementor-icon-list-item elementor-inline-item\">\n\t\t\t\t\t\t\t\t\t\t<span class=\"elementor-icon-list-text\">mon<\/span>\n\t\t\t\t\t\t\t\t\t<\/li>\n\t\t\t\t\t\t\t\t<li class=\"elementor-icon-list-item elementor-inline-item\">\n\t\t\t\t\t\t\t\t\t\t<span class=\"elementor-icon-list-text\">compte<\/span>\n\t\t\t\t\t\t\t\t\t<\/li>\n\t\t\t\t\t\t\t\t<li class=\"elementor-icon-list-item elementor-inline-item\">\n\t\t\t\t\t\t\t\t\t\t\t<span class=\"elementor-icon-list-icon\">\n\t\t\t\t\t\t\t<svg aria-hidden=\"true\" class=\"e-font-icon-svg e-fas-slash\" viewBox=\"0 0 640 512\" xmlns=\"http:\/\/www.w3.org\/2000\/svg\"><path d=\"M594.53 508.63L6.18 53.9c-6.97-5.42-8.23-15.47-2.81-22.45L23.01 6.18C28.43-.8 38.49-2.06 45.47 3.37L633.82 458.1c6.97 5.42 8.23 15.47 2.81 22.45l-19.64 25.27c-5.42 6.98-15.48 8.23-22.46 2.81z\"><\/path><\/svg>\t\t\t\t\t\t<\/span>\n\t\t\t\t\t\t\t\t\t\t<span class=\"elementor-icon-list-text\">Espace<\/span>\n\t\t\t\t\t\t\t\t\t<\/li>\n\t\t\t\t\t\t\t\t<li class=\"elementor-icon-list-item elementor-inline-item\">\n\t\t\t\t\t\t\t\t\t\t<span class=\"elementor-icon-list-text\">mon<\/span>\n\t\t\t\t\t\t\t\t\t<\/li>\n\t\t\t\t\t\t\t\t<li class=\"elementor-icon-list-item elementor-inline-item\">\n\t\t\t\t\t\t\t\t\t\t<span class=\"elementor-icon-list-text\">compte<\/span>\n\t\t\t\t\t\t\t\t\t<\/li>\n\t\t\t\t\t\t\t\t<li class=\"elementor-icon-list-item elementor-inline-item\">\n\t\t\t\t\t\t\t\t\t\t\t<span class=\"elementor-icon-list-icon\">\n\t\t\t\t\t\t\t<svg aria-hidden=\"true\" class=\"e-font-icon-svg e-fas-slash\" viewBox=\"0 0 640 512\" xmlns=\"http:\/\/www.w3.org\/2000\/svg\"><path d=\"M594.53 508.63L6.18 53.9c-6.97-5.42-8.23-15.47-2.81-22.45L23.01 6.18C28.43-.8 38.49-2.06 45.47 3.37L633.82 458.1c6.97 5.42 8.23 15.47 2.81 22.45l-19.64 25.27c-5.42 6.98-15.48 8.23-22.46 2.81z\"><\/path><\/svg>\t\t\t\t\t\t<\/span>\n\t\t\t\t\t\t\t\t\t\t<span class=\"elementor-icon-list-text\">Espace<\/span>\n\t\t\t\t\t\t\t\t\t<\/li>\n\t\t\t\t\t\t\t\t<li class=\"elementor-icon-list-item elementor-inline-item\">\n\t\t\t\t\t\t\t\t\t\t<span class=\"elementor-icon-list-text\">mon<\/span>\n\t\t\t\t\t\t\t\t\t<\/li>\n\t\t\t\t\t\t\t\t<li class=\"elementor-icon-list-item elementor-inline-item\">\n\t\t\t\t\t\t\t\t\t\t<span class=\"elementor-icon-list-text\">compte<\/span>\n\t\t\t\t\t\t\t\t\t<\/li>\n\t\t\t\t\t\t\t\t<li class=\"elementor-icon-list-item elementor-inline-item\">\n\t\t\t\t\t\t\t\t\t\t\t<span class=\"elementor-icon-list-icon\">\n\t\t\t\t\t\t\t<svg aria-hidden=\"true\" class=\"e-font-icon-svg e-fas-slash\" viewBox=\"0 0 640 512\" xmlns=\"http:\/\/www.w3.org\/2000\/svg\"><path d=\"M594.53 508.63L6.18 53.9c-6.97-5.42-8.23-15.47-2.81-22.45L23.01 6.18C28.43-.8 38.49-2.06 45.47 3.37L633.82 458.1c6.97 5.42 8.23 15.47 2.81 22.45l-19.64 25.27c-5.42 6.98-15.48 8.23-22.46 2.81z\"><\/path><\/svg>\t\t\t\t\t\t<\/span>\n\t\t\t\t\t\t\t\t\t\t<span class=\"elementor-icon-list-text\">Espace<\/span>\n\t\t\t\t\t\t\t\t\t<\/li>\n\t\t\t\t\t\t\t\t<li class=\"elementor-icon-list-item elementor-inline-item\">\n\t\t\t\t\t\t\t\t\t\t<span class=\"elementor-icon-list-text\">mon<\/span>\n\t\t\t\t\t\t\t\t\t<\/li>\n\t\t\t\t\t\t\t\t<li class=\"elementor-icon-list-item elementor-inline-item\">\n\t\t\t\t\t\t\t\t\t\t<span class=\"elementor-icon-list-text\">compte<\/span>\n\t\t\t\t\t\t\t\t\t<\/li>\n\t\t\t\t\t\t\t\t<li class=\"elementor-icon-list-item elementor-inline-item\">\n\t\t\t\t\t\t\t\t\t\t\t<span class=\"elementor-icon-list-icon\">\n\t\t\t\t\t\t\t<svg aria-hidden=\"true\" class=\"e-font-icon-svg e-fas-slash\" viewBox=\"0 0 640 512\" xmlns=\"http:\/\/www.w3.org\/2000\/svg\"><path d=\"M594.53 508.63L6.18 53.9c-6.97-5.42-8.23-15.47-2.81-22.45L23.01 6.18C28.43-.8 38.49-2.06 45.47 3.37L633.82 458.1c6.97 5.42 8.23 15.47 2.81 22.45l-19.64 25.27c-5.42 6.98-15.48 8.23-22.46 2.81z\"><\/path><\/svg>\t\t\t\t\t\t<\/span>\n\t\t\t\t\t\t\t\t\t\t<span class=\"elementor-icon-list-text\">Espace<\/span>\n\t\t\t\t\t\t\t\t\t<\/li>\n\t\t\t\t\t\t\t\t<li class=\"elementor-icon-list-item elementor-inline-item\">\n\t\t\t\t\t\t\t\t\t\t<span class=\"elementor-icon-list-text\">mon<\/span>\n\t\t\t\t\t\t\t\t\t<\/li>\n\t\t\t\t\t\t\t\t<li class=\"elementor-icon-list-item elementor-inline-item\">\n\t\t\t\t\t\t\t\t\t\t<span class=\"elementor-icon-list-text\">compte<\/span>\n\t\t\t\t\t\t\t\t\t<\/li>\n\t\t\t\t\t\t\t\t<li class=\"elementor-icon-list-item elementor-inline-item\">\n\t\t\t\t\t\t\t\t\t\t\t<span class=\"elementor-icon-list-icon\">\n\t\t\t\t\t\t\t<svg aria-hidden=\"true\" class=\"e-font-icon-svg e-fas-slash\" viewBox=\"0 0 640 512\" xmlns=\"http:\/\/www.w3.org\/2000\/svg\"><path d=\"M594.53 508.63L6.18 53.9c-6.97-5.42-8.23-15.47-2.81-22.45L23.01 6.18C28.43-.8 38.49-2.06 45.47 3.37L633.82 458.1c6.97 5.42 8.23 15.47 2.81 22.45l-19.64 25.27c-5.42 6.98-15.48 8.23-22.46 2.81z\"><\/path><\/svg>\t\t\t\t\t\t<\/span>\n\t\t\t\t\t\t\t\t\t\t<span class=\"elementor-icon-list-text\">Espace<\/span>\n\t\t\t\t\t\t\t\t\t<\/li>\n\t\t\t\t\t\t\t\t<li class=\"elementor-icon-list-item elementor-inline-item\">\n\t\t\t\t\t\t\t\t\t\t<span class=\"elementor-icon-list-text\">mon<\/span>\n\t\t\t\t\t\t\t\t\t<\/li>\n\t\t\t\t\t\t\t\t<li class=\"elementor-icon-list-item elementor-inline-item\">\n\t\t\t\t\t\t\t\t\t\t<span class=\"elementor-icon-list-text\">compte<\/span>\n\t\t\t\t\t\t\t\t\t<\/li>\n\t\t\t\t\t\t<\/ul>\n\t\t\t\t\t\t<\/div>\n\t\t\t\t<\/div>\n\t\t\t\t\t<\/div>\n\t\t\t\t<\/div>\n\t\t<div class=\"elementor-element elementor-element-00e4cc5 e-flex e-con-boxed e-con e-parent\" data-id=\"00e4cc5\" data-element_type=\"container\" data-e-type=\"container\" data-settings=\"{&quot;background_background&quot;:&quot;classic&quot;}\">\n\t\t\t\t\t<div class=\"e-con-inner\">\n\t\t\t\t<div class=\"elementor-element elementor-element-5a03731 e-my-account-tabs-vertical elementor-widget elementor-widget-woocommerce-my-account\" data-id=\"5a03731\" data-element_type=\"widget\" data-e-type=\"widget\" data-settings=\"{&quot;customize_dashboard_check&quot;:&quot;yes&quot;}\" data-widget_type=\"woocommerce-my-account.default\">\n\t\t\t\t<div class=\"elementor-widget-container\">\n\t\t\t\t\t<div class=\"e-my-account-tab e-my-account-tab__ \">\t\t\t<div class=\"woocommerce\"><div class=\"woocommerce-notices-wrapper\"><\/div>\n\n\t\t<h2>Se connecter<\/h2>\n\n\t\t<form class=\"woocommerce-form woocommerce-form-login login\" method=\"post\" novalidate>\n\n\t\t\t\n\t\t\t<p class=\"woocommerce-form-row woocommerce-form-row--wide form-row form-row-wide\">\n\t\t\t\t<label for=\"username\">Identifiant ou e-mail&nbsp;<span class=\"required\" aria-hidden=\"true\">*<\/span><span class=\"screen-reader-text\">Obligatoire<\/span><\/label>\n\t\t\t\t<input type=\"text\" class=\"woocommerce-Input woocommerce-Input--text input-text\" name=\"username\" id=\"username\" autocomplete=\"username\" value=\"\" required aria-required=\"true\" \/>\t\t\t<\/p>\n\t\t\t<p class=\"woocommerce-form-row woocommerce-form-row--wide form-row form-row-wide\">\n\t\t\t\t<label for=\"password\">Mot de passe&nbsp;<span class=\"required\" aria-hidden=\"true\">*<\/span><span class=\"screen-reader-text\">Obligatoire<\/span><\/label>\n\t\t\t\t<input class=\"woocommerce-Input woocommerce-Input--text input-text\" type=\"password\" name=\"password\" id=\"password\" autocomplete=\"current-password\" required aria-required=\"true\" \/>\n\t\t\t<\/p>\n\n\t\t\t\n\t\t\t<p class=\"form-row\">\n\t\t\t\t<label class=\"woocommerce-form__label woocommerce-form__label-for-checkbox woocommerce-form-login__rememberme\">\n\t\t\t\t\t<input class=\"woocommerce-form__input woocommerce-form__input-checkbox\" name=\"rememberme\" type=\"checkbox\" id=\"rememberme\" value=\"forever\" \/> <span>Se souvenir de moi<\/span>\n\t\t\t\t<\/label>\n\t\t\t\t<input type=\"hidden\" id=\"woocommerce-login-nonce\" name=\"woocommerce-login-nonce\" value=\"cdd20d375d\" \/><input type=\"hidden\" name=\"_wp_http_referer\" value=\"\/index.php?rest_route=%2Fwp%2Fv2%2Fpages%2F230\" \/>\t\t\t\t<button type=\"submit\" class=\"woocommerce-button button woocommerce-form-login__submit\" name=\"login\" value=\"Se connecter\">Se connecter<\/button>\n\t\t\t<\/p>\n\t\t\t<p class=\"woocommerce-LostPassword lost_password\">\n\t\t\t\t<a href=\"https:\/\/www.pixel-as.fr\/?page_id=230&#038;lost-password\">Mot de passe perdu\u00a0?<\/a>\n\t\t\t<\/p>\n\n\t\t\t\n\t\t<\/form>\n\n\n<\/div>\t\t<\/div>\n\t\t\t\t\t\t<\/div>\n\t\t\t\t<\/div>\n\t\t\t\t\t<\/div>\n\t\t\t\t<\/div>\n\t\t\t\t<\/div>\n\t\t","protected":false},"excerpt":{"rendered":"<p>Espace mon compte Espace mon compte Espace mon compte Espace mon compte Espace mon compte Espace mon compte Espace mon compte Tableau de bord Commandes T\u00e9l\u00e9chargements Adresses Moyens de paiement D\u00e9tails du compte D\u00e9connexion Bonjour Arthur CHEDAL ANGLAY (vous n\u2019\u00eates pas Arthur CHEDAL ANGLAY\u00a0? D\u00e9connexion) \u00c0 partir du tableau de bord de votre compte, vous [&hellip;]<\/p>\n","protected":false},"author":1,"featured_media":1886,"parent":0,"menu_order":0,"comment_status":"closed","ping_status":"closed","template":"","meta":{"footnotes":""},"class_list":["post-230","page","type-page","status-publish","has-post-thumbnail","hentry"],"yoast_head":"<!-- This site is optimized with the Yoast SEO plugin v27.6 - https:\/\/yoast.com\/product\/yoast-seo-wordpress\/ -->\n<title>Espace client - Pixel AS informatique<\/title>\n<meta name=\"description\" content=\"Les incontournables de l&#039;Espace client \u00b7 Retrouvez vos factures d&#039;achats \u00b7 G\u00e9rer votre compte, vos offres et contrats.\" \/>\n<meta name=\"robots\" content=\"index, follow, max-snippet:-1, max-image-preview:large, max-video-preview:-1\" \/>\n<link rel=\"canonical\" href=\"https:\/\/www.pixel-as.fr\/?page_id=230\" \/>\n<meta property=\"og:locale\" content=\"fr_FR\" \/>\n<meta property=\"og:type\" content=\"article\" \/>\n<meta property=\"og:title\" content=\"Espace client - Pixel AS informatique\" \/>\n<meta property=\"og:description\" content=\"Les incontournables de l&#039;Espace client \u00b7 Retrouvez vos factures d&#039;achats \u00b7 G\u00e9rer votre compte, vos offres et contrats.\" \/>\n<meta property=\"og:url\" content=\"https:\/\/www.pixel-as.fr\/?page_id=230\" \/>\n<meta property=\"og:site_name\" content=\"Pixel AS informatique\" \/>\n<meta property=\"article:modified_time\" content=\"2025-03-18T09:01:05+00:00\" \/>\n<meta property=\"og:image\" content=\"https:\/\/www.pixel-as.fr\/wp-content\/uploads\/2025\/02\/mon-compte.png\" \/>\n\t<meta property=\"og:image:width\" content=\"1275\" \/>\n\t<meta property=\"og:image:height\" content=\"1575\" \/>\n\t<meta property=\"og:image:type\" content=\"image\/png\" \/>\n<meta name=\"twitter:card\" content=\"summary_large_image\" \/>\n<meta name=\"twitter:label1\" content=\"Dur\u00e9e de lecture estim\u00e9e\" \/>\n\t<meta name=\"twitter:data1\" content=\"3 minutes\" \/>\n<script type=\"application\/ld+json\" class=\"yoast-schema-graph\">{\"@context\":\"https:\\\/\\\/schema.org\",\"@graph\":[{\"@type\":\"WebPage\",\"@id\":\"https:\\\/\\\/www.pixel-as.fr\\\/?page_id=230\",\"url\":\"https:\\\/\\\/www.pixel-as.fr\\\/?page_id=230\",\"name\":\"Espace client - Pixel AS informatique\",\"isPartOf\":{\"@id\":\"https:\\\/\\\/www.pixel-as.fr\\\/#website\"},\"primaryImageOfPage\":{\"@id\":\"https:\\\/\\\/www.pixel-as.fr\\\/?page_id=230#primaryimage\"},\"image\":{\"@id\":\"https:\\\/\\\/www.pixel-as.fr\\\/?page_id=230#primaryimage\"},\"thumbnailUrl\":\"https:\\\/\\\/www.pixel-as.fr\\\/wp-content\\\/uploads\\\/2025\\\/02\\\/mon-compte.png\",\"datePublished\":\"2025-02-03T14:20:42+00:00\",\"dateModified\":\"2025-03-18T09:01:05+00:00\",\"description\":\"Les incontournables de l'Espace client \u00b7 Retrouvez vos factures d'achats \u00b7 G\u00e9rer votre compte, vos offres et contrats.\",\"breadcrumb\":{\"@id\":\"https:\\\/\\\/www.pixel-as.fr\\\/?page_id=230#breadcrumb\"},\"inLanguage\":\"fr-FR\",\"potentialAction\":[{\"@type\":\"ReadAction\",\"target\":[\"https:\\\/\\\/www.pixel-as.fr\\\/?page_id=230\"]}]},{\"@type\":\"ImageObject\",\"inLanguage\":\"fr-FR\",\"@id\":\"https:\\\/\\\/www.pixel-as.fr\\\/?page_id=230#primaryimage\",\"url\":\"https:\\\/\\\/www.pixel-as.fr\\\/wp-content\\\/uploads\\\/2025\\\/02\\\/mon-compte.png\",\"contentUrl\":\"https:\\\/\\\/www.pixel-as.fr\\\/wp-content\\\/uploads\\\/2025\\\/02\\\/mon-compte.png\",\"width\":1275,\"height\":1575,\"caption\":\"espace client\"},{\"@type\":\"BreadcrumbList\",\"@id\":\"https:\\\/\\\/www.pixel-as.fr\\\/?page_id=230#breadcrumb\",\"itemListElement\":[{\"@type\":\"ListItem\",\"position\":1,\"name\":\"Accueil\",\"item\":\"https:\\\/\\\/www.pixel-as.fr\\\/\"},{\"@type\":\"ListItem\",\"position\":2,\"name\":\"Espace client\"}]},{\"@type\":\"WebSite\",\"@id\":\"https:\\\/\\\/www.pixel-as.fr\\\/#website\",\"url\":\"https:\\\/\\\/www.pixel-as.fr\\\/\",\"name\":\"Pixel AS informatique\",\"description\":\"Accompagnement informatique personnalis\u00e9\",\"publisher\":{\"@id\":\"https:\\\/\\\/www.pixel-as.fr\\\/#organization\"},\"potentialAction\":[{\"@type\":\"SearchAction\",\"target\":{\"@type\":\"EntryPoint\",\"urlTemplate\":\"https:\\\/\\\/www.pixel-as.fr\\\/?s={search_term_string}\"},\"query-input\":{\"@type\":\"PropertyValueSpecification\",\"valueRequired\":true,\"valueName\":\"search_term_string\"}}],\"inLanguage\":\"fr-FR\"},{\"@type\":\"Organization\",\"@id\":\"https:\\\/\\\/www.pixel-as.fr\\\/#organization\",\"name\":\"Pixel AS informatique\",\"url\":\"https:\\\/\\\/www.pixel-as.fr\\\/\",\"logo\":{\"@type\":\"ImageObject\",\"inLanguage\":\"fr-FR\",\"@id\":\"https:\\\/\\\/www.pixel-as.fr\\\/#\\\/schema\\\/logo\\\/image\\\/\",\"url\":\"https:\\\/\\\/www.pixel-as.fr\\\/wp-content\\\/uploads\\\/2025\\\/02\\\/logo.png\",\"contentUrl\":\"https:\\\/\\\/www.pixel-as.fr\\\/wp-content\\\/uploads\\\/2025\\\/02\\\/logo.png\",\"width\":587,\"height\":231,\"caption\":\"Pixel AS informatique\"},\"image\":{\"@id\":\"https:\\\/\\\/www.pixel-as.fr\\\/#\\\/schema\\\/logo\\\/image\\\/\"}}]}<\/script>\n<!-- \/ Yoast SEO plugin. -->","yoast_head_json":{"title":"Espace client - Pixel AS informatique","description":"Les incontournables de l'Espace client \u00b7 Retrouvez vos factures d'achats \u00b7 G\u00e9rer votre compte, vos offres et contrats.","robots":{"index":"index","follow":"follow","max-snippet":"max-snippet:-1","max-image-preview":"max-image-preview:large","max-video-preview":"max-video-preview:-1"},"canonical":"https:\/\/www.pixel-as.fr\/?page_id=230","og_locale":"fr_FR","og_type":"article","og_title":"Espace client - Pixel AS informatique","og_description":"Les incontournables de l'Espace client \u00b7 Retrouvez vos factures d'achats \u00b7 G\u00e9rer votre compte, vos offres et contrats.","og_url":"https:\/\/www.pixel-as.fr\/?page_id=230","og_site_name":"Pixel AS informatique","article_modified_time":"2025-03-18T09:01:05+00:00","og_image":[{"width":1275,"height":1575,"url":"https:\/\/www.pixel-as.fr\/wp-content\/uploads\/2025\/02\/mon-compte.png","type":"image\/png"}],"twitter_card":"summary_large_image","twitter_misc":{"Dur\u00e9e de lecture estim\u00e9e":"3 minutes"},"schema":{"@context":"https:\/\/schema.org","@graph":[{"@type":"WebPage","@id":"https:\/\/www.pixel-as.fr\/?page_id=230","url":"https:\/\/www.pixel-as.fr\/?page_id=230","name":"Espace client - Pixel AS informatique","isPartOf":{"@id":"https:\/\/www.pixel-as.fr\/#website"},"primaryImageOfPage":{"@id":"https:\/\/www.pixel-as.fr\/?page_id=230#primaryimage"},"image":{"@id":"https:\/\/www.pixel-as.fr\/?page_id=230#primaryimage"},"thumbnailUrl":"https:\/\/www.pixel-as.fr\/wp-content\/uploads\/2025\/02\/mon-compte.png","datePublished":"2025-02-03T14:20:42+00:00","dateModified":"2025-03-18T09:01:05+00:00","description":"Les incontournables de l'Espace client \u00b7 Retrouvez vos factures d'achats \u00b7 G\u00e9rer votre compte, vos offres et contrats.","breadcrumb":{"@id":"https:\/\/www.pixel-as.fr\/?page_id=230#breadcrumb"},"inLanguage":"fr-FR","potentialAction":[{"@type":"ReadAction","target":["https:\/\/www.pixel-as.fr\/?page_id=230"]}]},{"@type":"ImageObject","inLanguage":"fr-FR","@id":"https:\/\/www.pixel-as.fr\/?page_id=230#primaryimage","url":"https:\/\/www.pixel-as.fr\/wp-content\/uploads\/2025\/02\/mon-compte.png","contentUrl":"https:\/\/www.pixel-as.fr\/wp-content\/uploads\/2025\/02\/mon-compte.png","width":1275,"height":1575,"caption":"espace client"},{"@type":"BreadcrumbList","@id":"https:\/\/www.pixel-as.fr\/?page_id=230#breadcrumb","itemListElement":[{"@type":"ListItem","position":1,"name":"Accueil","item":"https:\/\/www.pixel-as.fr\/"},{"@type":"ListItem","position":2,"name":"Espace client"}]},{"@type":"WebSite","@id":"https:\/\/www.pixel-as.fr\/#website","url":"https:\/\/www.pixel-as.fr\/","name":"Pixel AS informatique","description":"Accompagnement informatique personnalis\u00e9","publisher":{"@id":"https:\/\/www.pixel-as.fr\/#organization"},"potentialAction":[{"@type":"SearchAction","target":{"@type":"EntryPoint","urlTemplate":"https:\/\/www.pixel-as.fr\/?s={search_term_string}"},"query-input":{"@type":"PropertyValueSpecification","valueRequired":true,"valueName":"search_term_string"}}],"inLanguage":"fr-FR"},{"@type":"Organization","@id":"https:\/\/www.pixel-as.fr\/#organization","name":"Pixel AS informatique","url":"https:\/\/www.pixel-as.fr\/","logo":{"@type":"ImageObject","inLanguage":"fr-FR","@id":"https:\/\/www.pixel-as.fr\/#\/schema\/logo\/image\/","url":"https:\/\/www.pixel-as.fr\/wp-content\/uploads\/2025\/02\/logo.png","contentUrl":"https:\/\/www.pixel-as.fr\/wp-content\/uploads\/2025\/02\/logo.png","width":587,"height":231,"caption":"Pixel AS informatique"},"image":{"@id":"https:\/\/www.pixel-as.fr\/#\/schema\/logo\/image\/"}}]}},"_links":{"self":[{"href":"https:\/\/www.pixel-as.fr\/index.php?rest_route=\/wp\/v2\/pages\/230","targetHints":{"allow":["GET"]}}],"collection":[{"href":"https:\/\/www.pixel-as.fr\/index.php?rest_route=\/wp\/v2\/pages"}],"about":[{"href":"https:\/\/www.pixel-as.fr\/index.php?rest_route=\/wp\/v2\/types\/page"}],"author":[{"embeddable":true,"href":"https:\/\/www.pixel-as.fr\/index.php?rest_route=\/wp\/v2\/users\/1"}],"replies":[{"embeddable":true,"href":"https:\/\/www.pixel-as.fr\/index.php?rest_route=%2Fwp%2Fv2%2Fcomments&post=230"}],"version-history":[{"count":79,"href":"https:\/\/www.pixel-as.fr\/index.php?rest_route=\/wp\/v2\/pages\/230\/revisions"}],"predecessor-version":[{"id":4819,"href":"https:\/\/www.pixel-as.fr\/index.php?rest_route=\/wp\/v2\/pages\/230\/revisions\/4819"}],"wp:featuredmedia":[{"embeddable":true,"href":"https:\/\/www.pixel-as.fr\/index.php?rest_route=\/wp\/v2\/media\/1886"}],"wp:attachment":[{"href":"https:\/\/www.pixel-as.fr\/index.php?rest_route=%2Fwp%2Fv2%2Fmedia&parent=230"}],"curies":[{"name":"wp","href":"https:\/\/api.w.org\/{rel}","templated":true}]}}