{"id":5650,"date":"2025-07-11T11:06:03","date_gmt":"2025-07-11T09:06:03","guid":{"rendered":"https:\/\/www.pixel-as.fr\/?page_id=5650"},"modified":"2025-07-15T10:28:08","modified_gmt":"2025-07-15T08:28:08","slug":"elementor-5650","status":"publish","type":"page","link":"https:\/\/www.pixel-as.fr\/?page_id=5650","title":{"rendered":"FACTURATION EN LIGNE &#8211; PIXEL AS INFORMATIQUE"},"content":{"rendered":"\t\t<div data-elementor-type=\"wp-page\" data-elementor-id=\"5650\" class=\"elementor elementor-5650\" data-elementor-post-type=\"page\">\n\t\t\t\t<div class=\"elementor-element elementor-element-4c18db7f e-con-full e-flex e-con e-parent\" data-id=\"4c18db7f\" data-element_type=\"container\" data-e-type=\"container\" data-settings=\"{&quot;background_background&quot;:&quot;classic&quot;}\">\n\t\t<div class=\"elementor-element elementor-element-6a92f0ab e-con-full e-flex e-con e-child\" data-id=\"6a92f0ab\" data-element_type=\"container\" data-e-type=\"container\" data-settings=\"{&quot;background_background&quot;:&quot;classic&quot;}\">\n\t\t\t\t<div class=\"elementor-element elementor-element-6898e97 elementor-view-stacked elementor-shape-rounded elementor-fixed elementor-widget elementor-widget-icon\" data-id=\"6898e97\" data-element_type=\"widget\" data-e-type=\"widget\" data-settings=\"{&quot;_position&quot;:&quot;fixed&quot;}\" data-widget_type=\"icon.default\">\n\t\t\t\t<div class=\"elementor-widget-container\">\n\t\t\t\t\t\t\t<div class=\"elementor-icon-wrapper\">\n\t\t\t<a class=\"elementor-icon\" href=\"https:\/\/www.pixel-as.fr\">\n\t\t\t<svg aria-hidden=\"true\" class=\"e-font-icon-svg e-fas-hand-pointer\" viewBox=\"0 0 448 512\" xmlns=\"http:\/\/www.w3.org\/2000\/svg\"><path d=\"M448 240v96c0 3.084-.356 6.159-1.063 9.162l-32 136C410.686 499.23 394.562 512 376 512H168a40.004 40.004 0 0 1-32.35-16.473l-127.997-176c-12.993-17.866-9.043-42.883 8.822-55.876 17.867-12.994 42.884-9.043 55.877 8.823L104 315.992V40c0-22.091 17.908-40 40-40s40 17.909 40 40v200h8v-40c0-22.091 17.908-40 40-40s40 17.909 40 40v40h8v-24c0-22.091 17.908-40 40-40s40 17.909 40 40v24h8c0-22.091 17.908-40 40-40s40 17.909 40 40zm-256 80h-8v96h8v-96zm88 0h-8v96h8v-96zm88 0h-8v96h8v-96z\"><\/path><\/svg>\t\t\t<\/a>\n\t\t<\/div>\n\t\t\t\t\t\t<\/div>\n\t\t\t\t<\/div>\n\t\t\t\t<\/div>\n\t\t\t\t<div class=\"elementor-element elementor-element-ba784af elementor-widget elementor-widget-theme-site-logo elementor-widget-image\" data-id=\"ba784af\" data-element_type=\"widget\" data-e-type=\"widget\" data-widget_type=\"theme-site-logo.default\">\n\t\t\t\t<div class=\"elementor-widget-container\">\n\t\t\t\t\t\t\t\t\t\t\t<a href=\"https:\/\/www.pixel-as.fr\">\n\t\t\t<img fetchpriority=\"high\" decoding=\"async\" width=\"587\" height=\"231\" src=\"https:\/\/www.pixel-as.fr\/wp-content\/uploads\/2025\/02\/logo.png\" class=\"attachment-full size-full wp-image-151\" alt=\"\" srcset=\"https:\/\/www.pixel-as.fr\/wp-content\/uploads\/2025\/02\/logo.png 587w, https:\/\/www.pixel-as.fr\/wp-content\/uploads\/2025\/02\/logo-300x118.png 300w\" sizes=\"(max-width: 587px) 100vw, 587px\" \/>\t\t\t\t<\/a>\n\t\t\t\t\t\t\t\t\t\t\t<\/div>\n\t\t\t\t<\/div>\n\t\t<div class=\"elementor-element elementor-element-1dceece5 e-con-full e-flex e-con e-child\" data-id=\"1dceece5\" data-element_type=\"container\" data-e-type=\"container\">\n\t\t\t\t<div class=\"elementor-element elementor-element-32b344d elementor-widget elementor-widget-image\" data-id=\"32b344d\" data-element_type=\"widget\" data-e-type=\"widget\" data-widget_type=\"image.default\">\n\t\t\t\t<div class=\"elementor-widget-container\">\n\t\t\t\t\t\t\t\t\t\t\t\t\t\t\t<img decoding=\"async\" width=\"150\" height=\"150\" src=\"https:\/\/www.pixel-as.fr\/wp-content\/uploads\/2025\/07\/icone-pixel-200-150x150.png\" class=\"attachment-thumbnail size-thumbnail wp-image-5672\" alt=\"\" srcset=\"https:\/\/www.pixel-as.fr\/wp-content\/uploads\/2025\/07\/icone-pixel-200-150x150.png 150w, https:\/\/www.pixel-as.fr\/wp-content\/uploads\/2025\/07\/icone-pixel-200-100x100.png 100w, https:\/\/www.pixel-as.fr\/wp-content\/uploads\/2025\/07\/icone-pixel-200.png 200w\" sizes=\"(max-width: 150px) 100vw, 150px\" \/>\t\t\t\t\t\t\t\t\t\t\t\t\t\t\t<\/div>\n\t\t\t\t<\/div>\n\t\t\t\t<div class=\"elementor-element elementor-element-60fd6ed0 animated-fast elementor-invisible elementor-widget elementor-widget-heading\" data-id=\"60fd6ed0\" data-element_type=\"widget\" data-e-type=\"widget\" data-settings=\"{&quot;_animation&quot;:&quot;fadeIn&quot;,&quot;_animation_delay&quot;:500}\" data-widget_type=\"heading.default\">\n\t\t\t\t<div class=\"elementor-widget-container\">\n\t\t\t\t\t<p class=\"elementor-heading-title elementor-size-default\">PIXEL AS INFORMATIQUE<\/p>\t\t\t\t<\/div>\n\t\t\t\t<\/div>\n\t\t\t\t<div class=\"elementor-element elementor-element-2b951bb6 elementor-widget__width-inherit animated-fast elementor-widget-tablet__width-initial elementor-widget-mobile__width-inherit elementor-invisible elementor-widget elementor-widget-heading\" data-id=\"2b951bb6\" data-element_type=\"widget\" data-e-type=\"widget\" data-settings=\"{&quot;_animation&quot;:&quot;fadeIn&quot;,&quot;_animation_delay&quot;:600}\" data-widget_type=\"heading.default\">\n\t\t\t\t<div class=\"elementor-widget-container\">\n\t\t\t\t\t<h1 class=\"elementor-heading-title elementor-size-default\">Espace Facturation<\/h1>\t\t\t\t<\/div>\n\t\t\t\t<\/div>\n\t\t\t\t<div class=\"elementor-element elementor-element-413822b animated-fast elementor-invisible elementor-widget elementor-widget-heading\" data-id=\"413822b\" data-element_type=\"widget\" data-e-type=\"widget\" data-settings=\"{&quot;_animation&quot;:&quot;fadeIn&quot;,&quot;_animation_delay&quot;:500}\" data-widget_type=\"heading.default\">\n\t\t\t\t<div class=\"elementor-widget-container\">\n\t\t\t\t\t<p class=\"elementor-heading-title elementor-size-default\">Retrouvez ici toutes vos factures \u00e9tablies en magasin : <br \/>consultation, t\u00e9l\u00e9chargement et r\u00e8glement en ligne.<\/p>\t\t\t\t<\/div>\n\t\t\t\t<\/div>\n\t\t\t\t<div class=\"elementor-element elementor-element-a4027a8 elementor-widget elementor-widget-shortcode\" data-id=\"a4027a8\" data-element_type=\"widget\" data-e-type=\"widget\" data-widget_type=\"shortcode.default\">\n\t\t\t\t<div class=\"elementor-widget-container\">\n\t\t\t\t\t\t\t<div class=\"elementor-shortcode\"><input type=\"hidden\" name=\"pixelas_return_to\" value=\"https:\/\/www.pixel-as.fr\/index.php?rest_route=%2Fwp%2Fv2%2Fpages%2F5650\"><form name=\"loginform-custom\" id=\"loginform-custom\" action=\"https:\/\/www.pixel-as.fr\/wp-login.php\" method=\"post\"><p class=\"login-username\">\n\t\t\t\t<label for=\"user_login\">Identifiant<\/label>\n\t\t\t\t<input type=\"text\" name=\"log\" id=\"user_login\" autocomplete=\"username\" class=\"input\" value=\"\" size=\"20\" \/>\n\t\t\t<\/p><p class=\"login-password\">\n\t\t\t\t<label for=\"user_pass\">Mot de passe<\/label>\n\t\t\t\t<input type=\"password\" name=\"pwd\" id=\"user_pass\" autocomplete=\"current-password\" spellcheck=\"false\" class=\"input\" value=\"\" size=\"20\" \/>\n\t\t\t<\/p><p class=\"login-remember\"><label><input name=\"rememberme\" type=\"checkbox\" id=\"rememberme\" value=\"forever\" \/> Se souvenir de moi<\/label><\/p><p class=\"login-submit\">\n\t\t\t\t<input type=\"submit\" name=\"wp-submit\" id=\"wp-submit\" class=\"button button-primary\" value=\"Se connecter\" \/>\n\t\t\t\t<input type=\"hidden\" name=\"redirect_to\" value=\"https:\/\/www.pixel-as.fr\/index.php?rest_route=%2Fwp%2Fv2%2Fpages%2F5650\" \/>\n\t\t\t<\/p><\/form><\/div>\n\t\t\t\t\t\t<\/div>\n\t\t\t\t<\/div>\n\t\t\t\t<div class=\"elementor-element elementor-element-6381a92 elementor-widget elementor-widget-shortcode\" data-id=\"6381a92\" data-element_type=\"widget\" data-e-type=\"widget\" data-widget_type=\"shortcode.default\">\n\t\t\t\t<div class=\"elementor-widget-container\">\n\t\t\t\t\t\t\t<div class=\"elementor-shortcode\"><\/div>\n\t\t\t\t\t\t<\/div>\n\t\t\t\t<\/div>\n\t\t\t\t<div class=\"elementor-element elementor-element-8d6f913 elementor-widget elementor-widget-html\" data-id=\"8d6f913\" data-element_type=\"widget\" data-e-type=\"widget\" data-widget_type=\"html.default\">\n\t\t\t\t<div class=\"elementor-widget-container\">\n\t\t\t\t\t<div id=\"bookmark-instruction\" style=\"padding: 10px; background-color: #f2f2f2; border: 1px solid #ccc; border-radius: 6px; text-align: center; max-width: 500px; margin: 20px auto; font-family: sans-serif;\">\r\n  \u2b50 <strong>Ajoutez ce site \u00e0 vos favoris<\/strong>\r\n  <p id=\"bookmark-text\" style=\"margin-top: 5px;\"><\/p>\r\n<\/div>\r\n\r\n<script>\r\n  function detectBookmarkShortcut() {\r\n    const userAgent = navigator.userAgent;\r\n    const platform = navigator.platform;\r\n\r\n    const isMac = platform.toUpperCase().indexOf('MAC') >= 0;\r\n    const isMobile = \/iPhone|iPad|iPod|Android\/i.test(userAgent);\r\n\r\n    let text = \"\";\r\n\r\n    if (isMobile) {\r\n      text = \"Appuyez sur le bouton de partage de votre navigateur, puis s\u00e9lectionnez \u00ab Ajouter \u00e0 l'\u00e9cran d'accueil \u00bb ou \u00ab Ajouter aux favoris \u00bb.\";\r\n    } else if (isMac) {\r\n      text = \"Appuyez sur <kbd>Cmd<\/kbd> + <kbd>D<\/kbd> pour ajouter cette page \u00e0 vos favoris.\";\r\n    } else {\r\n      text = \"Appuyez sur <kbd>Ctrl<\/kbd> + <kbd>D<\/kbd> pour ajouter cette page \u00e0 vos favoris.\";\r\n    }\r\n\r\n    document.getElementById(\"bookmark-text\").innerHTML = text;\r\n  }\r\n\r\n  detectBookmarkShortcut();\r\n<\/script>\r\n\t\t\t\t<\/div>\n\t\t\t\t<\/div>\n\t\t\t\t<div class=\"elementor-element elementor-element-9b01464 elementor-widget elementor-widget-text-editor\" data-id=\"9b01464\" data-element_type=\"widget\" data-e-type=\"widget\" data-widget_type=\"text-editor.default\">\n\t\t\t\t<div class=\"elementor-widget-container\">\n\t\t\t\t\t\t\t\t\t<p>\u00a9 2025 PIXEL AS INFORMATIQUE. Tous droits r\u00e9serv\u00e9s.<\/p>\t\t\t\t\t\t\t\t<\/div>\n\t\t\t\t<\/div>\n\t\t\t\t<\/div>\n\t\t\t\t<\/div>\n\t\t\t\t<\/div>\n\t\t","protected":false},"excerpt":{"rendered":"<p>PIXEL AS INFORMATIQUE Espace Facturation Retrouvez ici toutes vos factures \u00e9tablies en magasin : consultation, t\u00e9l\u00e9chargement et r\u00e8glement en ligne. \u2b50 Ajoutez ce site \u00e0 vos favoris \u00a9 2025 PIXEL AS INFORMATIQUE. Tous droits r\u00e9serv\u00e9s.<\/p>\n","protected":false},"author":1,"featured_media":0,"parent":0,"menu_order":0,"comment_status":"closed","ping_status":"closed","template":"elementor_canvas","meta":{"footnotes":""},"class_list":["post-5650","page","type-page","status-publish","hentry"],"yoast_head":"<!-- This site is optimized with the Yoast SEO plugin v27.3 - https:\/\/yoast.com\/product\/yoast-seo-wordpress\/ -->\n<title>FACTURATION EN LIGNE - PIXEL AS INFORMATIQUE - Pixel AS informatique<\/title>\n<meta name=\"robots\" content=\"index, follow, max-snippet:-1, max-image-preview:large, max-video-preview:-1\" \/>\n<link rel=\"canonical\" href=\"https:\/\/www.pixel-as.fr\/?page_id=5650\" \/>\n<meta property=\"og:locale\" content=\"fr_FR\" \/>\n<meta property=\"og:type\" content=\"article\" \/>\n<meta property=\"og:title\" content=\"FACTURATION EN LIGNE - PIXEL AS INFORMATIQUE - Pixel AS informatique\" \/>\n<meta property=\"og:description\" content=\"PIXEL AS INFORMATIQUE Espace Facturation Retrouvez ici toutes vos factures \u00e9tablies en magasin : consultation, t\u00e9l\u00e9chargement et r\u00e8glement en ligne. \u2b50 Ajoutez ce site \u00e0 vos favoris \u00a9 2025 PIXEL AS INFORMATIQUE. Tous droits r\u00e9serv\u00e9s.\" \/>\n<meta property=\"og:url\" content=\"https:\/\/www.pixel-as.fr\/?page_id=5650\" \/>\n<meta property=\"og:site_name\" content=\"Pixel AS informatique\" \/>\n<meta property=\"article:modified_time\" content=\"2025-07-15T08:28:08+00:00\" \/>\n<meta property=\"og:image\" content=\"https:\/\/www.pixel-as.fr\/wp-content\/uploads\/2025\/07\/icone-pixel-200.png\" \/>\n\t<meta property=\"og:image:width\" content=\"200\" \/>\n\t<meta property=\"og:image:height\" content=\"200\" \/>\n\t<meta property=\"og:image:type\" content=\"image\/png\" \/>\n<meta name=\"twitter:card\" content=\"summary_large_image\" \/>\n<meta name=\"twitter:label1\" content=\"Dur\u00e9e de lecture estim\u00e9e\" \/>\n\t<meta name=\"twitter:data1\" content=\"1 minute\" \/>\n<script type=\"application\/ld+json\" class=\"yoast-schema-graph\">{\"@context\":\"https:\\\/\\\/schema.org\",\"@graph\":[{\"@type\":\"WebPage\",\"@id\":\"https:\\\/\\\/www.pixel-as.fr\\\/?page_id=5650\",\"url\":\"https:\\\/\\\/www.pixel-as.fr\\\/?page_id=5650\",\"name\":\"FACTURATION EN LIGNE - PIXEL AS INFORMATIQUE - Pixel AS informatique\",\"isPartOf\":{\"@id\":\"https:\\\/\\\/www.pixel-as.fr\\\/#website\"},\"primaryImageOfPage\":{\"@id\":\"https:\\\/\\\/www.pixel-as.fr\\\/?page_id=5650#primaryimage\"},\"image\":{\"@id\":\"https:\\\/\\\/www.pixel-as.fr\\\/?page_id=5650#primaryimage\"},\"thumbnailUrl\":\"https:\\\/\\\/www.pixel-as.fr\\\/wp-content\\\/uploads\\\/2025\\\/07\\\/icone-pixel-200-150x150.png\",\"datePublished\":\"2025-07-11T09:06:03+00:00\",\"dateModified\":\"2025-07-15T08:28:08+00:00\",\"breadcrumb\":{\"@id\":\"https:\\\/\\\/www.pixel-as.fr\\\/?page_id=5650#breadcrumb\"},\"inLanguage\":\"fr-FR\",\"potentialAction\":[{\"@type\":\"ReadAction\",\"target\":[\"https:\\\/\\\/www.pixel-as.fr\\\/?page_id=5650\"]}]},{\"@type\":\"ImageObject\",\"inLanguage\":\"fr-FR\",\"@id\":\"https:\\\/\\\/www.pixel-as.fr\\\/?page_id=5650#primaryimage\",\"url\":\"https:\\\/\\\/www.pixel-as.fr\\\/wp-content\\\/uploads\\\/2025\\\/07\\\/icone-pixel-200.png\",\"contentUrl\":\"https:\\\/\\\/www.pixel-as.fr\\\/wp-content\\\/uploads\\\/2025\\\/07\\\/icone-pixel-200.png\",\"width\":200,\"height\":200},{\"@type\":\"BreadcrumbList\",\"@id\":\"https:\\\/\\\/www.pixel-as.fr\\\/?page_id=5650#breadcrumb\",\"itemListElement\":[{\"@type\":\"ListItem\",\"position\":1,\"name\":\"Accueil\",\"item\":\"https:\\\/\\\/www.pixel-as.fr\\\/\"},{\"@type\":\"ListItem\",\"position\":2,\"name\":\"FACTURATION EN LIGNE &#8211; PIXEL AS INFORMATIQUE\"}]},{\"@type\":\"WebSite\",\"@id\":\"https:\\\/\\\/www.pixel-as.fr\\\/#website\",\"url\":\"https:\\\/\\\/www.pixel-as.fr\\\/\",\"name\":\"Pixel AS informatique\",\"description\":\"Accompagnement informatique personnalis\u00e9\",\"publisher\":{\"@id\":\"https:\\\/\\\/www.pixel-as.fr\\\/#organization\"},\"potentialAction\":[{\"@type\":\"SearchAction\",\"target\":{\"@type\":\"EntryPoint\",\"urlTemplate\":\"https:\\\/\\\/www.pixel-as.fr\\\/?s={search_term_string}\"},\"query-input\":{\"@type\":\"PropertyValueSpecification\",\"valueRequired\":true,\"valueName\":\"search_term_string\"}}],\"inLanguage\":\"fr-FR\"},{\"@type\":\"Organization\",\"@id\":\"https:\\\/\\\/www.pixel-as.fr\\\/#organization\",\"name\":\"Pixel AS informatique\",\"url\":\"https:\\\/\\\/www.pixel-as.fr\\\/\",\"logo\":{\"@type\":\"ImageObject\",\"inLanguage\":\"fr-FR\",\"@id\":\"https:\\\/\\\/www.pixel-as.fr\\\/#\\\/schema\\\/logo\\\/image\\\/\",\"url\":\"https:\\\/\\\/www.pixel-as.fr\\\/wp-content\\\/uploads\\\/2025\\\/02\\\/logo.png\",\"contentUrl\":\"https:\\\/\\\/www.pixel-as.fr\\\/wp-content\\\/uploads\\\/2025\\\/02\\\/logo.png\",\"width\":587,\"height\":231,\"caption\":\"Pixel AS informatique\"},\"image\":{\"@id\":\"https:\\\/\\\/www.pixel-as.fr\\\/#\\\/schema\\\/logo\\\/image\\\/\"}}]}<\/script>\n<!-- \/ Yoast SEO plugin. -->","yoast_head_json":{"title":"FACTURATION EN LIGNE - PIXEL AS INFORMATIQUE - Pixel AS informatique","robots":{"index":"index","follow":"follow","max-snippet":"max-snippet:-1","max-image-preview":"max-image-preview:large","max-video-preview":"max-video-preview:-1"},"canonical":"https:\/\/www.pixel-as.fr\/?page_id=5650","og_locale":"fr_FR","og_type":"article","og_title":"FACTURATION EN LIGNE - PIXEL AS INFORMATIQUE - Pixel AS informatique","og_description":"PIXEL AS INFORMATIQUE Espace Facturation Retrouvez ici toutes vos factures \u00e9tablies en magasin : consultation, t\u00e9l\u00e9chargement et r\u00e8glement en ligne. \u2b50 Ajoutez ce site \u00e0 vos favoris \u00a9 2025 PIXEL AS INFORMATIQUE. Tous droits r\u00e9serv\u00e9s.","og_url":"https:\/\/www.pixel-as.fr\/?page_id=5650","og_site_name":"Pixel AS informatique","article_modified_time":"2025-07-15T08:28:08+00:00","og_image":[{"width":200,"height":200,"url":"https:\/\/www.pixel-as.fr\/wp-content\/uploads\/2025\/07\/icone-pixel-200.png","type":"image\/png"}],"twitter_card":"summary_large_image","twitter_misc":{"Dur\u00e9e de lecture estim\u00e9e":"1 minute"},"schema":{"@context":"https:\/\/schema.org","@graph":[{"@type":"WebPage","@id":"https:\/\/www.pixel-as.fr\/?page_id=5650","url":"https:\/\/www.pixel-as.fr\/?page_id=5650","name":"FACTURATION EN LIGNE - PIXEL AS INFORMATIQUE - Pixel AS informatique","isPartOf":{"@id":"https:\/\/www.pixel-as.fr\/#website"},"primaryImageOfPage":{"@id":"https:\/\/www.pixel-as.fr\/?page_id=5650#primaryimage"},"image":{"@id":"https:\/\/www.pixel-as.fr\/?page_id=5650#primaryimage"},"thumbnailUrl":"https:\/\/www.pixel-as.fr\/wp-content\/uploads\/2025\/07\/icone-pixel-200-150x150.png","datePublished":"2025-07-11T09:06:03+00:00","dateModified":"2025-07-15T08:28:08+00:00","breadcrumb":{"@id":"https:\/\/www.pixel-as.fr\/?page_id=5650#breadcrumb"},"inLanguage":"fr-FR","potentialAction":[{"@type":"ReadAction","target":["https:\/\/www.pixel-as.fr\/?page_id=5650"]}]},{"@type":"ImageObject","inLanguage":"fr-FR","@id":"https:\/\/www.pixel-as.fr\/?page_id=5650#primaryimage","url":"https:\/\/www.pixel-as.fr\/wp-content\/uploads\/2025\/07\/icone-pixel-200.png","contentUrl":"https:\/\/www.pixel-as.fr\/wp-content\/uploads\/2025\/07\/icone-pixel-200.png","width":200,"height":200},{"@type":"BreadcrumbList","@id":"https:\/\/www.pixel-as.fr\/?page_id=5650#breadcrumb","itemListElement":[{"@type":"ListItem","position":1,"name":"Accueil","item":"https:\/\/www.pixel-as.fr\/"},{"@type":"ListItem","position":2,"name":"FACTURATION EN LIGNE &#8211; PIXEL AS INFORMATIQUE"}]},{"@type":"WebSite","@id":"https:\/\/www.pixel-as.fr\/#website","url":"https:\/\/www.pixel-as.fr\/","name":"Pixel AS informatique","description":"Accompagnement informatique personnalis\u00e9","publisher":{"@id":"https:\/\/www.pixel-as.fr\/#organization"},"potentialAction":[{"@type":"SearchAction","target":{"@type":"EntryPoint","urlTemplate":"https:\/\/www.pixel-as.fr\/?s={search_term_string}"},"query-input":{"@type":"PropertyValueSpecification","valueRequired":true,"valueName":"search_term_string"}}],"inLanguage":"fr-FR"},{"@type":"Organization","@id":"https:\/\/www.pixel-as.fr\/#organization","name":"Pixel AS informatique","url":"https:\/\/www.pixel-as.fr\/","logo":{"@type":"ImageObject","inLanguage":"fr-FR","@id":"https:\/\/www.pixel-as.fr\/#\/schema\/logo\/image\/","url":"https:\/\/www.pixel-as.fr\/wp-content\/uploads\/2025\/02\/logo.png","contentUrl":"https:\/\/www.pixel-as.fr\/wp-content\/uploads\/2025\/02\/logo.png","width":587,"height":231,"caption":"Pixel AS informatique"},"image":{"@id":"https:\/\/www.pixel-as.fr\/#\/schema\/logo\/image\/"}}]}},"_links":{"self":[{"href":"https:\/\/www.pixel-as.fr\/index.php?rest_route=\/wp\/v2\/pages\/5650","targetHints":{"allow":["GET"]}}],"collection":[{"href":"https:\/\/www.pixel-as.fr\/index.php?rest_route=\/wp\/v2\/pages"}],"about":[{"href":"https:\/\/www.pixel-as.fr\/index.php?rest_route=\/wp\/v2\/types\/page"}],"author":[{"embeddable":true,"href":"https:\/\/www.pixel-as.fr\/index.php?rest_route=\/wp\/v2\/users\/1"}],"replies":[{"embeddable":true,"href":"https:\/\/www.pixel-as.fr\/index.php?rest_route=%2Fwp%2Fv2%2Fcomments&post=5650"}],"version-history":[{"count":109,"href":"https:\/\/www.pixel-as.fr\/index.php?rest_route=\/wp\/v2\/pages\/5650\/revisions"}],"predecessor-version":[{"id":5771,"href":"https:\/\/www.pixel-as.fr\/index.php?rest_route=\/wp\/v2\/pages\/5650\/revisions\/5771"}],"wp:attachment":[{"href":"https:\/\/www.pixel-as.fr\/index.php?rest_route=%2Fwp%2Fv2%2Fmedia&parent=5650"}],"curies":[{"name":"wp","href":"https:\/\/api.w.org\/{rel}","templated":true}]}}