{"id":78,"date":"2025-02-03T11:10:03","date_gmt":"2025-02-03T10:10:03","guid":{"rendered":"https:\/\/www.lexd7920.odns.fr\/test-elementor\/?page_id=78"},"modified":"2025-03-25T09:42:07","modified_gmt":"2025-03-25T08:42:07","slug":"reparations","status":"publish","type":"page","link":"https:\/\/www.pixel-as.fr\/?page_id=78","title":{"rendered":"R\u00e9parations"},"content":{"rendered":"\t\t<div data-elementor-type=\"wp-page\" data-elementor-id=\"78\" class=\"elementor elementor-78\" data-elementor-post-type=\"page\">\n\t\t\t\t<div class=\"elementor-element elementor-element-29c10cf e-flex e-con-boxed e-con e-parent\" data-id=\"29c10cf\" data-element_type=\"container\" data-e-type=\"container\" data-settings=\"{&quot;background_background&quot;:&quot;classic&quot;}\">\n\t\t\t\t\t<div class=\"e-con-inner\">\n\t\t<div class=\"elementor-element elementor-element-45657b4 e-con-full e-flex e-con e-child\" data-id=\"45657b4\" data-element_type=\"container\" data-e-type=\"container\" data-settings=\"{&quot;background_background&quot;:&quot;classic&quot;}\">\n\t\t\t\t<div class=\"elementor-element elementor-element-ad0c7cb elementor-widget elementor-widget-heading\" data-id=\"ad0c7cb\" data-element_type=\"widget\" data-e-type=\"widget\" data-widget_type=\"heading.default\">\n\t\t\t\t<div class=\"elementor-widget-container\">\n\t\t\t\t\t<h2 class=\"elementor-heading-title elementor-size-default\">R\u00e9parations<\/h2>\t\t\t\t<\/div>\n\t\t\t\t<\/div>\n\t\t\t\t<div class=\"elementor-element elementor-element-d55a57f elementor-widget elementor-widget-text-editor\" data-id=\"d55a57f\" data-element_type=\"widget\" data-e-type=\"widget\" data-widget_type=\"text-editor.default\">\n\t\t\t\t<div class=\"elementor-widget-container\">\n\t\t\t\t\t\t\t\t\t<p>Chez Pixel AS, nous offrons des <strong>services de r\u00e9parations<\/strong> complets pour vos appareils informatiques. Que ce soit des ordinateurs <strong>portables<\/strong>, des ordinateurs de<strong> bureau<\/strong> des<strong> tout-en-un<\/strong> ou encore des <strong>imprimantes<\/strong>.<\/p><p>Une identification rapide des probl\u00e8mes mat\u00e9riels et\/ou logiciels, suivi de solutions de adapt\u00e9es pour remettre votre appareil en \u00e9tat de marche.<\/p><p>Nous nous engageons \u00e0 offrir des services de r\u00e9paration de mat\u00e9riels informatiques rapides et fiables. Nos techniciens qualifi\u00e9s utilise des outils et des technologies de pointe pour diagnostiquer et r\u00e9soudre les probl\u00e8mes avec efficacit\u00e9.<\/p><p>De plus, un services de <strong>r\u00e9cup\u00e9ration de donn\u00e9es<\/strong> en cas de panne est possible ainsi que l<strong>\u2018installation de nouveaux logiciels<\/strong>,<strong> mises \u00e0 jour de syst\u00e8mes<\/strong> <strong>d\u2019exploitation<\/strong> et configuration de nouveaux p\u00e9riph\u00e9riques.<\/p>\t\t\t\t\t\t\t\t<\/div>\n\t\t\t\t<\/div>\n\t\t\t\t<div class=\"elementor-element elementor-element-d0a9277 elementor-widget elementor-widget-heading\" data-id=\"d0a9277\" data-element_type=\"widget\" data-e-type=\"widget\" data-widget_type=\"heading.default\">\n\t\t\t\t<div class=\"elementor-widget-container\">\n\t\t\t\t\t<h2 class=\"elementor-heading-title elementor-size-default\">Nos services de r\u00e9parations en atelier<\/h2>\t\t\t\t<\/div>\n\t\t\t\t<\/div>\n\t\t\t\t<\/div>\n\t\t\t\t\t<\/div>\n\t\t\t\t<\/div>\n\t\t<div class=\"elementor-element elementor-element-80592af e-grid e-con-boxed e-con e-parent\" data-id=\"80592af\" data-element_type=\"container\" data-e-type=\"container\" data-settings=\"{&quot;background_background&quot;:&quot;classic&quot;}\">\n\t\t\t\t\t<div class=\"e-con-inner\">\n\t\t<div class=\"elementor-element elementor-element-06ce920 e-grid e-con-full e-con e-child\" data-id=\"06ce920\" data-element_type=\"container\" data-e-type=\"container\">\n\t\t\t\t<div class=\"elementor-element elementor-element-59573be elementor-widget elementor-widget-image\" data-id=\"59573be\" data-element_type=\"widget\" data-e-type=\"widget\" data-widget_type=\"image.default\">\n\t\t\t\t<div class=\"elementor-widget-container\">\n\t\t\t\t\t\t\t\t\t\t\t\t\t\t\t<img fetchpriority=\"high\" decoding=\"async\" width=\"800\" height=\"531\" src=\"https:\/\/www.pixel-as.fr\/wp-content\/uploads\/2025\/02\/repa-pc-bureau.png\" class=\"attachment-large size-large wp-image-496\" alt=\"r\u00e9parations pc bureau\" srcset=\"https:\/\/www.pixel-as.fr\/wp-content\/uploads\/2025\/02\/repa-pc-bureau.png 1003w, https:\/\/www.pixel-as.fr\/wp-content\/uploads\/2025\/02\/repa-pc-bureau-600x398.png 600w, https:\/\/www.pixel-as.fr\/wp-content\/uploads\/2025\/02\/repa-pc-bureau-300x199.png 300w, https:\/\/www.pixel-as.fr\/wp-content\/uploads\/2025\/02\/repa-pc-bureau-768x510.png 768w\" sizes=\"(max-width: 800px) 100vw, 800px\" \/>\t\t\t\t\t\t\t\t\t\t\t\t\t\t\t<\/div>\n\t\t\t\t<\/div>\n\t\t\t\t<div class=\"elementor-element elementor-element-77687d8 elementor-widget elementor-widget-heading\" data-id=\"77687d8\" data-element_type=\"widget\" data-e-type=\"widget\" data-widget_type=\"heading.default\">\n\t\t\t\t<div class=\"elementor-widget-container\">\n\t\t\t\t\t<h4 class=\"elementor-heading-title elementor-size-default\">Pc de Bureau et Serveur<\/h4>\t\t\t\t<\/div>\n\t\t\t\t<\/div>\n\t\t\t\t<\/div>\n\t\t<div class=\"elementor-element elementor-element-f9ca769 e-grid e-con-full e-con e-child\" data-id=\"f9ca769\" data-element_type=\"container\" data-e-type=\"container\">\n\t\t\t\t<div class=\"elementor-element elementor-element-3f9e483 elementor-widget elementor-widget-image\" data-id=\"3f9e483\" data-element_type=\"widget\" data-e-type=\"widget\" data-widget_type=\"image.default\">\n\t\t\t\t<div class=\"elementor-widget-container\">\n\t\t\t\t\t\t\t\t\t\t\t\t\t\t\t<img decoding=\"async\" width=\"800\" height=\"516\" src=\"https:\/\/www.pixel-as.fr\/wp-content\/uploads\/2025\/02\/repa-pc-portable.png\" class=\"attachment-large size-large wp-image-497\" alt=\"r\u00e9parations pc portable\" srcset=\"https:\/\/www.pixel-as.fr\/wp-content\/uploads\/2025\/02\/repa-pc-portable.png 1014w, https:\/\/www.pixel-as.fr\/wp-content\/uploads\/2025\/02\/repa-pc-portable-600x387.png 600w, https:\/\/www.pixel-as.fr\/wp-content\/uploads\/2025\/02\/repa-pc-portable-300x193.png 300w, https:\/\/www.pixel-as.fr\/wp-content\/uploads\/2025\/02\/repa-pc-portable-768x495.png 768w\" sizes=\"(max-width: 800px) 100vw, 800px\" \/>\t\t\t\t\t\t\t\t\t\t\t\t\t\t\t<\/div>\n\t\t\t\t<\/div>\n\t\t\t\t<div class=\"elementor-element elementor-element-c3f948b elementor-widget elementor-widget-heading\" data-id=\"c3f948b\" data-element_type=\"widget\" data-e-type=\"widget\" data-widget_type=\"heading.default\">\n\t\t\t\t<div class=\"elementor-widget-container\">\n\t\t\t\t\t<h4 class=\"elementor-heading-title elementor-size-default\">Pc Portable<\/h4>\t\t\t\t<\/div>\n\t\t\t\t<\/div>\n\t\t\t\t<\/div>\n\t\t<div class=\"elementor-element elementor-element-3605253 e-grid e-con-full e-con e-child\" data-id=\"3605253\" data-element_type=\"container\" data-e-type=\"container\">\n\t\t\t\t<div class=\"elementor-element elementor-element-c331fd3 elementor-widget elementor-widget-image\" data-id=\"c331fd3\" data-element_type=\"widget\" data-e-type=\"widget\" data-widget_type=\"image.default\">\n\t\t\t\t<div class=\"elementor-widget-container\">\n\t\t\t\t\t\t\t\t\t\t\t\t\t\t\t<img decoding=\"async\" width=\"800\" height=\"527\" src=\"https:\/\/www.pixel-as.fr\/wp-content\/uploads\/2025\/02\/repa-imprimante.png\" class=\"attachment-large size-large wp-image-499\" alt=\"r\u00e9parations imprimante\" srcset=\"https:\/\/www.pixel-as.fr\/wp-content\/uploads\/2025\/02\/repa-imprimante.png 1010w, https:\/\/www.pixel-as.fr\/wp-content\/uploads\/2025\/02\/repa-imprimante-600x395.png 600w, https:\/\/www.pixel-as.fr\/wp-content\/uploads\/2025\/02\/repa-imprimante-300x198.png 300w, https:\/\/www.pixel-as.fr\/wp-content\/uploads\/2025\/02\/repa-imprimante-768x506.png 768w\" sizes=\"(max-width: 800px) 100vw, 800px\" \/>\t\t\t\t\t\t\t\t\t\t\t\t\t\t\t<\/div>\n\t\t\t\t<\/div>\n\t\t\t\t<div class=\"elementor-element elementor-element-6192c89 elementor-widget elementor-widget-heading\" data-id=\"6192c89\" data-element_type=\"widget\" data-e-type=\"widget\" data-widget_type=\"heading.default\">\n\t\t\t\t<div class=\"elementor-widget-container\">\n\t\t\t\t\t<h4 class=\"elementor-heading-title elementor-size-default\">Imprimante<\/h4>\t\t\t\t<\/div>\n\t\t\t\t<\/div>\n\t\t\t\t<\/div>\n\t\t\t\t\t<\/div>\n\t\t\t\t<\/div>\n\t\t<div class=\"elementor-element elementor-element-4a3a1cb e-flex e-con-boxed e-con e-parent\" data-id=\"4a3a1cb\" data-element_type=\"container\" data-e-type=\"container\" data-settings=\"{&quot;background_background&quot;:&quot;classic&quot;}\">\n\t\t\t\t\t<div class=\"e-con-inner\">\n\t\t<div class=\"elementor-element elementor-element-49be2b7 e-con-full e-flex e-con e-child\" data-id=\"49be2b7\" data-element_type=\"container\" data-e-type=\"container\">\n\t\t\t\t<div class=\"elementor-element elementor-element-41a575b elementor-widget-divider--view-line elementor-widget elementor-widget-divider\" data-id=\"41a575b\" data-element_type=\"widget\" data-e-type=\"widget\" data-widget_type=\"divider.default\">\n\t\t\t\t<div class=\"elementor-widget-container\">\n\t\t\t\t\t\t\t<div class=\"elementor-divider\">\n\t\t\t<span class=\"elementor-divider-separator\">\n\t\t\t\t\t\t<\/span>\n\t\t<\/div>\n\t\t\t\t\t\t<\/div>\n\t\t\t\t<\/div>\n\t\t\t\t<div class=\"elementor-element elementor-element-af00dc8 elementor-widget elementor-widget-heading\" data-id=\"af00dc8\" data-element_type=\"widget\" data-e-type=\"widget\" data-widget_type=\"heading.default\">\n\t\t\t\t<div class=\"elementor-widget-container\">\n\t\t\t\t\t<h2 class=\"elementor-heading-title elementor-size-default\">\nOptimisation et r\u00e9paration du syst\u00e8me\n\n<\/h2>\t\t\t\t<\/div>\n\t\t\t\t<\/div>\n\t\t\t\t<div class=\"elementor-element elementor-element-62a9ebf elementor-widget elementor-widget-text-editor\" data-id=\"62a9ebf\" data-element_type=\"widget\" data-e-type=\"widget\" data-widget_type=\"text-editor.default\">\n\t\t\t\t<div class=\"elementor-widget-container\">\n\t\t\t\t\t\t\t\t\t<p><strong>En effet, l\u2019optimisation des logiciels et du syst\u00e8me d\u2019exploitation est essentielle pour garantir des performances maximales et une utilisation fluide de votre ordinateur.<\/strong><\/p>\t\t\t\t\t\t\t\t<\/div>\n\t\t\t\t<\/div>\n\t\t\t\t<\/div>\n\t\t\t\t\t<\/div>\n\t\t\t\t<\/div>\n\t\t<div class=\"elementor-element elementor-element-de8ba2f e-flex e-con-boxed e-con e-parent\" data-id=\"de8ba2f\" data-element_type=\"container\" data-e-type=\"container\" data-settings=\"{&quot;background_background&quot;:&quot;classic&quot;}\">\n\t\t\t\t\t<div class=\"e-con-inner\">\n\t\t<div class=\"elementor-element elementor-element-8b29888 e-con-full e-flex e-con e-child\" data-id=\"8b29888\" data-element_type=\"container\" data-e-type=\"container\">\n\t\t\t\t<div class=\"elementor-element elementor-element-c40d3df elementor-widget elementor-widget-image\" data-id=\"c40d3df\" data-element_type=\"widget\" data-e-type=\"widget\" data-widget_type=\"image.default\">\n\t\t\t\t<div class=\"elementor-widget-container\">\n\t\t\t\t\t\t\t\t\t\t\t\t\t\t\t<img loading=\"lazy\" decoding=\"async\" width=\"300\" height=\"300\" src=\"https:\/\/www.pixel-as.fr\/wp-content\/uploads\/2025\/02\/Pink-Watercolor-Thank-You-Note-Card2-300x300.png\" class=\"attachment-woocommerce_thumbnail size-woocommerce_thumbnail wp-image-501\" alt=\"\" srcset=\"https:\/\/www.pixel-as.fr\/wp-content\/uploads\/2025\/02\/Pink-Watercolor-Thank-You-Note-Card2-300x300.png 300w, https:\/\/www.pixel-as.fr\/wp-content\/uploads\/2025\/02\/Pink-Watercolor-Thank-You-Note-Card2-100x100.png 100w, https:\/\/www.pixel-as.fr\/wp-content\/uploads\/2025\/02\/Pink-Watercolor-Thank-You-Note-Card2-150x150.png 150w\" sizes=\"(max-width: 300px) 100vw, 300px\" \/>\t\t\t\t\t\t\t\t\t\t\t\t\t\t\t<\/div>\n\t\t\t\t<\/div>\n\t\t\t\t<\/div>\n\t\t<div class=\"elementor-element elementor-element-205610d e-con-full e-flex e-con e-child\" data-id=\"205610d\" data-element_type=\"container\" data-e-type=\"container\">\n\t\t\t\t<div class=\"elementor-element elementor-element-333834f elementor-widget elementor-widget-text-editor\" data-id=\"333834f\" data-element_type=\"widget\" data-e-type=\"widget\" data-widget_type=\"text-editor.default\">\n\t\t\t\t<div class=\"elementor-widget-container\">\n\t\t\t\t\t\t\t\t\t<div class=\"elementor-element elementor-element-8c0a2e0 elementor-widget elementor-widget-text-editor\" data-id=\"8c0a2e0\" data-element_type=\"widget\" data-widget_type=\"text-editor.default\"><div class=\"elementor-widget-container\"><p>Tout d\u2019abord, nous disposons des comp\u00e9tences et des outils n\u00e9cessaires pour identifier et r\u00e9soudre les probl\u00e8mes de performance, garantissant ainsi un fonctionnement fluide de votre appareil.<\/p><p>De plus, nous pouvons effectuer des mises \u00e0 jour essentielles et configurer les param\u00e8tres de s\u00e9curit\u00e9 pour prot\u00e9ger vos donn\u00e9es contre les menaces potentielles.<\/p><p>Enfin, cette intervention prolonge la dur\u00e9e de vie de votre ordinateur, cela \u00e9vite les pannes et assure une maintenance r\u00e9guli\u00e8re.<\/p><p>En somme, optimiser son logiciel est un investissement judicieux pour maintenir votre mat\u00e9riel informatique en parfait \u00e9tat de marche.<\/p><\/div><\/div>\t\t\t\t\t\t\t\t<\/div>\n\t\t\t\t<\/div>\n\t\t\t\t<\/div>\n\t\t\t\t\t<\/div>\n\t\t\t\t<\/div>\n\t\t<div class=\"elementor-element elementor-element-58c3eda e-flex e-con-boxed e-con e-parent\" data-id=\"58c3eda\" data-element_type=\"container\" data-e-type=\"container\" data-settings=\"{&quot;background_background&quot;:&quot;classic&quot;}\">\n\t\t\t\t\t<div class=\"e-con-inner\">\n\t\t\t\t<div class=\"elementor-element elementor-element-4a2faba elementor-widget elementor-widget-text-editor\" data-id=\"4a2faba\" data-element_type=\"widget\" data-e-type=\"widget\" data-widget_type=\"text-editor.default\">\n\t\t\t\t<div class=\"elementor-widget-container\">\n\t\t\t\t\t\t\t\t\t<p><strong>En choisissant Pixel AS, vous optez pour une entreprise qui valorise l\u2019efficacit\u00e9, la qualit\u00e9 et la satisfaction client. Faites confiance \u00e0 notre expertise pour remettre vos \u00e9quipements informatiques en \u00e9tat de marche.<\/strong><\/p>\t\t\t\t\t\t\t\t<\/div>\n\t\t\t\t<\/div>\n\t\t\t\t<div class=\"elementor-element elementor-element-7bdc449 elementor-widget elementor-widget-text-editor\" data-id=\"7bdc449\" data-element_type=\"widget\" data-e-type=\"widget\" data-widget_type=\"text-editor.default\">\n\t\t\t\t<div class=\"elementor-widget-container\">\n\t\t\t\t\t\t\t\t\t<div class=\"elementor-element elementor-element-98c85fd elementor-widget elementor-widget-spacer\" data-id=\"98c85fd\" data-element_type=\"widget\" data-widget_type=\"spacer.default\"><div class=\"elementor-widget-container\"><div class=\"elementor-spacer\"><div class=\"elementor-spacer-inner\">\u00a0<\/div><\/div><\/div><\/div><div class=\"elementor-element elementor-element-f7f1353 elementor-widget elementor-widget-heading\" data-id=\"f7f1353\" data-element_type=\"widget\" data-widget_type=\"heading.default\"><div class=\"elementor-widget-container\"><h2 class=\"elementor-heading-title elementor-size-default\"><a href=\"https:\/\/www.pixel-as.fr\/?page_id=84\"><span style=\"text-decoration: underline;\">N&#8217;h\u00e9sitez pas \u00e0 nous contacter ou \u00e0 visiter notre magasin pour toute demande de r\u00e9paration ou d&#8217;information. Nous sommes l\u00e0 pour vous aider !<\/span><\/a><\/h2><\/div><\/div>\t\t\t\t\t\t\t\t<\/div>\n\t\t\t\t<\/div>\n\t\t\t\t\t<\/div>\n\t\t\t\t<\/div>\n\t\t\t\t<\/div>\n\t\t","protected":false},"excerpt":{"rendered":"<p>R\u00e9parations Chez Pixel AS, nous offrons des services de r\u00e9parations complets pour vos appareils informatiques. Que ce soit des ordinateurs portables, des ordinateurs de bureau des tout-en-un ou encore des imprimantes. Une identification rapide des probl\u00e8mes mat\u00e9riels et\/ou logiciels, suivi de solutions de adapt\u00e9es pour remettre votre appareil en \u00e9tat de marche. Nous nous engageons [&hellip;]<\/p>\n","protected":false},"author":2,"featured_media":159,"parent":0,"menu_order":0,"comment_status":"closed","ping_status":"closed","template":"","meta":{"footnotes":""},"class_list":["post-78","page","type-page","status-publish","has-post-thumbnail","hentry"],"yoast_head":"<!-- This site is optimized with the Yoast SEO plugin v27.5 - https:\/\/yoast.com\/product\/yoast-seo-wordpress\/ -->\n<title>R\u00e9parations - Pixel AS informatique<\/title>\n<meta name=\"description\" content=\"Services de r\u00e9parations informatique, ordinateurs, tablettes, imprimantes. Identification rapide des probl\u00e8mes avec solution adapt\u00e9\" \/>\n<meta name=\"robots\" content=\"index, follow, max-snippet:-1, max-image-preview:large, max-video-preview:-1\" \/>\n<link rel=\"canonical\" href=\"https:\/\/www.pixel-as.fr\/?page_id=78\" \/>\n<meta property=\"og:locale\" content=\"fr_FR\" \/>\n<meta property=\"og:type\" content=\"article\" \/>\n<meta property=\"og:title\" content=\"R\u00e9parations - Pixel AS informatique\" \/>\n<meta property=\"og:description\" content=\"Services de r\u00e9parations informatique, ordinateurs, tablettes, imprimantes. Identification rapide des probl\u00e8mes avec solution adapt\u00e9\" \/>\n<meta property=\"og:url\" content=\"https:\/\/www.pixel-as.fr\/?page_id=78\" \/>\n<meta property=\"og:site_name\" content=\"Pixel AS informatique\" \/>\n<meta property=\"article:modified_time\" content=\"2025-03-25T08:42:07+00:00\" \/>\n<meta property=\"og:image\" content=\"https:\/\/www.pixel-as.fr\/wp-content\/uploads\/2025\/02\/reparation.jpg\" \/>\n\t<meta property=\"og:image:width\" content=\"259\" \/>\n\t<meta property=\"og:image:height\" content=\"194\" \/>\n\t<meta property=\"og:image:type\" content=\"image\/jpeg\" \/>\n<meta name=\"twitter:card\" content=\"summary_large_image\" \/>\n<meta name=\"twitter:label1\" content=\"Dur\u00e9e de lecture estim\u00e9e\" \/>\n\t<meta name=\"twitter:data1\" content=\"3 minutes\" \/>\n<script type=\"application\/ld+json\" class=\"yoast-schema-graph\">{\"@context\":\"https:\\\/\\\/schema.org\",\"@graph\":[{\"@type\":\"WebPage\",\"@id\":\"https:\\\/\\\/www.pixel-as.fr\\\/?page_id=78\",\"url\":\"https:\\\/\\\/www.pixel-as.fr\\\/?page_id=78\",\"name\":\"R\u00e9parations - Pixel AS informatique\",\"isPartOf\":{\"@id\":\"https:\\\/\\\/www.pixel-as.fr\\\/#website\"},\"primaryImageOfPage\":{\"@id\":\"https:\\\/\\\/www.pixel-as.fr\\\/?page_id=78#primaryimage\"},\"image\":{\"@id\":\"https:\\\/\\\/www.pixel-as.fr\\\/?page_id=78#primaryimage\"},\"thumbnailUrl\":\"https:\\\/\\\/www.pixel-as.fr\\\/wp-content\\\/uploads\\\/2025\\\/02\\\/reparation.jpg\",\"datePublished\":\"2025-02-03T10:10:03+00:00\",\"dateModified\":\"2025-03-25T08:42:07+00:00\",\"description\":\"Services de r\u00e9parations informatique, ordinateurs, tablettes, imprimantes. Identification rapide des probl\u00e8mes avec solution adapt\u00e9\",\"breadcrumb\":{\"@id\":\"https:\\\/\\\/www.pixel-as.fr\\\/?page_id=78#breadcrumb\"},\"inLanguage\":\"fr-FR\",\"potentialAction\":[{\"@type\":\"ReadAction\",\"target\":[\"https:\\\/\\\/www.pixel-as.fr\\\/?page_id=78\"]}]},{\"@type\":\"ImageObject\",\"inLanguage\":\"fr-FR\",\"@id\":\"https:\\\/\\\/www.pixel-as.fr\\\/?page_id=78#primaryimage\",\"url\":\"https:\\\/\\\/www.pixel-as.fr\\\/wp-content\\\/uploads\\\/2025\\\/02\\\/reparation.jpg\",\"contentUrl\":\"https:\\\/\\\/www.pixel-as.fr\\\/wp-content\\\/uploads\\\/2025\\\/02\\\/reparation.jpg\",\"width\":259,\"height\":194,\"caption\":\"R\u00e9paration mat\u00e9riel informatique\"},{\"@type\":\"BreadcrumbList\",\"@id\":\"https:\\\/\\\/www.pixel-as.fr\\\/?page_id=78#breadcrumb\",\"itemListElement\":[{\"@type\":\"ListItem\",\"position\":1,\"name\":\"Accueil\",\"item\":\"https:\\\/\\\/www.pixel-as.fr\\\/\"},{\"@type\":\"ListItem\",\"position\":2,\"name\":\"R\u00e9parations\"}]},{\"@type\":\"WebSite\",\"@id\":\"https:\\\/\\\/www.pixel-as.fr\\\/#website\",\"url\":\"https:\\\/\\\/www.pixel-as.fr\\\/\",\"name\":\"Pixel AS informatique\",\"description\":\"Accompagnement informatique personnalis\u00e9\",\"publisher\":{\"@id\":\"https:\\\/\\\/www.pixel-as.fr\\\/#organization\"},\"potentialAction\":[{\"@type\":\"SearchAction\",\"target\":{\"@type\":\"EntryPoint\",\"urlTemplate\":\"https:\\\/\\\/www.pixel-as.fr\\\/?s={search_term_string}\"},\"query-input\":{\"@type\":\"PropertyValueSpecification\",\"valueRequired\":true,\"valueName\":\"search_term_string\"}}],\"inLanguage\":\"fr-FR\"},{\"@type\":\"Organization\",\"@id\":\"https:\\\/\\\/www.pixel-as.fr\\\/#organization\",\"name\":\"Pixel AS informatique\",\"url\":\"https:\\\/\\\/www.pixel-as.fr\\\/\",\"logo\":{\"@type\":\"ImageObject\",\"inLanguage\":\"fr-FR\",\"@id\":\"https:\\\/\\\/www.pixel-as.fr\\\/#\\\/schema\\\/logo\\\/image\\\/\",\"url\":\"https:\\\/\\\/www.pixel-as.fr\\\/wp-content\\\/uploads\\\/2025\\\/02\\\/logo.png\",\"contentUrl\":\"https:\\\/\\\/www.pixel-as.fr\\\/wp-content\\\/uploads\\\/2025\\\/02\\\/logo.png\",\"width\":587,\"height\":231,\"caption\":\"Pixel AS informatique\"},\"image\":{\"@id\":\"https:\\\/\\\/www.pixel-as.fr\\\/#\\\/schema\\\/logo\\\/image\\\/\"}}]}<\/script>\n<!-- \/ Yoast SEO plugin. -->","yoast_head_json":{"title":"R\u00e9parations - Pixel AS informatique","description":"Services de r\u00e9parations informatique, ordinateurs, tablettes, imprimantes. Identification rapide des probl\u00e8mes avec solution adapt\u00e9","robots":{"index":"index","follow":"follow","max-snippet":"max-snippet:-1","max-image-preview":"max-image-preview:large","max-video-preview":"max-video-preview:-1"},"canonical":"https:\/\/www.pixel-as.fr\/?page_id=78","og_locale":"fr_FR","og_type":"article","og_title":"R\u00e9parations - Pixel AS informatique","og_description":"Services de r\u00e9parations informatique, ordinateurs, tablettes, imprimantes. Identification rapide des probl\u00e8mes avec solution adapt\u00e9","og_url":"https:\/\/www.pixel-as.fr\/?page_id=78","og_site_name":"Pixel AS informatique","article_modified_time":"2025-03-25T08:42:07+00:00","og_image":[{"width":259,"height":194,"url":"https:\/\/www.pixel-as.fr\/wp-content\/uploads\/2025\/02\/reparation.jpg","type":"image\/jpeg"}],"twitter_card":"summary_large_image","twitter_misc":{"Dur\u00e9e de lecture estim\u00e9e":"3 minutes"},"schema":{"@context":"https:\/\/schema.org","@graph":[{"@type":"WebPage","@id":"https:\/\/www.pixel-as.fr\/?page_id=78","url":"https:\/\/www.pixel-as.fr\/?page_id=78","name":"R\u00e9parations - Pixel AS informatique","isPartOf":{"@id":"https:\/\/www.pixel-as.fr\/#website"},"primaryImageOfPage":{"@id":"https:\/\/www.pixel-as.fr\/?page_id=78#primaryimage"},"image":{"@id":"https:\/\/www.pixel-as.fr\/?page_id=78#primaryimage"},"thumbnailUrl":"https:\/\/www.pixel-as.fr\/wp-content\/uploads\/2025\/02\/reparation.jpg","datePublished":"2025-02-03T10:10:03+00:00","dateModified":"2025-03-25T08:42:07+00:00","description":"Services de r\u00e9parations informatique, ordinateurs, tablettes, imprimantes. Identification rapide des probl\u00e8mes avec solution adapt\u00e9","breadcrumb":{"@id":"https:\/\/www.pixel-as.fr\/?page_id=78#breadcrumb"},"inLanguage":"fr-FR","potentialAction":[{"@type":"ReadAction","target":["https:\/\/www.pixel-as.fr\/?page_id=78"]}]},{"@type":"ImageObject","inLanguage":"fr-FR","@id":"https:\/\/www.pixel-as.fr\/?page_id=78#primaryimage","url":"https:\/\/www.pixel-as.fr\/wp-content\/uploads\/2025\/02\/reparation.jpg","contentUrl":"https:\/\/www.pixel-as.fr\/wp-content\/uploads\/2025\/02\/reparation.jpg","width":259,"height":194,"caption":"R\u00e9paration mat\u00e9riel informatique"},{"@type":"BreadcrumbList","@id":"https:\/\/www.pixel-as.fr\/?page_id=78#breadcrumb","itemListElement":[{"@type":"ListItem","position":1,"name":"Accueil","item":"https:\/\/www.pixel-as.fr\/"},{"@type":"ListItem","position":2,"name":"R\u00e9parations"}]},{"@type":"WebSite","@id":"https:\/\/www.pixel-as.fr\/#website","url":"https:\/\/www.pixel-as.fr\/","name":"Pixel AS informatique","description":"Accompagnement informatique personnalis\u00e9","publisher":{"@id":"https:\/\/www.pixel-as.fr\/#organization"},"potentialAction":[{"@type":"SearchAction","target":{"@type":"EntryPoint","urlTemplate":"https:\/\/www.pixel-as.fr\/?s={search_term_string}"},"query-input":{"@type":"PropertyValueSpecification","valueRequired":true,"valueName":"search_term_string"}}],"inLanguage":"fr-FR"},{"@type":"Organization","@id":"https:\/\/www.pixel-as.fr\/#organization","name":"Pixel AS informatique","url":"https:\/\/www.pixel-as.fr\/","logo":{"@type":"ImageObject","inLanguage":"fr-FR","@id":"https:\/\/www.pixel-as.fr\/#\/schema\/logo\/image\/","url":"https:\/\/www.pixel-as.fr\/wp-content\/uploads\/2025\/02\/logo.png","contentUrl":"https:\/\/www.pixel-as.fr\/wp-content\/uploads\/2025\/02\/logo.png","width":587,"height":231,"caption":"Pixel AS informatique"},"image":{"@id":"https:\/\/www.pixel-as.fr\/#\/schema\/logo\/image\/"}}]}},"_links":{"self":[{"href":"https:\/\/www.pixel-as.fr\/index.php?rest_route=\/wp\/v2\/pages\/78","targetHints":{"allow":["GET"]}}],"collection":[{"href":"https:\/\/www.pixel-as.fr\/index.php?rest_route=\/wp\/v2\/pages"}],"about":[{"href":"https:\/\/www.pixel-as.fr\/index.php?rest_route=\/wp\/v2\/types\/page"}],"author":[{"embeddable":true,"href":"https:\/\/www.pixel-as.fr\/index.php?rest_route=\/wp\/v2\/users\/2"}],"replies":[{"embeddable":true,"href":"https:\/\/www.pixel-as.fr\/index.php?rest_route=%2Fwp%2Fv2%2Fcomments&post=78"}],"version-history":[{"count":40,"href":"https:\/\/www.pixel-as.fr\/index.php?rest_route=\/wp\/v2\/pages\/78\/revisions"}],"predecessor-version":[{"id":5056,"href":"https:\/\/www.pixel-as.fr\/index.php?rest_route=\/wp\/v2\/pages\/78\/revisions\/5056"}],"wp:featuredmedia":[{"embeddable":true,"href":"https:\/\/www.pixel-as.fr\/index.php?rest_route=\/wp\/v2\/media\/159"}],"wp:attachment":[{"href":"https:\/\/www.pixel-as.fr\/index.php?rest_route=%2Fwp%2Fv2%2Fmedia&parent=78"}],"curies":[{"name":"wp","href":"https:\/\/api.w.org\/{rel}","templated":true}]}}