{"id":1897,"date":"2025-03-04T10:07:06","date_gmt":"2025-03-04T09:07:06","guid":{"rendered":"https:\/\/www.lexd7920.odns.fr\/test-elementor\/?post_type=product&#038;p=1897"},"modified":"2025-03-18T10:55:22","modified_gmt":"2025-03-18T09:55:22","slug":"dell-latitude-7480-reconditionne","status":"publish","type":"product","link":"https:\/\/www.pixel-as.fr\/?product=dell-latitude-7480-reconditionne","title":{"rendered":"DELL Latitude 7480 Reconditionn\u00e9 A-"},"content":{"rendered":"<p>Ecran 14 pouces Full HD &#8211; 1920 x 1080<br \/>\nStockage et m\u00e9moire : 16 Go de RAM, SSD 256 Go<br \/>\nProcesseur : Intel Core i7-7600U<br \/>\nCarte graphique : Intel HD 620<br \/>\nConnectivit\u00e9 : 1 prise jack universelle, 2 ports USB 3.0 (dont un avec fonction Power Share), 1 lecteur de carte m\u00e9moire SD 4.0, 1 port RJ-45, 1 port HDMI, 1 emplacement pour carte SIM Syst\u00e8me d&#8217;exploitation : Windows 10 Professionnel<\/p>\n","protected":false},"excerpt":{"rendered":"<p>Intel core i7-7600U<br \/>\nWindows 10 pro<br \/>\nSSD 500Go<br \/>\n16Go RAM<br \/>\nWebcam, Wifi, HDMI<\/p>\n<p>Selon arrivage<\/p>\n","protected":false},"featured_media":3981,"template":"","meta":[],"product_brand":[],"product_cat":[32],"product_tag":[],"class_list":{"0":"post-1897","1":"product","2":"type-product","3":"status-publish","4":"has-post-thumbnail","6":"product_cat-reconditionne","8":"first","9":"outofstock","10":"taxable","11":"shipping-taxable","12":"purchasable","13":"product-type-simple"},"yoast_head":"<!-- This site is optimized with the Yoast SEO plugin v27.5 - https:\/\/yoast.com\/product\/yoast-seo-wordpress\/ -->\n<title>DELL Latitude 7480 Reconditionn\u00e9 A- Pixel AS informatique<\/title>\n<meta name=\"description\" content=\"Principaux points forts du DELL latitude 7480 \u00b7 Ecran 14 pouces Full HD \u00b7 Stockage et m\u00e9moire : 16 Go de RAM, SSD 256 Go \u00b7 Processeur : Intel Core i7-7600U\" \/>\n<meta name=\"robots\" content=\"index, follow, max-snippet:-1, max-image-preview:large, max-video-preview:-1\" \/>\n<link rel=\"canonical\" href=\"https:\/\/www.pixel-as.fr\/?product=dell-latitude-7480-reconditionne\" \/>\n<meta property=\"og:locale\" content=\"fr_FR\" \/>\n<meta property=\"og:type\" content=\"article\" \/>\n<meta property=\"og:title\" content=\"DELL Latitude 7480 Reconditionn\u00e9 A- Pixel AS informatique\" \/>\n<meta property=\"og:description\" content=\"Principaux points forts du DELL latitude 7480 \u00b7 Ecran 14 pouces Full HD \u00b7 Stockage et m\u00e9moire : 16 Go de RAM, SSD 256 Go \u00b7 Processeur : Intel Core i7-7600U\" \/>\n<meta property=\"og:url\" content=\"https:\/\/www.pixel-as.fr\/?product=dell-latitude-7480-reconditionne\" \/>\n<meta property=\"og:site_name\" content=\"Pixel AS informatique\" \/>\n<meta property=\"article:modified_time\" content=\"2025-03-18T09:55:22+00:00\" \/>\n<meta name=\"twitter:card\" content=\"summary_large_image\" \/>\n<meta name=\"twitter:label1\" content=\"Dur\u00e9e de lecture estim\u00e9e\" \/>\n\t<meta name=\"twitter:data1\" content=\"1 minute\" \/>\n<script type=\"application\/ld+json\" class=\"yoast-schema-graph\">{\"@context\":\"https:\\\/\\\/schema.org\",\"@graph\":[{\"@type\":\"WebPage\",\"@id\":\"https:\\\/\\\/www.pixel-as.fr\\\/?product=dell-latitude-7480-reconditionne\",\"url\":\"https:\\\/\\\/www.pixel-as.fr\\\/?product=dell-latitude-7480-reconditionne\",\"name\":\"DELL Latitude 7480 Reconditionn\u00e9 A- Pixel AS informatique\",\"isPartOf\":{\"@id\":\"https:\\\/\\\/www.pixel-as.fr\\\/#website\"},\"primaryImageOfPage\":{\"@id\":\"https:\\\/\\\/www.pixel-as.fr\\\/?product=dell-latitude-7480-reconditionne#primaryimage\"},\"image\":{\"@id\":\"https:\\\/\\\/www.pixel-as.fr\\\/?product=dell-latitude-7480-reconditionne#primaryimage\"},\"thumbnailUrl\":\"https:\\\/\\\/www.pixel-as.fr\\\/wp-content\\\/uploads\\\/2025\\\/03\\\/35cacb73-e3fd-4b87-b4a0-ce7cd022b1ff-2_e39ee574-8fec-4e9f-9984-a1664e64a394.avif\",\"datePublished\":\"2025-03-04T09:07:06+00:00\",\"dateModified\":\"2025-03-18T09:55:22+00:00\",\"description\":\"Principaux points forts du DELL latitude 7480 \u00b7 Ecran 14 pouces Full HD \u00b7 Stockage et m\u00e9moire : 16 Go de RAM, SSD 256 Go \u00b7 Processeur : Intel Core i7-7600U\",\"breadcrumb\":{\"@id\":\"https:\\\/\\\/www.pixel-as.fr\\\/?product=dell-latitude-7480-reconditionne#breadcrumb\"},\"inLanguage\":\"fr-FR\",\"potentialAction\":[{\"@type\":\"ReadAction\",\"target\":[\"https:\\\/\\\/www.pixel-as.fr\\\/?product=dell-latitude-7480-reconditionne\"]}]},{\"@type\":\"ImageObject\",\"inLanguage\":\"fr-FR\",\"@id\":\"https:\\\/\\\/www.pixel-as.fr\\\/?product=dell-latitude-7480-reconditionne#primaryimage\",\"url\":\"https:\\\/\\\/www.pixel-as.fr\\\/wp-content\\\/uploads\\\/2025\\\/03\\\/35cacb73-e3fd-4b87-b4a0-ce7cd022b1ff-2_e39ee574-8fec-4e9f-9984-a1664e64a394.avif\",\"contentUrl\":\"https:\\\/\\\/www.pixel-as.fr\\\/wp-content\\\/uploads\\\/2025\\\/03\\\/35cacb73-e3fd-4b87-b4a0-ce7cd022b1ff-2_e39ee574-8fec-4e9f-9984-a1664e64a394.avif\",\"width\":500,\"height\":500,\"caption\":\"DELL latitude 7480 reconditionn\u00e9\"},{\"@type\":\"BreadcrumbList\",\"@id\":\"https:\\\/\\\/www.pixel-as.fr\\\/?product=dell-latitude-7480-reconditionne#breadcrumb\",\"itemListElement\":[{\"@type\":\"ListItem\",\"position\":1,\"name\":\"Accueil\",\"item\":\"https:\\\/\\\/www.pixel-as.fr\\\/\"},{\"@type\":\"ListItem\",\"position\":2,\"name\":\"Boutique\",\"item\":\"https:\\\/\\\/www.pixel-as.fr\\\/?page_id=227\"},{\"@type\":\"ListItem\",\"position\":3,\"name\":\"DELL Latitude 7480 Reconditionn\u00e9 A-\"}]},{\"@type\":\"WebSite\",\"@id\":\"https:\\\/\\\/www.pixel-as.fr\\\/#website\",\"url\":\"https:\\\/\\\/www.pixel-as.fr\\\/\",\"name\":\"Pixel AS informatique\",\"description\":\"Accompagnement informatique personnalis\u00e9\",\"publisher\":{\"@id\":\"https:\\\/\\\/www.pixel-as.fr\\\/#organization\"},\"potentialAction\":[{\"@type\":\"SearchAction\",\"target\":{\"@type\":\"EntryPoint\",\"urlTemplate\":\"https:\\\/\\\/www.pixel-as.fr\\\/?s={search_term_string}\"},\"query-input\":{\"@type\":\"PropertyValueSpecification\",\"valueRequired\":true,\"valueName\":\"search_term_string\"}}],\"inLanguage\":\"fr-FR\"},{\"@type\":\"Organization\",\"@id\":\"https:\\\/\\\/www.pixel-as.fr\\\/#organization\",\"name\":\"Pixel AS informatique\",\"url\":\"https:\\\/\\\/www.pixel-as.fr\\\/\",\"logo\":{\"@type\":\"ImageObject\",\"inLanguage\":\"fr-FR\",\"@id\":\"https:\\\/\\\/www.pixel-as.fr\\\/#\\\/schema\\\/logo\\\/image\\\/\",\"url\":\"https:\\\/\\\/www.pixel-as.fr\\\/wp-content\\\/uploads\\\/2025\\\/02\\\/logo.png\",\"contentUrl\":\"https:\\\/\\\/www.pixel-as.fr\\\/wp-content\\\/uploads\\\/2025\\\/02\\\/logo.png\",\"width\":587,\"height\":231,\"caption\":\"Pixel AS informatique\"},\"image\":{\"@id\":\"https:\\\/\\\/www.pixel-as.fr\\\/#\\\/schema\\\/logo\\\/image\\\/\"}}]}<\/script>\n<!-- \/ Yoast SEO plugin. -->","yoast_head_json":{"title":"DELL Latitude 7480 Reconditionn\u00e9 A- Pixel AS informatique","description":"Principaux points forts du DELL latitude 7480 \u00b7 Ecran 14 pouces Full HD \u00b7 Stockage et m\u00e9moire : 16 Go de RAM, SSD 256 Go \u00b7 Processeur : Intel Core i7-7600U","robots":{"index":"index","follow":"follow","max-snippet":"max-snippet:-1","max-image-preview":"max-image-preview:large","max-video-preview":"max-video-preview:-1"},"canonical":"https:\/\/www.pixel-as.fr\/?product=dell-latitude-7480-reconditionne","og_locale":"fr_FR","og_type":"article","og_title":"DELL Latitude 7480 Reconditionn\u00e9 A- Pixel AS informatique","og_description":"Principaux points forts du DELL latitude 7480 \u00b7 Ecran 14 pouces Full HD \u00b7 Stockage et m\u00e9moire : 16 Go de RAM, SSD 256 Go \u00b7 Processeur : Intel Core i7-7600U","og_url":"https:\/\/www.pixel-as.fr\/?product=dell-latitude-7480-reconditionne","og_site_name":"Pixel AS informatique","article_modified_time":"2025-03-18T09:55:22+00:00","twitter_card":"summary_large_image","twitter_misc":{"Dur\u00e9e de lecture estim\u00e9e":"1 minute"},"schema":{"@context":"https:\/\/schema.org","@graph":[{"@type":"WebPage","@id":"https:\/\/www.pixel-as.fr\/?product=dell-latitude-7480-reconditionne","url":"https:\/\/www.pixel-as.fr\/?product=dell-latitude-7480-reconditionne","name":"DELL Latitude 7480 Reconditionn\u00e9 A- Pixel AS informatique","isPartOf":{"@id":"https:\/\/www.pixel-as.fr\/#website"},"primaryImageOfPage":{"@id":"https:\/\/www.pixel-as.fr\/?product=dell-latitude-7480-reconditionne#primaryimage"},"image":{"@id":"https:\/\/www.pixel-as.fr\/?product=dell-latitude-7480-reconditionne#primaryimage"},"thumbnailUrl":"https:\/\/www.pixel-as.fr\/wp-content\/uploads\/2025\/03\/35cacb73-e3fd-4b87-b4a0-ce7cd022b1ff-2_e39ee574-8fec-4e9f-9984-a1664e64a394.avif","datePublished":"2025-03-04T09:07:06+00:00","dateModified":"2025-03-18T09:55:22+00:00","description":"Principaux points forts du DELL latitude 7480 \u00b7 Ecran 14 pouces Full HD \u00b7 Stockage et m\u00e9moire : 16 Go de RAM, SSD 256 Go \u00b7 Processeur : Intel Core i7-7600U","breadcrumb":{"@id":"https:\/\/www.pixel-as.fr\/?product=dell-latitude-7480-reconditionne#breadcrumb"},"inLanguage":"fr-FR","potentialAction":[{"@type":"ReadAction","target":["https:\/\/www.pixel-as.fr\/?product=dell-latitude-7480-reconditionne"]}]},{"@type":"ImageObject","inLanguage":"fr-FR","@id":"https:\/\/www.pixel-as.fr\/?product=dell-latitude-7480-reconditionne#primaryimage","url":"https:\/\/www.pixel-as.fr\/wp-content\/uploads\/2025\/03\/35cacb73-e3fd-4b87-b4a0-ce7cd022b1ff-2_e39ee574-8fec-4e9f-9984-a1664e64a394.avif","contentUrl":"https:\/\/www.pixel-as.fr\/wp-content\/uploads\/2025\/03\/35cacb73-e3fd-4b87-b4a0-ce7cd022b1ff-2_e39ee574-8fec-4e9f-9984-a1664e64a394.avif","width":500,"height":500,"caption":"DELL latitude 7480 reconditionn\u00e9"},{"@type":"BreadcrumbList","@id":"https:\/\/www.pixel-as.fr\/?product=dell-latitude-7480-reconditionne#breadcrumb","itemListElement":[{"@type":"ListItem","position":1,"name":"Accueil","item":"https:\/\/www.pixel-as.fr\/"},{"@type":"ListItem","position":2,"name":"Boutique","item":"https:\/\/www.pixel-as.fr\/?page_id=227"},{"@type":"ListItem","position":3,"name":"DELL Latitude 7480 Reconditionn\u00e9 A-"}]},{"@type":"WebSite","@id":"https:\/\/www.pixel-as.fr\/#website","url":"https:\/\/www.pixel-as.fr\/","name":"Pixel AS informatique","description":"Accompagnement informatique personnalis\u00e9","publisher":{"@id":"https:\/\/www.pixel-as.fr\/#organization"},"potentialAction":[{"@type":"SearchAction","target":{"@type":"EntryPoint","urlTemplate":"https:\/\/www.pixel-as.fr\/?s={search_term_string}"},"query-input":{"@type":"PropertyValueSpecification","valueRequired":true,"valueName":"search_term_string"}}],"inLanguage":"fr-FR"},{"@type":"Organization","@id":"https:\/\/www.pixel-as.fr\/#organization","name":"Pixel AS informatique","url":"https:\/\/www.pixel-as.fr\/","logo":{"@type":"ImageObject","inLanguage":"fr-FR","@id":"https:\/\/www.pixel-as.fr\/#\/schema\/logo\/image\/","url":"https:\/\/www.pixel-as.fr\/wp-content\/uploads\/2025\/02\/logo.png","contentUrl":"https:\/\/www.pixel-as.fr\/wp-content\/uploads\/2025\/02\/logo.png","width":587,"height":231,"caption":"Pixel AS informatique"},"image":{"@id":"https:\/\/www.pixel-as.fr\/#\/schema\/logo\/image\/"}}]}},"_links":{"self":[{"href":"https:\/\/www.pixel-as.fr\/index.php?rest_route=\/wp\/v2\/product\/1897","targetHints":{"allow":["GET"]}}],"collection":[{"href":"https:\/\/www.pixel-as.fr\/index.php?rest_route=\/wp\/v2\/product"}],"about":[{"href":"https:\/\/www.pixel-as.fr\/index.php?rest_route=\/wp\/v2\/types\/product"}],"version-history":[{"count":3,"href":"https:\/\/www.pixel-as.fr\/index.php?rest_route=\/wp\/v2\/product\/1897\/revisions"}],"predecessor-version":[{"id":4813,"href":"https:\/\/www.pixel-as.fr\/index.php?rest_route=\/wp\/v2\/product\/1897\/revisions\/4813"}],"wp:featuredmedia":[{"embeddable":true,"href":"https:\/\/www.pixel-as.fr\/index.php?rest_route=\/wp\/v2\/media\/3981"}],"wp:attachment":[{"href":"https:\/\/www.pixel-as.fr\/index.php?rest_route=%2Fwp%2Fv2%2Fmedia&parent=1897"}],"wp:term":[{"taxonomy":"product_brand","embeddable":true,"href":"https:\/\/www.pixel-as.fr\/index.php?rest_route=%2Fwp%2Fv2%2Fproduct_brand&post=1897"},{"taxonomy":"product_cat","embeddable":true,"href":"https:\/\/www.pixel-as.fr\/index.php?rest_route=%2Fwp%2Fv2%2Fproduct_cat&post=1897"},{"taxonomy":"product_tag","embeddable":true,"href":"https:\/\/www.pixel-as.fr\/index.php?rest_route=%2Fwp%2Fv2%2Fproduct_tag&post=1897"}],"curies":[{"name":"wp","href":"https:\/\/api.w.org\/{rel}","templated":true}]}}