{"id":2401,"date":"2025-03-04T10:01:02","date_gmt":"2025-03-04T09:01:02","guid":{"rendered":"https:\/\/www.lexd7920.odns.fr\/test-elementor\/?product=terra-pc-mini-3540-fanless-2"},"modified":"2025-03-04T11:38:29","modified_gmt":"2025-03-04T10:38:29","slug":"terra-pc-mini-3540-fanless-2","status":"publish","type":"product","link":"https:\/\/www.pixel-as.fr\/?product=terra-pc-mini-3540-fanless-2","title":{"rendered":"TERRA PC-Mini 3540 Fanless"},"content":{"rendered":"<table>\n<tr>\n<td><strong><\/strong><\/td>\n<td><strong>G\u00e9n\u00e9ral<\/strong><\/td>\n<\/tr>\n<tr>\n<td><strong>Mod\u00e8le de processeur<\/strong><\/td>\n<td>Intel\u00ae Pentium\u00ae Silver Processor J5005 (4M Cache, up to 2.80 GHz)<\/td>\n<\/tr>\n<tr>\n<td><strong>Syst\u00e8me d&#8217;exploitation<\/strong><\/td>\n<td>Windows 11 Pro<\/td>\n<\/tr>\n<tr>\n<td><strong><\/strong><\/td>\n<td><strong>Logiciel<\/strong><\/td>\n<\/tr>\n<tr>\n<td><strong>Logiciels pr\u00e9-install\u00e9s<\/strong><\/td>\n<td>Version d&#8217;\u00e9valuation de 30 jours du Microsoft\u00ae 365 pour nouveaux clients.<\/td>\n<\/tr>\n<tr>\n<td><strong><\/strong><\/td>\n<td><strong>Processeur<\/strong><\/td>\n<\/tr>\n<tr>\n<td><strong>Famille de processeur<\/strong><\/td>\n<td>Pentium<\/td>\n<\/tr>\n<tr>\n<td><strong>Nombre de coeurs de processeurs<\/strong><\/td>\n<td>Quad-Core (4 Core)<\/td>\n<\/tr>\n<tr>\n<td><strong>Socket de processeur (r\u00e9ceptable de processeur)<\/strong><\/td>\n<td>Embedded in SOC<\/td>\n<\/tr>\n<tr>\n<td><strong>Nombre de processeurs<\/strong><\/td>\n<td>1<\/td>\n<\/tr>\n<tr>\n<td><strong><\/strong><\/td>\n<td><strong>M\u00e9moire<\/strong><\/td>\n<\/tr>\n<tr>\n<td><strong>M\u00e9moire interne<\/strong><\/td>\n<td>8 Go<\/td>\n<\/tr>\n<tr>\n<td><strong>Configuration de la m\u00e9moire (fente x taille)<\/strong><\/td>\n<td>1 x 8 Go<\/td>\n<\/tr>\n<tr>\n<td><strong>M\u00e9moire interne maximale<\/strong><\/td>\n<td>16 Go<\/td>\n<\/tr>\n<tr>\n<td><strong>Fr\u00e9quence de la m\u00e9moire<\/strong><\/td>\n<td>3200 MHz<\/td>\n<\/tr>\n<tr>\n<td><strong>Type de m\u00e9moire interne<\/strong><\/td>\n<td>DDR4<\/td>\n<\/tr>\n<tr>\n<td><strong>Emplacements m\u00e9moire<\/strong><\/td>\n<td>1 pi\u00e8ce(s) 1 pi\u00e8ce(s)<\/td>\n<\/tr>\n<tr>\n<td><strong>Support de m\u00e9moire<\/strong><\/td>\n<td>SO-DIMM, 204-pin<\/td>\n<\/tr>\n<tr>\n<td><strong><\/strong><\/td>\n<td><strong>Support de stockage<\/strong><\/td>\n<\/tr>\n<tr>\n<td><strong>Capacit\u00e9 totale de stockage<\/strong><\/td>\n<td>240 Go<\/td>\n<\/tr>\n<tr>\n<td><strong>Interface du disque dur<\/strong><\/td>\n<td>1x M.2 Key B socket (2242 \/ 2260 \/ 2280) SATA<\/td>\n<\/tr>\n<tr>\n<td><strong>Interface du Solid State Drive (SSD)<\/strong><\/td>\n<td>SATA-3<\/td>\n<\/tr>\n<tr>\n<td><strong>Capacit\u00e9 du Solid State Drive (SSD)<\/strong><\/td>\n<td>240 Go<\/td>\n<\/tr>\n<tr>\n<td><strong>Capacit\u00e9 disque dur<\/strong><\/td>\n<td>1 x 240 GB &#8211; SSD<\/td>\n<\/tr>\n<tr>\n<td><strong>Nombre d&#8217;unit\u00e9s de stockage pris en charge<\/strong><\/td>\n<td>1 pi\u00e8ce(s)<\/td>\n<\/tr>\n<tr>\n<td><strong>Supports de stockage<\/strong><\/td>\n<td>SSD M.2<\/td>\n<\/tr>\n<tr>\n<td><strong><\/strong><\/td>\n<td><strong>repr\u00e9sentation \/ r\u00e9alisation<\/strong><\/td>\n<\/tr>\n<tr>\n<td><strong>position de march\u00e9<\/strong><\/td>\n<td>Industry<\/td>\n<\/tr>\n<tr>\n<td><strong>Niveau sonore<\/strong><\/td>\n<td>0 dB<\/td>\n<\/tr>\n<tr>\n<td><strong>Canaux de sortie audio<\/strong><\/td>\n<td>5.1 HD Audio Codec<\/td>\n<\/tr>\n<tr>\n<td><strong>Carte m\u00e8re chipset<\/strong><\/td>\n<td>Intel embedded Gemini Lake SoC<\/td>\n<\/tr>\n<tr>\n<td><strong><\/strong><\/td>\n<td><strong>Design<\/strong><\/td>\n<\/tr>\n<tr>\n<td><strong>Type de ch\u00e2ssis<\/strong><\/td>\n<td>Mini Format<\/td>\n<\/tr>\n<tr>\n<td><strong>Certification<\/strong><\/td>\n<td>Assemblage selon la norme ISO9001 en Allemagne <\/br> Compatibility: SMBios (DMI), EnergyStar 8.0, EN60950, EN55022,EN55024, EN61000-3-2\/3, 89\/336\/ECC <\/br> 24-7 ready (temporary fan-maintance required), 24-7 ready SSD required<\/td>\n<\/tr>\n<tr>\n<td><strong>Facteur de forme du clavier<\/strong><\/td>\n<td>Optionnel<\/td>\n<\/tr>\n<tr>\n<td><strong><\/strong><\/td>\n<td><strong>Clavier<\/strong><\/td>\n<\/tr>\n<tr>\n<td><strong>Language du clavier<\/strong><\/td>\n<td>Clavier en option<\/td>\n<\/tr>\n<tr>\n<td><strong>Interface de l&#8217;appareil<\/strong><\/td>\n<td>USB<\/td>\n<\/tr>\n<tr>\n<td><strong><\/strong><\/td>\n<td><strong>D\u00e9tails techniques<\/strong><\/td>\n<\/tr>\n<tr>\n<td><strong>Localisation<\/strong><\/td>\n<td>International<\/td>\n<\/tr>\n<tr>\n<td><strong>Application<\/strong><\/td>\n<td>Digital Signage<\/td>\n<\/tr>\n<tr>\n<td><strong><\/strong><\/td>\n<td><strong>Contenu de l&#8217;emballage<\/strong><\/td>\n<\/tr>\n<tr>\n<td><strong>Accessoires inclus<\/strong><\/td>\n<td>Quick Install Guide (DE\/ EN), driver CD, alimentation, Europlug CEE 7\/16 1.8m, Pieds en position verticale <\/br> Optionnel: Fixation VESA<\/td>\n<\/tr>\n<tr>\n<td><strong><\/strong><\/td>\n<td><strong>Poids et dimensions<\/strong><\/td>\n<\/tr>\n<tr>\n<td><strong>Hauteur<\/strong><\/td>\n<td>3.6 (4.2) cm<\/td>\n<\/tr>\n<tr>\n<td><strong>Largeur<\/strong><\/td>\n<td>14.7 (18.8) cm<\/td>\n<\/tr>\n<tr>\n<td><strong>Profondeur<\/strong><\/td>\n<td>16.5 (17.5) cm<\/td>\n<\/tr>\n<tr>\n<td><strong>Poids<\/strong><\/td>\n<td>0.9 kg<\/td>\n<\/tr>\n<tr>\n<td><strong><\/strong><\/td>\n<td><strong>Autres caract\u00e9ristiques<\/strong><\/td>\n<\/tr>\n<tr>\n<td><strong>Interface<\/strong><\/td>\n<td>Avant: 2x USB 3.2 Gen1, 2x Audio <\/br> Arri\u00e8re: 4x USB 2.0, 2x LAN RJ-45, 2x Display Port (DP), 1x DC-in <\/br> Optionnel: 1x COM, 1x USB Type-C<\/td>\n<\/tr>\n<tr>\n<td><strong>Syst\u00e8mes d&#8217;exploitation compatibles<\/strong><\/td>\n<td>Windows 10 (64-Bit) <\/br> Windows 11 (64-Bit) <\/br> Unsupported OS by WAG: Linux (64-Bit)<\/td>\n<\/tr>\n<tr>\n<td><strong>Carte m\u00e8re fabricant<\/strong><\/td>\n<td>FTS D3544-S3 <\/br> Industrial Series 24-7 ready <\/br> Made in Germany<\/td>\n<\/tr>\n<tr>\n<td><strong>Type de refroidissement<\/strong><\/td>\n<td>passivement sans ventilateur<\/td>\n<\/tr>\n<tr>\n<td><strong>Caract\u00e9ristiques sp\u00e9ciales<\/strong><\/td>\n<td>Kensington Lock <\/br>  Supporter PowerOn after Power loss <\/br> TPM 2.0 <\/br> Windows Autopilot-ready <\/br> Optionnel: VESA Mounting Kit<\/td>\n<\/tr>\n<tr>\n<td><strong><\/strong><\/td>\n<td><strong>Souris<\/strong><\/td>\n<\/tr>\n<tr>\n<td><strong>Souris incluse<\/strong><\/td>\n<td>Option<\/td>\n<\/tr>\n<tr>\n<td><strong><\/strong><\/td>\n<td><strong>Graphique<\/strong><\/td>\n<\/tr>\n<tr>\n<td><strong>M\u00e9moire de la carte graphique int\u00e9gr\u00e9e<\/strong><\/td>\n<td>Dynamisch<\/td>\n<\/tr>\n<tr>\n<td><strong>R\u00e9solution maximum de carte graphique int\u00e9gr\u00e9e<\/strong><\/td>\n<td>Display Port 1.2 max. 4096&#215;2160 @ 60Hz<\/td>\n<\/tr>\n<tr>\n<td><strong>Adaptateur graphique<\/strong><\/td>\n<td>Intel UHD Graphics 605 (800 MHz)<\/td>\n<\/tr>\n<tr>\n<td><strong>Mod\u00e8le d&#8217;adaptateur graphique inclus<\/strong><\/td>\n<td>Intel UHD Graphics 605 (800 MHz)<\/td>\n<\/tr>\n<tr>\n<td><strong>Quantit\u00e9 de ports de la carte graphique<\/strong><\/td>\n<td>2x Display Port (DP) <\/br> Supporte double \u00e8cran<\/td>\n<\/tr>\n<tr>\n<td><strong><\/strong><\/td>\n<td><strong>Puissance<\/strong><\/td>\n<\/tr>\n<tr>\n<td><strong>Source d&#8217;alimentation<\/strong><\/td>\n<td>Alimentation externe sans ventilateur<\/td>\n<\/tr>\n<tr>\n<td><strong>Consommation d&#8217;\u00e9nergie (mode veille)<\/strong><\/td>\n<td>\u00d8 2.0 Watt (S3 Mode. Suspend to RAM. WOL activ\u00e9)<\/br> 0.20 Watt Soft off (mode S5) W<\/td>\n<\/tr>\n<tr>\n<td><strong>Puissance d&#8217;alimentation max.<\/strong><\/td>\n<td>24 W<\/td>\n<\/tr>\n<tr>\n<td><strong>Puissance nominale<\/strong><\/td>\n<td>\u00d8 6 Watt mode Idle <\/br> \u00d8 27 kWh par an (TEC = Typical Energy Consumption) <\/br> Plus d\u2019informations sur la consommation d\u2019\u00e9nergie sous : https:\/\/www.wortmann.de\/green<\/td>\n<\/tr>\n<tr>\n<td><strong>Tension d&#8217;entr\u00e9e de l&#8217;adaptateur secteur<\/strong><\/td>\n<td>AC 100\/240 V ( 50\/60 Hz )<\/td>\n<\/tr>\n<tr>\n<td><strong><\/strong><\/td>\n<td><strong>Conditions environnementales<\/strong><\/td>\n<\/tr>\n<tr>\n<td><strong>Temp\u00e9rature d&#8217;op\u00e9ration<\/strong><\/td>\n<td>0 \u00b0C &#8211; 60 \u00b0C <\/br> Attention: Pour les temp\u00e9ratures au-dessus de 40\u00b0, nous recommandons les disques SSD et les m\u00e9moires SO-DIMM avec capacit\u00e9 de fonctionnement \u00e0 haute temp\u00e9rature.<\/td>\n<\/tr>\n<tr>\n<td><strong>Degr\u00e9 d&#8217;humidit\u00e9 recommand\u00e9 pour utilisation<\/strong><\/td>\n<td>10 &#8211; 80 % (sans condensation)<\/td>\n<\/tr>\n<tr>\n<td><strong><\/strong><\/td>\n<td><strong>R\u00e9seau<\/strong><\/td>\n<\/tr>\n<tr>\n<td><strong>Contr\u00f4leur de r\u00e9seau local (LAN)<\/strong><\/td>\n<td>1x Intel i210, 1x Realtek RTL 8111G <\/br> PXE support <\/br> Wake-on-LAN (WoL)<\/td>\n<\/tr>\n<tr>\n<td><strong>Standards wifi<\/strong><\/td>\n<td>Intel AX200 Wi-Fi 6\/ BT module int\u00e9gr\u00e9 via M.2 (2230E) <\/br> 802.11ax <\/br> Fr\u00e9quence : 2.4 GHz + 5 GHz (Dual-Band)<\/td>\n<\/tr>\n<tr>\n<td><strong>Protocoles de liaison de donn\u00e9es<\/strong><\/td>\n<td>Ethernet, Fast Ethernet, Gigabit Ethernet, IEEE 802.11ax <\/br> Bluetooth 5.2<\/td>\n<\/tr>\n<tr>\n<td><strong><\/strong><\/td>\n<td><strong>Lecteur optique<\/strong><\/td>\n<\/tr>\n<tr>\n<td><strong>Lecteur optique<\/strong><\/td>\n<td>Ohne optisches Laufwerk<\/td>\n<\/tr>\n<\/table>\n","protected":false},"excerpt":{"rendered":"<p>G\u00e9n\u00e9ral Mod\u00e8le de processeur Intel\u00ae Pentium\u00ae Silver Processor J5005 (4M Cache, up to 2.80 GHz) Syst\u00e8me d&#8217;exploitation Windows 11 Pro Logiciel Logiciels pr\u00e9-install\u00e9s Version d&#8217;\u00e9valuation de 30 jours du Microsoft\u00ae 365 pour nouveaux clients. Processeur Famille de processeur Pentium Nombre de coeurs de processeurs Quad-Core (4 Core) Socket de processeur (r\u00e9ceptable de processeur) Embedded in [&hellip;]<\/p>\n","protected":false},"featured_media":3802,"template":"","meta":[],"product_brand":[],"product_cat":[26],"product_tag":[33],"class_list":{"0":"post-2401","1":"product","2":"type-product","3":"status-publish","4":"has-post-thumbnail","6":"product_cat-ordinateurs-bureau","7":"product_tag-wortmann-ag","9":"first","10":"instock","11":"taxable","12":"shipping-taxable","13":"purchasable","14":"product-type-simple"},"yoast_head":"<!-- This site is optimized with the Yoast SEO plugin v27.4 - https:\/\/yoast.com\/product\/yoast-seo-wordpress\/ -->\n<title>TERRA PC-Mini 3540 Fanless - Pixel AS informatique<\/title>\n<meta name=\"robots\" content=\"index, follow, max-snippet:-1, max-image-preview:large, max-video-preview:-1\" \/>\n<link rel=\"canonical\" href=\"https:\/\/www.pixel-as.fr\/?product=terra-pc-mini-3540-fanless-2\" \/>\n<meta property=\"og:locale\" content=\"fr_FR\" \/>\n<meta property=\"og:type\" content=\"article\" \/>\n<meta property=\"og:title\" content=\"TERRA PC-Mini 3540 Fanless - Pixel AS informatique\" \/>\n<meta property=\"og:description\" content=\"G\u00e9n\u00e9ral Mod\u00e8le de processeur Intel\u00ae Pentium\u00ae Silver Processor J5005 (4M Cache, up to 2.80 GHz) Syst\u00e8me d&#8217;exploitation Windows 11 Pro Logiciel Logiciels pr\u00e9-install\u00e9s Version d&#8217;\u00e9valuation de 30 jours du Microsoft\u00ae 365 pour nouveaux clients. Processeur Famille de processeur Pentium Nombre de coeurs de processeurs Quad-Core (4 Core) Socket de processeur (r\u00e9ceptable de processeur) Embedded in [&hellip;]\" \/>\n<meta property=\"og:url\" content=\"https:\/\/www.pixel-as.fr\/?product=terra-pc-mini-3540-fanless-2\" \/>\n<meta property=\"og:site_name\" content=\"Pixel AS informatique\" \/>\n<meta property=\"article:modified_time\" content=\"2025-03-04T10:38:29+00:00\" \/>\n<meta property=\"og:image\" content=\"https:\/\/www.pixel-as.fr\/wp-content\/uploads\/2025\/03\/item1009716170000-1.jpg\" \/>\n\t<meta property=\"og:image:width\" content=\"1000\" \/>\n\t<meta property=\"og:image:height\" content=\"1000\" \/>\n\t<meta property=\"og:image:type\" content=\"image\/jpeg\" \/>\n<meta name=\"twitter:card\" content=\"summary_large_image\" \/>\n<meta name=\"twitter:label1\" content=\"Dur\u00e9e de lecture estim\u00e9e\" \/>\n\t<meta name=\"twitter:data1\" content=\"3 minutes\" \/>\n<script type=\"application\/ld+json\" class=\"yoast-schema-graph\">{\"@context\":\"https:\\\/\\\/schema.org\",\"@graph\":[{\"@type\":\"WebPage\",\"@id\":\"https:\\\/\\\/www.pixel-as.fr\\\/?product=terra-pc-mini-3540-fanless-2\",\"url\":\"https:\\\/\\\/www.pixel-as.fr\\\/?product=terra-pc-mini-3540-fanless-2\",\"name\":\"TERRA PC-Mini 3540 Fanless - Pixel AS informatique\",\"isPartOf\":{\"@id\":\"https:\\\/\\\/www.pixel-as.fr\\\/#website\"},\"primaryImageOfPage\":{\"@id\":\"https:\\\/\\\/www.pixel-as.fr\\\/?product=terra-pc-mini-3540-fanless-2#primaryimage\"},\"image\":{\"@id\":\"https:\\\/\\\/www.pixel-as.fr\\\/?product=terra-pc-mini-3540-fanless-2#primaryimage\"},\"thumbnailUrl\":\"https:\\\/\\\/www.pixel-as.fr\\\/wp-content\\\/uploads\\\/2025\\\/03\\\/item1009716170000-1.jpg\",\"datePublished\":\"2025-03-04T09:01:02+00:00\",\"dateModified\":\"2025-03-04T10:38:29+00:00\",\"breadcrumb\":{\"@id\":\"https:\\\/\\\/www.pixel-as.fr\\\/?product=terra-pc-mini-3540-fanless-2#breadcrumb\"},\"inLanguage\":\"fr-FR\",\"potentialAction\":[{\"@type\":\"ReadAction\",\"target\":[\"https:\\\/\\\/www.pixel-as.fr\\\/?product=terra-pc-mini-3540-fanless-2\"]}]},{\"@type\":\"ImageObject\",\"inLanguage\":\"fr-FR\",\"@id\":\"https:\\\/\\\/www.pixel-as.fr\\\/?product=terra-pc-mini-3540-fanless-2#primaryimage\",\"url\":\"https:\\\/\\\/www.pixel-as.fr\\\/wp-content\\\/uploads\\\/2025\\\/03\\\/item1009716170000-1.jpg\",\"contentUrl\":\"https:\\\/\\\/www.pixel-as.fr\\\/wp-content\\\/uploads\\\/2025\\\/03\\\/item1009716170000-1.jpg\",\"width\":1000,\"height\":1000},{\"@type\":\"BreadcrumbList\",\"@id\":\"https:\\\/\\\/www.pixel-as.fr\\\/?product=terra-pc-mini-3540-fanless-2#breadcrumb\",\"itemListElement\":[{\"@type\":\"ListItem\",\"position\":1,\"name\":\"Accueil\",\"item\":\"https:\\\/\\\/www.pixel-as.fr\\\/\"},{\"@type\":\"ListItem\",\"position\":2,\"name\":\"Boutique\",\"item\":\"https:\\\/\\\/www.pixel-as.fr\\\/?page_id=227\"},{\"@type\":\"ListItem\",\"position\":3,\"name\":\"TERRA PC-Mini 3540 Fanless\"}]},{\"@type\":\"WebSite\",\"@id\":\"https:\\\/\\\/www.pixel-as.fr\\\/#website\",\"url\":\"https:\\\/\\\/www.pixel-as.fr\\\/\",\"name\":\"Pixel AS informatique\",\"description\":\"Accompagnement informatique personnalis\u00e9\",\"publisher\":{\"@id\":\"https:\\\/\\\/www.pixel-as.fr\\\/#organization\"},\"potentialAction\":[{\"@type\":\"SearchAction\",\"target\":{\"@type\":\"EntryPoint\",\"urlTemplate\":\"https:\\\/\\\/www.pixel-as.fr\\\/?s={search_term_string}\"},\"query-input\":{\"@type\":\"PropertyValueSpecification\",\"valueRequired\":true,\"valueName\":\"search_term_string\"}}],\"inLanguage\":\"fr-FR\"},{\"@type\":\"Organization\",\"@id\":\"https:\\\/\\\/www.pixel-as.fr\\\/#organization\",\"name\":\"Pixel AS informatique\",\"url\":\"https:\\\/\\\/www.pixel-as.fr\\\/\",\"logo\":{\"@type\":\"ImageObject\",\"inLanguage\":\"fr-FR\",\"@id\":\"https:\\\/\\\/www.pixel-as.fr\\\/#\\\/schema\\\/logo\\\/image\\\/\",\"url\":\"https:\\\/\\\/www.pixel-as.fr\\\/wp-content\\\/uploads\\\/2025\\\/02\\\/logo.png\",\"contentUrl\":\"https:\\\/\\\/www.pixel-as.fr\\\/wp-content\\\/uploads\\\/2025\\\/02\\\/logo.png\",\"width\":587,\"height\":231,\"caption\":\"Pixel AS informatique\"},\"image\":{\"@id\":\"https:\\\/\\\/www.pixel-as.fr\\\/#\\\/schema\\\/logo\\\/image\\\/\"}}]}<\/script>\n<!-- \/ Yoast SEO plugin. -->","yoast_head_json":{"title":"TERRA PC-Mini 3540 Fanless - Pixel AS informatique","robots":{"index":"index","follow":"follow","max-snippet":"max-snippet:-1","max-image-preview":"max-image-preview:large","max-video-preview":"max-video-preview:-1"},"canonical":"https:\/\/www.pixel-as.fr\/?product=terra-pc-mini-3540-fanless-2","og_locale":"fr_FR","og_type":"article","og_title":"TERRA PC-Mini 3540 Fanless - Pixel AS informatique","og_description":"G\u00e9n\u00e9ral Mod\u00e8le de processeur Intel\u00ae Pentium\u00ae Silver Processor J5005 (4M Cache, up to 2.80 GHz) Syst\u00e8me d&#8217;exploitation Windows 11 Pro Logiciel Logiciels pr\u00e9-install\u00e9s Version d&#8217;\u00e9valuation de 30 jours du Microsoft\u00ae 365 pour nouveaux clients. Processeur Famille de processeur Pentium Nombre de coeurs de processeurs Quad-Core (4 Core) Socket de processeur (r\u00e9ceptable de processeur) Embedded in [&hellip;]","og_url":"https:\/\/www.pixel-as.fr\/?product=terra-pc-mini-3540-fanless-2","og_site_name":"Pixel AS informatique","article_modified_time":"2025-03-04T10:38:29+00:00","og_image":[{"width":1000,"height":1000,"url":"https:\/\/www.pixel-as.fr\/wp-content\/uploads\/2025\/03\/item1009716170000-1.jpg","type":"image\/jpeg"}],"twitter_card":"summary_large_image","twitter_misc":{"Dur\u00e9e de lecture estim\u00e9e":"3 minutes"},"schema":{"@context":"https:\/\/schema.org","@graph":[{"@type":"WebPage","@id":"https:\/\/www.pixel-as.fr\/?product=terra-pc-mini-3540-fanless-2","url":"https:\/\/www.pixel-as.fr\/?product=terra-pc-mini-3540-fanless-2","name":"TERRA PC-Mini 3540 Fanless - Pixel AS informatique","isPartOf":{"@id":"https:\/\/www.pixel-as.fr\/#website"},"primaryImageOfPage":{"@id":"https:\/\/www.pixel-as.fr\/?product=terra-pc-mini-3540-fanless-2#primaryimage"},"image":{"@id":"https:\/\/www.pixel-as.fr\/?product=terra-pc-mini-3540-fanless-2#primaryimage"},"thumbnailUrl":"https:\/\/www.pixel-as.fr\/wp-content\/uploads\/2025\/03\/item1009716170000-1.jpg","datePublished":"2025-03-04T09:01:02+00:00","dateModified":"2025-03-04T10:38:29+00:00","breadcrumb":{"@id":"https:\/\/www.pixel-as.fr\/?product=terra-pc-mini-3540-fanless-2#breadcrumb"},"inLanguage":"fr-FR","potentialAction":[{"@type":"ReadAction","target":["https:\/\/www.pixel-as.fr\/?product=terra-pc-mini-3540-fanless-2"]}]},{"@type":"ImageObject","inLanguage":"fr-FR","@id":"https:\/\/www.pixel-as.fr\/?product=terra-pc-mini-3540-fanless-2#primaryimage","url":"https:\/\/www.pixel-as.fr\/wp-content\/uploads\/2025\/03\/item1009716170000-1.jpg","contentUrl":"https:\/\/www.pixel-as.fr\/wp-content\/uploads\/2025\/03\/item1009716170000-1.jpg","width":1000,"height":1000},{"@type":"BreadcrumbList","@id":"https:\/\/www.pixel-as.fr\/?product=terra-pc-mini-3540-fanless-2#breadcrumb","itemListElement":[{"@type":"ListItem","position":1,"name":"Accueil","item":"https:\/\/www.pixel-as.fr\/"},{"@type":"ListItem","position":2,"name":"Boutique","item":"https:\/\/www.pixel-as.fr\/?page_id=227"},{"@type":"ListItem","position":3,"name":"TERRA PC-Mini 3540 Fanless"}]},{"@type":"WebSite","@id":"https:\/\/www.pixel-as.fr\/#website","url":"https:\/\/www.pixel-as.fr\/","name":"Pixel AS informatique","description":"Accompagnement informatique personnalis\u00e9","publisher":{"@id":"https:\/\/www.pixel-as.fr\/#organization"},"potentialAction":[{"@type":"SearchAction","target":{"@type":"EntryPoint","urlTemplate":"https:\/\/www.pixel-as.fr\/?s={search_term_string}"},"query-input":{"@type":"PropertyValueSpecification","valueRequired":true,"valueName":"search_term_string"}}],"inLanguage":"fr-FR"},{"@type":"Organization","@id":"https:\/\/www.pixel-as.fr\/#organization","name":"Pixel AS informatique","url":"https:\/\/www.pixel-as.fr\/","logo":{"@type":"ImageObject","inLanguage":"fr-FR","@id":"https:\/\/www.pixel-as.fr\/#\/schema\/logo\/image\/","url":"https:\/\/www.pixel-as.fr\/wp-content\/uploads\/2025\/02\/logo.png","contentUrl":"https:\/\/www.pixel-as.fr\/wp-content\/uploads\/2025\/02\/logo.png","width":587,"height":231,"caption":"Pixel AS informatique"},"image":{"@id":"https:\/\/www.pixel-as.fr\/#\/schema\/logo\/image\/"}}]}},"_links":{"self":[{"href":"https:\/\/www.pixel-as.fr\/index.php?rest_route=\/wp\/v2\/product\/2401","targetHints":{"allow":["GET"]}}],"collection":[{"href":"https:\/\/www.pixel-as.fr\/index.php?rest_route=\/wp\/v2\/product"}],"about":[{"href":"https:\/\/www.pixel-as.fr\/index.php?rest_route=\/wp\/v2\/types\/product"}],"version-history":[{"count":1,"href":"https:\/\/www.pixel-as.fr\/index.php?rest_route=\/wp\/v2\/product\/2401\/revisions"}],"predecessor-version":[{"id":2402,"href":"https:\/\/www.pixel-as.fr\/index.php?rest_route=\/wp\/v2\/product\/2401\/revisions\/2402"}],"wp:featuredmedia":[{"embeddable":true,"href":"https:\/\/www.pixel-as.fr\/index.php?rest_route=\/wp\/v2\/media\/3802"}],"wp:attachment":[{"href":"https:\/\/www.pixel-as.fr\/index.php?rest_route=%2Fwp%2Fv2%2Fmedia&parent=2401"}],"wp:term":[{"taxonomy":"product_brand","embeddable":true,"href":"https:\/\/www.pixel-as.fr\/index.php?rest_route=%2Fwp%2Fv2%2Fproduct_brand&post=2401"},{"taxonomy":"product_cat","embeddable":true,"href":"https:\/\/www.pixel-as.fr\/index.php?rest_route=%2Fwp%2Fv2%2Fproduct_cat&post=2401"},{"taxonomy":"product_tag","embeddable":true,"href":"https:\/\/www.pixel-as.fr\/index.php?rest_route=%2Fwp%2Fv2%2Fproduct_tag&post=2401"}],"curies":[{"name":"wp","href":"https:\/\/api.w.org\/{rel}","templated":true}]}}