{"id":2416,"date":"2025-03-04T10:01:02","date_gmt":"2025-03-04T09:01:02","guid":{"rendered":"https:\/\/www.lexd7920.odns.fr\/test-elementor\/?product=terra-pc-mini-6000v6-1-silent-greenline"},"modified":"2025-03-04T11:39:25","modified_gmt":"2025-03-04T10:39:25","slug":"terra-pc-mini-6000v6-1-silent-greenline","status":"publish","type":"product","link":"https:\/\/www.pixel-as.fr\/?product=terra-pc-mini-6000v6-1-silent-greenline","title":{"rendered":"TERRA PC-Mini 6000V6.1 SILENT GREENLINE"},"content":{"rendered":"<table>\n<tr>\n<td><strong><\/strong><\/td>\n<td><strong>G\u00e9n\u00e9ral<\/strong><\/td>\n<\/tr>\n<tr>\n<td><strong>Mod\u00e8le de processeur<\/strong><\/td>\n<td>Intel Core i5 (12. Gen.) 12400 \/ 18 MB Intel Smart Cache, max. Turbo-Frequency 4.4 GHz)<\/td>\n<\/tr>\n<tr>\n<td><strong>Syst\u00e8me d&#8217;exploitation<\/strong><\/td>\n<td>Windows 11 Pro<\/td>\n<\/tr>\n<tr>\n<td><strong><\/strong><\/td>\n<td><strong>Logiciel<\/strong><\/td>\n<\/tr>\n<tr>\n<td><strong>Logiciels pr\u00e9-install\u00e9s<\/strong><\/td>\n<td>Version d&#8217;\u00e9valuation de 30 jours du Microsoft\u00ae 365 pour nouveaux clients.<\/td>\n<\/tr>\n<tr>\n<td><strong><\/strong><\/td>\n<td><strong>Processeur<\/strong><\/td>\n<\/tr>\n<tr>\n<td><strong>Famille de processeur<\/strong><\/td>\n<td>Core i5<\/td>\n<\/tr>\n<tr>\n<td><strong>Nombre de coeurs de processeurs<\/strong><\/td>\n<td>Hexa-Core (6 Core)<\/td>\n<\/tr>\n<tr>\n<td><strong>Socket de processeur (r\u00e9ceptable de processeur)<\/strong><\/td>\n<td>FCLGA1700 Socket<\/td>\n<\/tr>\n<tr>\n<td><strong>Nombre de processeurs<\/strong><\/td>\n<td>1<\/td>\n<\/tr>\n<tr>\n<td><strong><\/strong><\/td>\n<td><strong>M\u00e9moire<\/strong><\/td>\n<\/tr>\n<tr>\n<td><strong>M\u00e9moire interne<\/strong><\/td>\n<td>8 Go<\/td>\n<\/tr>\n<tr>\n<td><strong>Configuration de la m\u00e9moire (fente x taille)<\/strong><\/td>\n<td>1 x 8 Go<\/td>\n<\/tr>\n<tr>\n<td><strong>M\u00e9moire interne maximale<\/strong><\/td>\n<td>64 Go<\/td>\n<\/tr>\n<tr>\n<td><strong>Fr\u00e9quence de la m\u00e9moire<\/strong><\/td>\n<td>PC4800 MHz<\/td>\n<\/tr>\n<tr>\n<td><strong>Type de m\u00e9moire interne<\/strong><\/td>\n<td>DDR5 SDRAM<\/td>\n<\/tr>\n<tr>\n<td><strong>Emplacements m\u00e9moire<\/strong><\/td>\n<td>2 pi\u00e8ce(s)<\/td>\n<\/tr>\n<tr>\n<td><strong>Support de m\u00e9moire<\/strong><\/td>\n<td>SO DIMM, 260-PIN<\/td>\n<\/tr>\n<tr>\n<td><strong><\/strong><\/td>\n<td><strong>Support de stockage<\/strong><\/td>\n<\/tr>\n<tr>\n<td><strong>Capacit\u00e9 totale de stockage<\/strong><\/td>\n<td>500 Go<\/td>\n<\/tr>\n<tr>\n<td><strong>Interface du disque dur<\/strong><\/td>\n<td>2x M.2 (2280) PCIe\/NVMe Gen4<\/br> 1x 2.5&#8243; SATA 6Gb\/s (max 7mm height)<\/td>\n<\/tr>\n<tr>\n<td><strong>Niveaux RAID<\/strong><\/td>\n<td>Pas de RAID<\/td>\n<\/tr>\n<tr>\n<td><strong>Lecteur de cartes m\u00e9moires int\u00e9gr\u00e9<\/strong><\/td>\n<td>Non<\/td>\n<\/tr>\n<tr>\n<td><strong>Interface du Solid State Drive (SSD)<\/strong><\/td>\n<td>PCIe (NVMe)<\/td>\n<\/tr>\n<tr>\n<td><strong>Capacit\u00e9 du Solid State Drive (SSD)<\/strong><\/td>\n<td>500 Go<\/td>\n<\/tr>\n<tr>\n<td><strong>Capacit\u00e9 disque dur<\/strong><\/td>\n<td>1 x 500 Go &#8211; SSD<\/td>\n<\/tr>\n<tr>\n<td><strong>Nombre d&#8217;unit\u00e9s de stockage pris en charge<\/strong><\/td>\n<td>2<\/td>\n<\/tr>\n<tr>\n<td><strong>Supports de stockage<\/strong><\/td>\n<td>SSD M.2<\/td>\n<\/tr>\n<tr>\n<td><strong><\/strong><\/td>\n<td><strong>repr\u00e9sentation \/ r\u00e9alisation<\/strong><\/td>\n<\/tr>\n<tr>\n<td><strong>position de march\u00e9<\/strong><\/td>\n<td>Business<\/td>\n<\/tr>\n<tr>\n<td><strong>Niveau sonore<\/strong><\/td>\n<td>21.7 dB(A) Idle-Mode vitesse de rotation du ventilateur 2100 rpm, 31.5 dB(A) Operation Mode vitesse de rotation du ventilateur 2900 rpm, distance de mesure selon DIN EN ISO 7779 : 0.5m<\/td>\n<\/tr>\n<tr>\n<td><strong>Carte m\u00e8re chipset<\/strong><\/td>\n<td>Intel B760<\/td>\n<\/tr>\n<tr>\n<td><strong>Syst\u00e8me audio<\/strong><\/td>\n<td>High Definition Audio<\/td>\n<\/tr>\n<tr>\n<td><strong><\/strong><\/td>\n<td><strong>Design<\/strong><\/td>\n<\/tr>\n<tr>\n<td><strong>Type de ch\u00e2ssis<\/strong><\/td>\n<td>Mini Format<\/td>\n<\/tr>\n<tr>\n<td><strong>Certification<\/strong><\/td>\n<td>Assemblage selon la norme ISO9001 en Allemagne <\/br> Compatibility: SMBios (DMI), EnergyStar (valid pour U.S.), EN60950, EN55022,EN55024, EN61000-3-2\/3, 89\/336\/ECC <\/br> 24-7 ready (temporary fan-maintance required)<\/td>\n<\/tr>\n<tr>\n<td><strong>Facteur de forme du clavier<\/strong><\/td>\n<td>Optionnel. Pas de clavier inclus.<\/td>\n<\/tr>\n<tr>\n<td><strong><\/strong><\/td>\n<td><strong>D\u00e9tails techniques<\/strong><\/td>\n<\/tr>\n<tr>\n<td><strong>Localisation<\/strong><\/td>\n<td>International<\/td>\n<\/tr>\n<tr>\n<td><strong>Application<\/strong><\/td>\n<td>Digital Signage<\/td>\n<\/tr>\n<tr>\n<td><strong><\/strong><\/td>\n<td><strong>Contenu de l&#8217;emballage<\/strong><\/td>\n<\/tr>\n<tr>\n<td><strong>Accessoires inclus<\/strong><\/td>\n<td>Quick Install Guide (DE\/ EN\/ FR), driver CD, alimentation, antenne de WiFi, Pieds en position verticale, Kit de montage VESA<\/td>\n<\/tr>\n<tr>\n<td><strong>Language du clavier<\/strong><\/td>\n<td>Optionnel. Pas de clavier inclus.<\/td>\n<\/tr>\n<tr>\n<td><strong><\/strong><\/td>\n<td><strong>Poids et dimensions<\/strong><\/td>\n<\/tr>\n<tr>\n<td><strong>Hauteur<\/strong><\/td>\n<td>4.2 cm<\/td>\n<\/tr>\n<tr>\n<td><strong>Largeur<\/strong><\/td>\n<td>17.5 cm<\/td>\n<\/tr>\n<tr>\n<td><strong>Profondeur<\/strong><\/td>\n<td>17.5 cm<\/td>\n<\/tr>\n<tr>\n<td><strong>Poids<\/strong><\/td>\n<td>1185 g<\/td>\n<\/tr>\n<tr>\n<td><strong><\/strong><\/td>\n<td><strong>Autres caract\u00e9ristiques<\/strong><\/td>\n<\/tr>\n<tr>\n<td><strong>Interface<\/strong><\/td>\n<td>Front: 2x USB 3.2 Type-A, 1x USB 3.2 Type-C, 2x USB 2.0 Type-A, 1x Audio<\/br> Rear: 2x USB 3.2 Type-A, 1x USB 2.0 Type-A. 1x LAN, DC-in, 2x DP 1.4, 1x HDMI (exchangeable with COM or 2nd LAN port), 1x Kensington Lock, 1x WiFi Antennen Port<\/td>\n<\/tr>\n<tr>\n<td><strong>Syst\u00e8mes d&#8217;exploitation compatibles<\/strong><\/td>\n<td>Windows 10, Windows 11<\/td>\n<\/tr>\n<tr>\n<td><strong>Type de refroidissement<\/strong><\/td>\n<td>Actif<\/td>\n<\/tr>\n<tr>\n<td><strong>Caract\u00e9ristiques sp\u00e9ciales<\/strong><\/td>\n<td>Haut-parleur interne 1 watt <\/br> Secure Boot <\/br> TPM 2.0 <\/br> Microsoft Autopilot-ready <\/br> Barbone MIL-STD-810H <\/br> Barebone 24-7 ready <\/br> Optionnel: Filtre \u00e0 poussi\u00e8re<\/td>\n<\/tr>\n<tr>\n<td><strong><\/strong><\/td>\n<td><strong>Souris<\/strong><\/td>\n<\/tr>\n<tr>\n<td><strong>Souris incluse<\/strong><\/td>\n<td>Option<\/td>\n<\/tr>\n<tr>\n<td><strong><\/strong><\/td>\n<td><strong>Graphique<\/strong><\/td>\n<\/tr>\n<tr>\n<td><strong>M\u00e9moire de la carte graphique int\u00e9gr\u00e9e<\/strong><\/td>\n<td>Dynamisch<\/td>\n<\/tr>\n<tr>\n<td><strong>R\u00e9solution maximum de carte graphique int\u00e9gr\u00e9e<\/strong><\/td>\n<td>HDMI 4096&#215;2160 @ 60Hz (4K), Display Port  3840&#215;2160 @ 60Hz (4K)<\/td>\n<\/tr>\n<tr>\n<td><strong>Adaptateur graphique<\/strong><\/td>\n<td>Intel UHD Graphics 730 (1130 MHz)<\/td>\n<\/tr>\n<tr>\n<td><strong>Mod\u00e8le d&#8217;adaptateur graphique inclus<\/strong><\/td>\n<td>Intel UHD Graphics 730 (1130 MHz)<\/td>\n<\/tr>\n<tr>\n<td><strong>Quantit\u00e9 de ports de la carte graphique<\/strong><\/td>\n<td>2x Display Port 1.4, 1x HDMI 2.0<\/td>\n<\/tr>\n<tr>\n<td><strong><\/strong><\/td>\n<td><strong>Puissance<\/strong><\/td>\n<\/tr>\n<tr>\n<td><strong>Source d&#8217;alimentation<\/strong><\/td>\n<td>Alimentation externe sans ventilateur <\/br> Rendement > 87%<\/td>\n<\/tr>\n<tr>\n<td><strong>Puissance d&#8217;alimentation max.<\/strong><\/td>\n<td>150 W<\/td>\n<\/tr>\n<tr>\n<td><strong>Puissance nominale<\/strong><\/td>\n<td>\u00d8 10 Watt mode Idle <\/br> \u00d8 45 kWh par an (TEC = Typical Energy Consumption) <\/br> Plus d\u2019informations sur la consommation d\u2019\u00e9nergie sous : https:\/\/www.wortmann.de\/green<\/td>\n<\/tr>\n<tr>\n<td><strong>Tension d&#8217;entr\u00e9e de l&#8217;adaptateur secteur<\/strong><\/td>\n<td>AC 100\/240 V ( 50\/60 Hz )<\/td>\n<\/tr>\n<tr>\n<td><strong><\/strong><\/td>\n<td><strong>Conditions environnementales<\/strong><\/td>\n<\/tr>\n<tr>\n<td><strong>Temp\u00e9rature d&#8217;op\u00e9ration<\/strong><\/td>\n<td>5 \u00b0C &#8211; 50 \u00b0C <\/br> Attention: Pour les temp\u00e9ratures au-dessus de 40\u00b0, nous recommandons les disques SSD et les m\u00e9moires SO-DIMM avec capacit\u00e9 de fonctionnement \u00e0 haute temp\u00e9rature.<\/td>\n<\/tr>\n<tr>\n<td><strong>Rang de temp\u00e9rature maximale de fonctionnement<\/strong><\/td>\n<td>50 \u00b0C <\/br> Attention: Pour les temp\u00e9ratures au-dessus de 40\u00b0, nous recommandons les disques SSD et les m\u00e9moires SO-DIMM avec capacit\u00e9 de fonctionnement \u00e0 haute temp\u00e9rature.<\/td>\n<\/tr>\n<tr>\n<td><strong>Degr\u00e9 d&#8217;humidit\u00e9 recommand\u00e9 pour utilisation<\/strong><\/td>\n<td>10 &#8211; 80 % (sans condensation)<\/td>\n<\/tr>\n<tr>\n<td><strong><\/strong><\/td>\n<td><strong>R\u00e9seau<\/strong><\/td>\n<\/tr>\n<tr>\n<td><strong>Contr\u00f4leur de r\u00e9seau local (LAN)<\/strong><\/td>\n<td>Intel I219V, WOL\/PXE<\/td>\n<\/tr>\n<tr>\n<td><strong>Standards wifi<\/strong><\/td>\n<td>Intel AX211 Wi-Fi 6E (802.11ax)<\/br> Bluetooth 5.3<\/td>\n<\/tr>\n<tr>\n<td><strong>Protocoles de liaison de donn\u00e9es<\/strong><\/td>\n<td>Ethernet, Fast Ethernet, Gigabit Ethernet, 2.5 Gb Ethernet, IEEE 802.11ax <\/br> Bluetooth 5.3<\/td>\n<\/tr>\n<tr>\n<td><strong><\/strong><\/td>\n<td><strong>Lecteur optique<\/strong><\/td>\n<\/tr>\n<tr>\n<td><strong>Lecteur optique<\/strong><\/td>\n<td>Ohne optisches Laufwerk<\/td>\n<\/tr>\n<tr>\n<td><strong><\/strong><\/td>\n<td><strong>Dispositif d&#8217;entr\u00e9e<\/strong><\/td>\n<\/tr>\n<tr>\n<td><strong>Interface de l&#8217;appareil<\/strong><\/td>\n<td>USB <\/br> Note : Clavier disponible en option<\/td>\n<\/tr>\n<\/table>\n","protected":false},"excerpt":{"rendered":"<p>G\u00e9n\u00e9ral Mod\u00e8le de processeur Intel Core i5 (12. Gen.) 12400 \/ 18 MB Intel Smart Cache, max. Turbo-Frequency 4.4 GHz) Syst\u00e8me d&#8217;exploitation Windows 11 Pro Logiciel Logiciels pr\u00e9-install\u00e9s Version d&#8217;\u00e9valuation de 30 jours du Microsoft\u00ae 365 pour nouveaux clients. Processeur Famille de processeur Core i5 Nombre de coeurs de processeurs Hexa-Core (6 Core) Socket de [&hellip;]<\/p>\n","protected":false},"featured_media":3813,"template":"","meta":[],"product_brand":[],"product_cat":[26],"product_tag":[33],"class_list":{"0":"post-2416","1":"product","2":"type-product","3":"status-publish","4":"has-post-thumbnail","6":"product_cat-ordinateurs-bureau","7":"product_tag-wortmann-ag","9":"first","10":"instock","11":"taxable","12":"shipping-taxable","13":"purchasable","14":"product-type-simple"},"yoast_head":"<!-- This site is optimized with the Yoast SEO plugin v27.4 - https:\/\/yoast.com\/product\/yoast-seo-wordpress\/ -->\n<title>TERRA PC-Mini 6000V6.1 SILENT GREENLINE - Pixel AS informatique<\/title>\n<meta name=\"robots\" content=\"index, follow, max-snippet:-1, max-image-preview:large, max-video-preview:-1\" \/>\n<link rel=\"canonical\" href=\"https:\/\/www.pixel-as.fr\/?product=terra-pc-mini-6000v6-1-silent-greenline\" \/>\n<meta property=\"og:locale\" content=\"fr_FR\" \/>\n<meta property=\"og:type\" content=\"article\" \/>\n<meta property=\"og:title\" content=\"TERRA PC-Mini 6000V6.1 SILENT GREENLINE - Pixel AS informatique\" \/>\n<meta property=\"og:description\" content=\"G\u00e9n\u00e9ral Mod\u00e8le de processeur Intel Core i5 (12. Gen.) 12400 \/ 18 MB Intel Smart Cache, max. Turbo-Frequency 4.4 GHz) Syst\u00e8me d&#8217;exploitation Windows 11 Pro Logiciel Logiciels pr\u00e9-install\u00e9s Version d&#8217;\u00e9valuation de 30 jours du Microsoft\u00ae 365 pour nouveaux clients. Processeur Famille de processeur Core i5 Nombre de coeurs de processeurs Hexa-Core (6 Core) Socket de [&hellip;]\" \/>\n<meta property=\"og:url\" content=\"https:\/\/www.pixel-as.fr\/?product=terra-pc-mini-6000v6-1-silent-greenline\" \/>\n<meta property=\"og:site_name\" content=\"Pixel AS informatique\" \/>\n<meta property=\"article:modified_time\" content=\"2025-03-04T10:39:25+00:00\" \/>\n<meta property=\"og:image\" content=\"https:\/\/www.pixel-as.fr\/wp-content\/uploads\/2025\/03\/item140035810000-4.jpg\" \/>\n\t<meta property=\"og:image:width\" content=\"1000\" \/>\n\t<meta property=\"og:image:height\" content=\"1000\" \/>\n\t<meta property=\"og:image:type\" content=\"image\/jpeg\" \/>\n<meta name=\"twitter:card\" content=\"summary_large_image\" \/>\n<meta name=\"twitter:label1\" content=\"Dur\u00e9e de lecture estim\u00e9e\" \/>\n\t<meta name=\"twitter:data1\" content=\"3 minutes\" \/>\n<script type=\"application\/ld+json\" class=\"yoast-schema-graph\">{\"@context\":\"https:\\\/\\\/schema.org\",\"@graph\":[{\"@type\":\"WebPage\",\"@id\":\"https:\\\/\\\/www.pixel-as.fr\\\/?product=terra-pc-mini-6000v6-1-silent-greenline\",\"url\":\"https:\\\/\\\/www.pixel-as.fr\\\/?product=terra-pc-mini-6000v6-1-silent-greenline\",\"name\":\"TERRA PC-Mini 6000V6.1 SILENT GREENLINE - Pixel AS informatique\",\"isPartOf\":{\"@id\":\"https:\\\/\\\/www.pixel-as.fr\\\/#website\"},\"primaryImageOfPage\":{\"@id\":\"https:\\\/\\\/www.pixel-as.fr\\\/?product=terra-pc-mini-6000v6-1-silent-greenline#primaryimage\"},\"image\":{\"@id\":\"https:\\\/\\\/www.pixel-as.fr\\\/?product=terra-pc-mini-6000v6-1-silent-greenline#primaryimage\"},\"thumbnailUrl\":\"https:\\\/\\\/www.pixel-as.fr\\\/wp-content\\\/uploads\\\/2025\\\/03\\\/item140035810000-4.jpg\",\"datePublished\":\"2025-03-04T09:01:02+00:00\",\"dateModified\":\"2025-03-04T10:39:25+00:00\",\"breadcrumb\":{\"@id\":\"https:\\\/\\\/www.pixel-as.fr\\\/?product=terra-pc-mini-6000v6-1-silent-greenline#breadcrumb\"},\"inLanguage\":\"fr-FR\",\"potentialAction\":[{\"@type\":\"ReadAction\",\"target\":[\"https:\\\/\\\/www.pixel-as.fr\\\/?product=terra-pc-mini-6000v6-1-silent-greenline\"]}]},{\"@type\":\"ImageObject\",\"inLanguage\":\"fr-FR\",\"@id\":\"https:\\\/\\\/www.pixel-as.fr\\\/?product=terra-pc-mini-6000v6-1-silent-greenline#primaryimage\",\"url\":\"https:\\\/\\\/www.pixel-as.fr\\\/wp-content\\\/uploads\\\/2025\\\/03\\\/item140035810000-4.jpg\",\"contentUrl\":\"https:\\\/\\\/www.pixel-as.fr\\\/wp-content\\\/uploads\\\/2025\\\/03\\\/item140035810000-4.jpg\",\"width\":1000,\"height\":1000},{\"@type\":\"BreadcrumbList\",\"@id\":\"https:\\\/\\\/www.pixel-as.fr\\\/?product=terra-pc-mini-6000v6-1-silent-greenline#breadcrumb\",\"itemListElement\":[{\"@type\":\"ListItem\",\"position\":1,\"name\":\"Accueil\",\"item\":\"https:\\\/\\\/www.pixel-as.fr\\\/\"},{\"@type\":\"ListItem\",\"position\":2,\"name\":\"Boutique\",\"item\":\"https:\\\/\\\/www.pixel-as.fr\\\/?page_id=227\"},{\"@type\":\"ListItem\",\"position\":3,\"name\":\"TERRA PC-Mini 6000V6.1 SILENT GREENLINE\"}]},{\"@type\":\"WebSite\",\"@id\":\"https:\\\/\\\/www.pixel-as.fr\\\/#website\",\"url\":\"https:\\\/\\\/www.pixel-as.fr\\\/\",\"name\":\"Pixel AS informatique\",\"description\":\"Accompagnement informatique personnalis\u00e9\",\"publisher\":{\"@id\":\"https:\\\/\\\/www.pixel-as.fr\\\/#organization\"},\"potentialAction\":[{\"@type\":\"SearchAction\",\"target\":{\"@type\":\"EntryPoint\",\"urlTemplate\":\"https:\\\/\\\/www.pixel-as.fr\\\/?s={search_term_string}\"},\"query-input\":{\"@type\":\"PropertyValueSpecification\",\"valueRequired\":true,\"valueName\":\"search_term_string\"}}],\"inLanguage\":\"fr-FR\"},{\"@type\":\"Organization\",\"@id\":\"https:\\\/\\\/www.pixel-as.fr\\\/#organization\",\"name\":\"Pixel AS informatique\",\"url\":\"https:\\\/\\\/www.pixel-as.fr\\\/\",\"logo\":{\"@type\":\"ImageObject\",\"inLanguage\":\"fr-FR\",\"@id\":\"https:\\\/\\\/www.pixel-as.fr\\\/#\\\/schema\\\/logo\\\/image\\\/\",\"url\":\"https:\\\/\\\/www.pixel-as.fr\\\/wp-content\\\/uploads\\\/2025\\\/02\\\/logo.png\",\"contentUrl\":\"https:\\\/\\\/www.pixel-as.fr\\\/wp-content\\\/uploads\\\/2025\\\/02\\\/logo.png\",\"width\":587,\"height\":231,\"caption\":\"Pixel AS informatique\"},\"image\":{\"@id\":\"https:\\\/\\\/www.pixel-as.fr\\\/#\\\/schema\\\/logo\\\/image\\\/\"}}]}<\/script>\n<!-- \/ Yoast SEO plugin. -->","yoast_head_json":{"title":"TERRA PC-Mini 6000V6.1 SILENT GREENLINE - Pixel AS informatique","robots":{"index":"index","follow":"follow","max-snippet":"max-snippet:-1","max-image-preview":"max-image-preview:large","max-video-preview":"max-video-preview:-1"},"canonical":"https:\/\/www.pixel-as.fr\/?product=terra-pc-mini-6000v6-1-silent-greenline","og_locale":"fr_FR","og_type":"article","og_title":"TERRA PC-Mini 6000V6.1 SILENT GREENLINE - Pixel AS informatique","og_description":"G\u00e9n\u00e9ral Mod\u00e8le de processeur Intel Core i5 (12. Gen.) 12400 \/ 18 MB Intel Smart Cache, max. Turbo-Frequency 4.4 GHz) Syst\u00e8me d&#8217;exploitation Windows 11 Pro Logiciel Logiciels pr\u00e9-install\u00e9s Version d&#8217;\u00e9valuation de 30 jours du Microsoft\u00ae 365 pour nouveaux clients. Processeur Famille de processeur Core i5 Nombre de coeurs de processeurs Hexa-Core (6 Core) Socket de [&hellip;]","og_url":"https:\/\/www.pixel-as.fr\/?product=terra-pc-mini-6000v6-1-silent-greenline","og_site_name":"Pixel AS informatique","article_modified_time":"2025-03-04T10:39:25+00:00","og_image":[{"width":1000,"height":1000,"url":"https:\/\/www.pixel-as.fr\/wp-content\/uploads\/2025\/03\/item140035810000-4.jpg","type":"image\/jpeg"}],"twitter_card":"summary_large_image","twitter_misc":{"Dur\u00e9e de lecture estim\u00e9e":"3 minutes"},"schema":{"@context":"https:\/\/schema.org","@graph":[{"@type":"WebPage","@id":"https:\/\/www.pixel-as.fr\/?product=terra-pc-mini-6000v6-1-silent-greenline","url":"https:\/\/www.pixel-as.fr\/?product=terra-pc-mini-6000v6-1-silent-greenline","name":"TERRA PC-Mini 6000V6.1 SILENT GREENLINE - Pixel AS informatique","isPartOf":{"@id":"https:\/\/www.pixel-as.fr\/#website"},"primaryImageOfPage":{"@id":"https:\/\/www.pixel-as.fr\/?product=terra-pc-mini-6000v6-1-silent-greenline#primaryimage"},"image":{"@id":"https:\/\/www.pixel-as.fr\/?product=terra-pc-mini-6000v6-1-silent-greenline#primaryimage"},"thumbnailUrl":"https:\/\/www.pixel-as.fr\/wp-content\/uploads\/2025\/03\/item140035810000-4.jpg","datePublished":"2025-03-04T09:01:02+00:00","dateModified":"2025-03-04T10:39:25+00:00","breadcrumb":{"@id":"https:\/\/www.pixel-as.fr\/?product=terra-pc-mini-6000v6-1-silent-greenline#breadcrumb"},"inLanguage":"fr-FR","potentialAction":[{"@type":"ReadAction","target":["https:\/\/www.pixel-as.fr\/?product=terra-pc-mini-6000v6-1-silent-greenline"]}]},{"@type":"ImageObject","inLanguage":"fr-FR","@id":"https:\/\/www.pixel-as.fr\/?product=terra-pc-mini-6000v6-1-silent-greenline#primaryimage","url":"https:\/\/www.pixel-as.fr\/wp-content\/uploads\/2025\/03\/item140035810000-4.jpg","contentUrl":"https:\/\/www.pixel-as.fr\/wp-content\/uploads\/2025\/03\/item140035810000-4.jpg","width":1000,"height":1000},{"@type":"BreadcrumbList","@id":"https:\/\/www.pixel-as.fr\/?product=terra-pc-mini-6000v6-1-silent-greenline#breadcrumb","itemListElement":[{"@type":"ListItem","position":1,"name":"Accueil","item":"https:\/\/www.pixel-as.fr\/"},{"@type":"ListItem","position":2,"name":"Boutique","item":"https:\/\/www.pixel-as.fr\/?page_id=227"},{"@type":"ListItem","position":3,"name":"TERRA PC-Mini 6000V6.1 SILENT GREENLINE"}]},{"@type":"WebSite","@id":"https:\/\/www.pixel-as.fr\/#website","url":"https:\/\/www.pixel-as.fr\/","name":"Pixel AS informatique","description":"Accompagnement informatique personnalis\u00e9","publisher":{"@id":"https:\/\/www.pixel-as.fr\/#organization"},"potentialAction":[{"@type":"SearchAction","target":{"@type":"EntryPoint","urlTemplate":"https:\/\/www.pixel-as.fr\/?s={search_term_string}"},"query-input":{"@type":"PropertyValueSpecification","valueRequired":true,"valueName":"search_term_string"}}],"inLanguage":"fr-FR"},{"@type":"Organization","@id":"https:\/\/www.pixel-as.fr\/#organization","name":"Pixel AS informatique","url":"https:\/\/www.pixel-as.fr\/","logo":{"@type":"ImageObject","inLanguage":"fr-FR","@id":"https:\/\/www.pixel-as.fr\/#\/schema\/logo\/image\/","url":"https:\/\/www.pixel-as.fr\/wp-content\/uploads\/2025\/02\/logo.png","contentUrl":"https:\/\/www.pixel-as.fr\/wp-content\/uploads\/2025\/02\/logo.png","width":587,"height":231,"caption":"Pixel AS informatique"},"image":{"@id":"https:\/\/www.pixel-as.fr\/#\/schema\/logo\/image\/"}}]}},"_links":{"self":[{"href":"https:\/\/www.pixel-as.fr\/index.php?rest_route=\/wp\/v2\/product\/2416","targetHints":{"allow":["GET"]}}],"collection":[{"href":"https:\/\/www.pixel-as.fr\/index.php?rest_route=\/wp\/v2\/product"}],"about":[{"href":"https:\/\/www.pixel-as.fr\/index.php?rest_route=\/wp\/v2\/types\/product"}],"version-history":[{"count":1,"href":"https:\/\/www.pixel-as.fr\/index.php?rest_route=\/wp\/v2\/product\/2416\/revisions"}],"predecessor-version":[{"id":2417,"href":"https:\/\/www.pixel-as.fr\/index.php?rest_route=\/wp\/v2\/product\/2416\/revisions\/2417"}],"wp:featuredmedia":[{"embeddable":true,"href":"https:\/\/www.pixel-as.fr\/index.php?rest_route=\/wp\/v2\/media\/3813"}],"wp:attachment":[{"href":"https:\/\/www.pixel-as.fr\/index.php?rest_route=%2Fwp%2Fv2%2Fmedia&parent=2416"}],"wp:term":[{"taxonomy":"product_brand","embeddable":true,"href":"https:\/\/www.pixel-as.fr\/index.php?rest_route=%2Fwp%2Fv2%2Fproduct_brand&post=2416"},{"taxonomy":"product_cat","embeddable":true,"href":"https:\/\/www.pixel-as.fr\/index.php?rest_route=%2Fwp%2Fv2%2Fproduct_cat&post=2416"},{"taxonomy":"product_tag","embeddable":true,"href":"https:\/\/www.pixel-as.fr\/index.php?rest_route=%2Fwp%2Fv2%2Fproduct_tag&post=2416"}],"curies":[{"name":"wp","href":"https:\/\/api.w.org\/{rel}","templated":true}]}}