{"id":2431,"date":"2025-03-04T10:01:02","date_gmt":"2025-03-04T09:01:02","guid":{"rendered":"https:\/\/www.lexd7920.odns.fr\/test-elementor\/?product=terra-pc-business-7000"},"modified":"2025-03-04T11:42:52","modified_gmt":"2025-03-04T10:42:52","slug":"terra-pc-business-7000","status":"publish","type":"product","link":"https:\/\/www.pixel-as.fr\/?product=terra-pc-business-7000","title":{"rendered":"TERRA PC-BUSINESS 7000"},"content":{"rendered":"<table>\n<tr>\n<td><strong><\/strong><\/td>\n<td><strong>G\u00e9n\u00e9ral<\/strong><\/td>\n<\/tr>\n<tr>\n<td><strong>Mod\u00e8le de processeur<\/strong><\/td>\n<td>Intel Core i7 (12. Gen.) 12700 \/ 25 MB Intel Smart Cache, max. Turbo-Frequency 4.9 GHz)<\/td>\n<\/tr>\n<tr>\n<td><strong>Syst\u00e8me d&#8217;exploitation<\/strong><\/td>\n<td>Windows 11 Pro<\/td>\n<\/tr>\n<tr>\n<td><strong><\/strong><\/td>\n<td><strong>Logiciel<\/strong><\/td>\n<\/tr>\n<tr>\n<td><strong>Logiciels pr\u00e9-install\u00e9s<\/strong><\/td>\n<td>Version d&#8217;\u00e9valuation de 30 jours du Microsoft\u00ae 365 pour nouveaux clients.<\/td>\n<\/tr>\n<tr>\n<td><strong><\/strong><\/td>\n<td><strong>Processeur<\/strong><\/td>\n<\/tr>\n<tr>\n<td><strong>Famille de processeur<\/strong><\/td>\n<td>Core i7<\/td>\n<\/tr>\n<tr>\n<td><strong>Nombre de coeurs de processeurs<\/strong><\/td>\n<td>12-Core<\/td>\n<\/tr>\n<tr>\n<td><strong>Socket de processeur (r\u00e9ceptable de processeur)<\/strong><\/td>\n<td>FCLGA1700 Socket<\/td>\n<\/tr>\n<tr>\n<td><strong>Nombre de processeurs<\/strong><\/td>\n<td>1<\/td>\n<\/tr>\n<tr>\n<td><strong><\/strong><\/td>\n<td><strong>M\u00e9moire<\/strong><\/td>\n<\/tr>\n<tr>\n<td><strong>M\u00e9moire interne<\/strong><\/td>\n<td>16 Go<\/td>\n<\/tr>\n<tr>\n<td><strong>Configuration de la m\u00e9moire (fente x taille)<\/strong><\/td>\n<td>2 x 8 Go<\/td>\n<\/tr>\n<tr>\n<td><strong>M\u00e9moire interne maximale<\/strong><\/td>\n<td>128 Go<\/td>\n<\/tr>\n<tr>\n<td><strong>Fr\u00e9quence de la m\u00e9moire<\/strong><\/td>\n<td>3200 MHz<\/td>\n<\/tr>\n<tr>\n<td><strong>Type de m\u00e9moire interne<\/strong><\/td>\n<td>DDR4 SDRAM<\/td>\n<\/tr>\n<tr>\n<td><strong>Emplacements m\u00e9moire<\/strong><\/td>\n<td>4 pi\u00e8ce(s)<\/td>\n<\/tr>\n<tr>\n<td><strong><\/strong><\/td>\n<td><strong>Support de stockage<\/strong><\/td>\n<\/tr>\n<tr>\n<td><strong>Capacit\u00e9 totale de stockage<\/strong><\/td>\n<td>500 Go<\/td>\n<\/tr>\n<tr>\n<td><strong>Interface du disque dur<\/strong><\/td>\n<td>2x M.2  (Key M) 2280\/2260\/2242, PCIe 4.0 x4 mode, 4x SATA 6Gb\/s ports <\/br> Supporte SATA Raid, no NVMe Raid<\/td>\n<\/tr>\n<tr>\n<td><strong>Niveaux RAID<\/strong><\/td>\n<td>RAID 0 <\/br> RAID 1 <\/br> RAID 5 <\/br> RAID 10<\/td>\n<\/tr>\n<tr>\n<td><strong>Interface du Solid State Drive (SSD)<\/strong><\/td>\n<td>PCIe 4.0<\/td>\n<\/tr>\n<tr>\n<td><strong>Capacit\u00e9 disque dur<\/strong><\/td>\n<td>1 x 500 Go &#8211; SSD<\/td>\n<\/tr>\n<tr>\n<td><strong>Supports de stockage<\/strong><\/td>\n<td>SSD M.2<\/td>\n<\/tr>\n<tr>\n<td><strong><\/strong><\/td>\n<td><strong>repr\u00e9sentation \/ r\u00e9alisation<\/strong><\/td>\n<\/tr>\n<tr>\n<td><strong>position de march\u00e9<\/strong><\/td>\n<td>Business<\/td>\n<\/tr>\n<tr>\n<td><strong>Niveau sonore<\/strong><\/td>\n<td>24,0 dB (Idle-Mode)<\/td>\n<\/tr>\n<tr>\n<td><strong>Canaux de sortie audio<\/strong><\/td>\n<td>8-channel<\/td>\n<\/tr>\n<tr>\n<td><strong>Carte m\u00e8re chipset<\/strong><\/td>\n<td>Intel B760<\/td>\n<\/tr>\n<tr>\n<td><strong><\/strong><\/td>\n<td><strong>Design<\/strong><\/td>\n<\/tr>\n<tr>\n<td><strong>Type de ch\u00e2ssis<\/strong><\/td>\n<td>Mini-tour<\/td>\n<\/tr>\n<tr>\n<td><strong>Certification<\/strong><\/td>\n<td>Assemblage selon la norme ISO9001 en Allemagne <\/br> Compatibility: SMBios (DMI), EnergyStar (valid pour U.S.), EN62368-1, EN55032, EN55035,  EN61000-3-2\/3, EN62623, 89\/336\/ECC<\/td>\n<\/tr>\n<tr>\n<td><strong>Facteur de forme du clavier<\/strong><\/td>\n<td>clavier TERRA<\/td>\n<\/tr>\n<tr>\n<td><strong><\/strong><\/td>\n<td><strong>Clavier<\/strong><\/td>\n<\/tr>\n<tr>\n<td><strong>Language du clavier<\/strong><\/td>\n<td>Allemand<\/td>\n<\/tr>\n<tr>\n<td><strong>Technologie de connectivit\u00e9<\/strong><\/td>\n<td>Filaire<\/td>\n<\/tr>\n<tr>\n<td><strong>Interface de l&#8217;appareil<\/strong><\/td>\n<td>USB<\/td>\n<\/tr>\n<tr>\n<td><strong><\/strong><\/td>\n<td><strong>D\u00e9tails techniques<\/strong><\/td>\n<\/tr>\n<tr>\n<td><strong>Localisation<\/strong><\/td>\n<td>Allemand<\/td>\n<\/tr>\n<tr>\n<td><strong><\/strong><\/td>\n<td><strong>Contenu de l&#8217;emballage<\/strong><\/td>\n<\/tr>\n<tr>\n<td><strong>Accessoires inclus<\/strong><\/td>\n<td>Guide d&#8217;installation rapide, c\u00e2ble d&#8217;alimentation<\/td>\n<\/tr>\n<tr>\n<td><strong><\/strong><\/td>\n<td><strong>Connecteurs d&#8217;extension<\/strong><\/td>\n<\/tr>\n<tr>\n<td><strong>Connecteurs d&#8217;extension<\/strong><\/td>\n<td>1x PCIe 4.0\/3.0 x16 slot <\/br> 2x PCIe 3.0 x1<\/td>\n<\/tr>\n<tr>\n<td><strong><\/strong><\/td>\n<td><strong>Poids et dimensions<\/strong><\/td>\n<\/tr>\n<tr>\n<td><strong>Hauteur<\/strong><\/td>\n<td>37.5 cm<\/td>\n<\/tr>\n<tr>\n<td><strong>Largeur<\/strong><\/td>\n<td>18 cm<\/td>\n<\/tr>\n<tr>\n<td><strong>Profondeur<\/strong><\/td>\n<td>38.4 cm<\/td>\n<\/tr>\n<tr>\n<td><strong>Poids<\/strong><\/td>\n<td>8 kg<\/td>\n<\/tr>\n<tr>\n<td><strong><\/strong><\/td>\n<td><strong>Autres caract\u00e9ristiques<\/strong><\/td>\n<\/tr>\n<tr>\n<td><strong>Nombre de logements de disque<\/strong><\/td>\n<td>1 accessibles \u00e0 l&#8217;avant &#8211; 13.3 cm ( 5.25&#8243; ) <\/br> 1 accessible \u00e1 l&#8217;avant &#8211; 8.9 cm ( 3.5&#8243; ) <\/br> 1 interne &#8211; 8.9 cm (3.5&#8243;\/ 2.5&#8243; avec adaptateur)* <\/br> 1 interne &#8211; 6.4 cm ( 2.5&#8243; )<\/br><\/td>\n<\/tr>\n<tr>\n<td><strong>Interface<\/strong><\/td>\n<td>1x HDMI, 2x DP (Display Port), 1x VGA  <\/br> 5x USB 3.2 Gen1 ports Type-A (2x \u00e0 l&#8217;avsnt), 2x USB 2.0 ports, 1x USB 3.2 Gen2 Type-C <\/br> 1x LAN RJ-45, 3x Audio jacks, 1x PS\/2 <\/br> Optionell: 1x COM, 1x LPT, 1x TPM module<\/td>\n<\/tr>\n<tr>\n<td><strong>Syst\u00e8mes d&#8217;exploitation compatibles<\/strong><\/td>\n<td>Windows 10, Windows 11<\/td>\n<\/tr>\n<tr>\n<td><strong>Carte m\u00e8re fabricant<\/strong><\/td>\n<td>Gigabyte B760M DS3H<\/td>\n<\/tr>\n<tr>\n<td><strong>Type de refroidissement<\/strong><\/td>\n<td>TERRA Silent Heatpipe Cooler<\/td>\n<\/tr>\n<tr>\n<td><strong>Caract\u00e9ristiques sp\u00e9ciales<\/strong><\/td>\n<td>TPM 2.0 <\/br> Secure Boot <\/br> Windows Autopilot ready <\/br> 2x USB 3.2 Gen1 Typ A + Audio &#8216;\u00e0 l&#8217;avant<\/td>\n<\/tr>\n<tr>\n<td><strong><\/strong><\/td>\n<td><strong>Souris<\/strong><\/td>\n<\/tr>\n<tr>\n<td><strong>Souris incluse<\/strong><\/td>\n<td>Souris optique \u00e0 molette<\/td>\n<\/tr>\n<tr>\n<td><strong><\/strong><\/td>\n<td><strong>Graphique<\/strong><\/td>\n<\/tr>\n<tr>\n<td><strong>M\u00e9moire de la carte graphique int\u00e9gr\u00e9e<\/strong><\/td>\n<td>Dynamisch<\/td>\n<\/tr>\n<tr>\n<td><strong>R\u00e9solution maximum de carte graphique int\u00e9gr\u00e9e<\/strong><\/td>\n<td>DisplayPort 1.2 max. 4096 x 2304@60Hz <\/br> HDMI 2.1 max. 4096 x 2160@60Hz <\/br> D-Sub (VGA) max. 1920 x 1200@60Hz<\/td>\n<\/tr>\n<tr>\n<td><strong>Adaptateur graphique<\/strong><\/td>\n<td>Intel UHD Graphics 770<\/td>\n<\/tr>\n<tr>\n<td><strong>Mod\u00e8le d&#8217;adaptateur graphique inclus<\/strong><\/td>\n<td>Intel UHD Graphics 770<\/td>\n<\/tr>\n<tr>\n<td><strong>Quantit\u00e9 de ports de la carte graphique<\/strong><\/td>\n<td>1x HDMI, 2x DP (Display Port), 1x VGA <\/br> Supporte  4x TFT<\/td>\n<\/tr>\n<tr>\n<td><strong><\/strong><\/td>\n<td><strong>Puissance<\/strong><\/td>\n<\/tr>\n<tr>\n<td><strong>Source d&#8217;alimentation<\/strong><\/td>\n<td>Alimentation ATX 80 Plus Bronze, pour utilisation 24\/7<\/td>\n<\/tr>\n<tr>\n<td><strong>Puissance d&#8217;alimentation max.<\/strong><\/td>\n<td>400 W<\/td>\n<\/tr>\n<tr>\n<td><strong>Puissance nominale<\/strong><\/td>\n<td>\u00d8 26 Watt Idle-Mode<\/td>\n<\/tr>\n<tr>\n<td><strong>Tension d&#8217;entr\u00e9e de l&#8217;adaptateur secteur<\/strong><\/td>\n<td>AC 230V ( 50 Hz )<\/td>\n<\/tr>\n<tr>\n<td><strong><\/strong><\/td>\n<td><strong>Conditions environnementales<\/strong><\/td>\n<\/tr>\n<tr>\n<td><strong>Temp\u00e9rature d&#8217;op\u00e9ration<\/strong><\/td>\n<td>5 \u00b0C &#8211; 35 \u00b0C<\/td>\n<\/tr>\n<tr>\n<td><strong>Degr\u00e9 d&#8217;humidit\u00e9 recommand\u00e9 pour utilisation<\/strong><\/td>\n<td>10 &#8211; 75 % (sans condensation)<\/td>\n<\/tr>\n<tr>\n<td><strong><\/strong><\/td>\n<td><strong>R\u00e9seau<\/strong><\/td>\n<\/tr>\n<tr>\n<td><strong>Ethernet (LAN)<\/strong><\/td>\n<td>RJ45<\/td>\n<\/tr>\n<tr>\n<td><strong>Contr\u00f4leur de r\u00e9seau local (LAN)<\/strong><\/td>\n<td>Realtek 2.5GbE LAN chip (2.5 Gbps\/1 Gbps\/100 Mbps, WOL\/PXE<\/td>\n<\/tr>\n<tr>\n<td><strong>Protocoles de liaison de donn\u00e9es<\/strong><\/td>\n<td>Ethernet <\/br> Fast Ethernet <\/br> Gigabit Ethernet <\/br> 2.5 Gb Ethernet<\/td>\n<\/tr>\n<tr>\n<td><strong><\/strong><\/td>\n<td><strong>Lecteur optique<\/strong><\/td>\n<\/tr>\n<tr>\n<td><strong>Lecteur optique<\/strong><\/td>\n<td>Graveur de DVD<\/td>\n<\/tr>\n<tr>\n<td><strong><\/strong><\/td>\n<td><strong>Dispositif d&#8217;entr\u00e9e<\/strong><\/td>\n<\/tr>\n<tr>\n<td><strong>Technologie de d\u00e9tecteur de mouvement<\/strong><\/td>\n<td>Souris optique<\/td>\n<\/tr>\n<tr>\n<td><strong>Interface de l&#8217;appareil<\/strong><\/td>\n<td>USB <\/br> Info : Clavier allemand inclus<\/td>\n<\/tr>\n<tr>\n<td><strong><\/strong><\/td>\n<td><strong>Notes<\/strong><\/td>\n<\/tr>\n<tr>\n<td><strong>Informations compl\u00e9mentaires<\/strong><\/td>\n<td>*Le processus de modernisation est en phase de finalisation et devrait d\u00e9buter \u00e0 la fin de l&#8217;ann\u00e9e 2021. Le processus et le calendrier exacts peuvent varier en fonction de l&#8217;appareil.<\/td>\n<\/tr>\n<\/table>\n","protected":false},"excerpt":{"rendered":"<p>G\u00e9n\u00e9ral Mod\u00e8le de processeur Intel Core i7 (12. Gen.) 12700 \/ 25 MB Intel Smart Cache, max. Turbo-Frequency 4.9 GHz) Syst\u00e8me d&#8217;exploitation Windows 11 Pro Logiciel Logiciels pr\u00e9-install\u00e9s Version d&#8217;\u00e9valuation de 30 jours du Microsoft\u00ae 365 pour nouveaux clients. Processeur Famille de processeur Core i7 Nombre de coeurs de processeurs 12-Core Socket de processeur (r\u00e9ceptable [&hellip;]<\/p>\n","protected":false},"featured_media":3822,"template":"","meta":[],"product_brand":[],"product_cat":[26],"product_tag":[33],"class_list":{"0":"post-2431","1":"product","2":"type-product","3":"status-publish","4":"has-post-thumbnail","6":"product_cat-ordinateurs-bureau","7":"product_tag-wortmann-ag","9":"first","10":"instock","11":"taxable","12":"shipping-taxable","13":"purchasable","14":"product-type-simple"},"yoast_head":"<!-- This site is optimized with the Yoast SEO plugin v27.4 - https:\/\/yoast.com\/product\/yoast-seo-wordpress\/ -->\n<title>TERRA PC-BUSINESS 7000 - Pixel AS informatique<\/title>\n<meta name=\"robots\" content=\"index, follow, max-snippet:-1, max-image-preview:large, max-video-preview:-1\" \/>\n<link rel=\"canonical\" href=\"https:\/\/www.pixel-as.fr\/?product=terra-pc-business-7000\" \/>\n<meta property=\"og:locale\" content=\"fr_FR\" \/>\n<meta property=\"og:type\" content=\"article\" \/>\n<meta property=\"og:title\" content=\"TERRA PC-BUSINESS 7000 - Pixel AS informatique\" \/>\n<meta property=\"og:description\" content=\"G\u00e9n\u00e9ral Mod\u00e8le de processeur Intel Core i7 (12. Gen.) 12700 \/ 25 MB Intel Smart Cache, max. Turbo-Frequency 4.9 GHz) Syst\u00e8me d&#8217;exploitation Windows 11 Pro Logiciel Logiciels pr\u00e9-install\u00e9s Version d&#8217;\u00e9valuation de 30 jours du Microsoft\u00ae 365 pour nouveaux clients. Processeur Famille de processeur Core i7 Nombre de coeurs de processeurs 12-Core Socket de processeur (r\u00e9ceptable [&hellip;]\" \/>\n<meta property=\"og:url\" content=\"https:\/\/www.pixel-as.fr\/?product=terra-pc-business-7000\" \/>\n<meta property=\"og:site_name\" content=\"Pixel AS informatique\" \/>\n<meta property=\"article:modified_time\" content=\"2025-03-04T10:42:52+00:00\" \/>\n<meta property=\"og:image\" content=\"https:\/\/www.pixel-as.fr\/wp-content\/uploads\/2025\/03\/item203010030000-12.jpg\" \/>\n\t<meta property=\"og:image:width\" content=\"1000\" \/>\n\t<meta property=\"og:image:height\" content=\"1000\" \/>\n\t<meta property=\"og:image:type\" content=\"image\/jpeg\" \/>\n<meta name=\"twitter:card\" content=\"summary_large_image\" \/>\n<meta name=\"twitter:label1\" content=\"Dur\u00e9e de lecture estim\u00e9e\" \/>\n\t<meta name=\"twitter:data1\" content=\"2 minutes\" \/>\n<script type=\"application\/ld+json\" class=\"yoast-schema-graph\">{\"@context\":\"https:\\\/\\\/schema.org\",\"@graph\":[{\"@type\":\"WebPage\",\"@id\":\"https:\\\/\\\/www.pixel-as.fr\\\/?product=terra-pc-business-7000\",\"url\":\"https:\\\/\\\/www.pixel-as.fr\\\/?product=terra-pc-business-7000\",\"name\":\"TERRA PC-BUSINESS 7000 - Pixel AS informatique\",\"isPartOf\":{\"@id\":\"https:\\\/\\\/www.pixel-as.fr\\\/#website\"},\"primaryImageOfPage\":{\"@id\":\"https:\\\/\\\/www.pixel-as.fr\\\/?product=terra-pc-business-7000#primaryimage\"},\"image\":{\"@id\":\"https:\\\/\\\/www.pixel-as.fr\\\/?product=terra-pc-business-7000#primaryimage\"},\"thumbnailUrl\":\"https:\\\/\\\/www.pixel-as.fr\\\/wp-content\\\/uploads\\\/2025\\\/03\\\/item203010030000-12.jpg\",\"datePublished\":\"2025-03-04T09:01:02+00:00\",\"dateModified\":\"2025-03-04T10:42:52+00:00\",\"breadcrumb\":{\"@id\":\"https:\\\/\\\/www.pixel-as.fr\\\/?product=terra-pc-business-7000#breadcrumb\"},\"inLanguage\":\"fr-FR\",\"potentialAction\":[{\"@type\":\"ReadAction\",\"target\":[\"https:\\\/\\\/www.pixel-as.fr\\\/?product=terra-pc-business-7000\"]}]},{\"@type\":\"ImageObject\",\"inLanguage\":\"fr-FR\",\"@id\":\"https:\\\/\\\/www.pixel-as.fr\\\/?product=terra-pc-business-7000#primaryimage\",\"url\":\"https:\\\/\\\/www.pixel-as.fr\\\/wp-content\\\/uploads\\\/2025\\\/03\\\/item203010030000-12.jpg\",\"contentUrl\":\"https:\\\/\\\/www.pixel-as.fr\\\/wp-content\\\/uploads\\\/2025\\\/03\\\/item203010030000-12.jpg\",\"width\":1000,\"height\":1000},{\"@type\":\"BreadcrumbList\",\"@id\":\"https:\\\/\\\/www.pixel-as.fr\\\/?product=terra-pc-business-7000#breadcrumb\",\"itemListElement\":[{\"@type\":\"ListItem\",\"position\":1,\"name\":\"Accueil\",\"item\":\"https:\\\/\\\/www.pixel-as.fr\\\/\"},{\"@type\":\"ListItem\",\"position\":2,\"name\":\"Boutique\",\"item\":\"https:\\\/\\\/www.pixel-as.fr\\\/?page_id=227\"},{\"@type\":\"ListItem\",\"position\":3,\"name\":\"TERRA PC-BUSINESS 7000\"}]},{\"@type\":\"WebSite\",\"@id\":\"https:\\\/\\\/www.pixel-as.fr\\\/#website\",\"url\":\"https:\\\/\\\/www.pixel-as.fr\\\/\",\"name\":\"Pixel AS informatique\",\"description\":\"Accompagnement informatique personnalis\u00e9\",\"publisher\":{\"@id\":\"https:\\\/\\\/www.pixel-as.fr\\\/#organization\"},\"potentialAction\":[{\"@type\":\"SearchAction\",\"target\":{\"@type\":\"EntryPoint\",\"urlTemplate\":\"https:\\\/\\\/www.pixel-as.fr\\\/?s={search_term_string}\"},\"query-input\":{\"@type\":\"PropertyValueSpecification\",\"valueRequired\":true,\"valueName\":\"search_term_string\"}}],\"inLanguage\":\"fr-FR\"},{\"@type\":\"Organization\",\"@id\":\"https:\\\/\\\/www.pixel-as.fr\\\/#organization\",\"name\":\"Pixel AS informatique\",\"url\":\"https:\\\/\\\/www.pixel-as.fr\\\/\",\"logo\":{\"@type\":\"ImageObject\",\"inLanguage\":\"fr-FR\",\"@id\":\"https:\\\/\\\/www.pixel-as.fr\\\/#\\\/schema\\\/logo\\\/image\\\/\",\"url\":\"https:\\\/\\\/www.pixel-as.fr\\\/wp-content\\\/uploads\\\/2025\\\/02\\\/logo.png\",\"contentUrl\":\"https:\\\/\\\/www.pixel-as.fr\\\/wp-content\\\/uploads\\\/2025\\\/02\\\/logo.png\",\"width\":587,\"height\":231,\"caption\":\"Pixel AS informatique\"},\"image\":{\"@id\":\"https:\\\/\\\/www.pixel-as.fr\\\/#\\\/schema\\\/logo\\\/image\\\/\"}}]}<\/script>\n<!-- \/ Yoast SEO plugin. -->","yoast_head_json":{"title":"TERRA PC-BUSINESS 7000 - Pixel AS informatique","robots":{"index":"index","follow":"follow","max-snippet":"max-snippet:-1","max-image-preview":"max-image-preview:large","max-video-preview":"max-video-preview:-1"},"canonical":"https:\/\/www.pixel-as.fr\/?product=terra-pc-business-7000","og_locale":"fr_FR","og_type":"article","og_title":"TERRA PC-BUSINESS 7000 - Pixel AS informatique","og_description":"G\u00e9n\u00e9ral Mod\u00e8le de processeur Intel Core i7 (12. Gen.) 12700 \/ 25 MB Intel Smart Cache, max. Turbo-Frequency 4.9 GHz) Syst\u00e8me d&#8217;exploitation Windows 11 Pro Logiciel Logiciels pr\u00e9-install\u00e9s Version d&#8217;\u00e9valuation de 30 jours du Microsoft\u00ae 365 pour nouveaux clients. Processeur Famille de processeur Core i7 Nombre de coeurs de processeurs 12-Core Socket de processeur (r\u00e9ceptable [&hellip;]","og_url":"https:\/\/www.pixel-as.fr\/?product=terra-pc-business-7000","og_site_name":"Pixel AS informatique","article_modified_time":"2025-03-04T10:42:52+00:00","og_image":[{"width":1000,"height":1000,"url":"https:\/\/www.pixel-as.fr\/wp-content\/uploads\/2025\/03\/item203010030000-12.jpg","type":"image\/jpeg"}],"twitter_card":"summary_large_image","twitter_misc":{"Dur\u00e9e de lecture estim\u00e9e":"2 minutes"},"schema":{"@context":"https:\/\/schema.org","@graph":[{"@type":"WebPage","@id":"https:\/\/www.pixel-as.fr\/?product=terra-pc-business-7000","url":"https:\/\/www.pixel-as.fr\/?product=terra-pc-business-7000","name":"TERRA PC-BUSINESS 7000 - Pixel AS informatique","isPartOf":{"@id":"https:\/\/www.pixel-as.fr\/#website"},"primaryImageOfPage":{"@id":"https:\/\/www.pixel-as.fr\/?product=terra-pc-business-7000#primaryimage"},"image":{"@id":"https:\/\/www.pixel-as.fr\/?product=terra-pc-business-7000#primaryimage"},"thumbnailUrl":"https:\/\/www.pixel-as.fr\/wp-content\/uploads\/2025\/03\/item203010030000-12.jpg","datePublished":"2025-03-04T09:01:02+00:00","dateModified":"2025-03-04T10:42:52+00:00","breadcrumb":{"@id":"https:\/\/www.pixel-as.fr\/?product=terra-pc-business-7000#breadcrumb"},"inLanguage":"fr-FR","potentialAction":[{"@type":"ReadAction","target":["https:\/\/www.pixel-as.fr\/?product=terra-pc-business-7000"]}]},{"@type":"ImageObject","inLanguage":"fr-FR","@id":"https:\/\/www.pixel-as.fr\/?product=terra-pc-business-7000#primaryimage","url":"https:\/\/www.pixel-as.fr\/wp-content\/uploads\/2025\/03\/item203010030000-12.jpg","contentUrl":"https:\/\/www.pixel-as.fr\/wp-content\/uploads\/2025\/03\/item203010030000-12.jpg","width":1000,"height":1000},{"@type":"BreadcrumbList","@id":"https:\/\/www.pixel-as.fr\/?product=terra-pc-business-7000#breadcrumb","itemListElement":[{"@type":"ListItem","position":1,"name":"Accueil","item":"https:\/\/www.pixel-as.fr\/"},{"@type":"ListItem","position":2,"name":"Boutique","item":"https:\/\/www.pixel-as.fr\/?page_id=227"},{"@type":"ListItem","position":3,"name":"TERRA PC-BUSINESS 7000"}]},{"@type":"WebSite","@id":"https:\/\/www.pixel-as.fr\/#website","url":"https:\/\/www.pixel-as.fr\/","name":"Pixel AS informatique","description":"Accompagnement informatique personnalis\u00e9","publisher":{"@id":"https:\/\/www.pixel-as.fr\/#organization"},"potentialAction":[{"@type":"SearchAction","target":{"@type":"EntryPoint","urlTemplate":"https:\/\/www.pixel-as.fr\/?s={search_term_string}"},"query-input":{"@type":"PropertyValueSpecification","valueRequired":true,"valueName":"search_term_string"}}],"inLanguage":"fr-FR"},{"@type":"Organization","@id":"https:\/\/www.pixel-as.fr\/#organization","name":"Pixel AS informatique","url":"https:\/\/www.pixel-as.fr\/","logo":{"@type":"ImageObject","inLanguage":"fr-FR","@id":"https:\/\/www.pixel-as.fr\/#\/schema\/logo\/image\/","url":"https:\/\/www.pixel-as.fr\/wp-content\/uploads\/2025\/02\/logo.png","contentUrl":"https:\/\/www.pixel-as.fr\/wp-content\/uploads\/2025\/02\/logo.png","width":587,"height":231,"caption":"Pixel AS informatique"},"image":{"@id":"https:\/\/www.pixel-as.fr\/#\/schema\/logo\/image\/"}}]}},"_links":{"self":[{"href":"https:\/\/www.pixel-as.fr\/index.php?rest_route=\/wp\/v2\/product\/2431","targetHints":{"allow":["GET"]}}],"collection":[{"href":"https:\/\/www.pixel-as.fr\/index.php?rest_route=\/wp\/v2\/product"}],"about":[{"href":"https:\/\/www.pixel-as.fr\/index.php?rest_route=\/wp\/v2\/types\/product"}],"version-history":[{"count":1,"href":"https:\/\/www.pixel-as.fr\/index.php?rest_route=\/wp\/v2\/product\/2431\/revisions"}],"predecessor-version":[{"id":2432,"href":"https:\/\/www.pixel-as.fr\/index.php?rest_route=\/wp\/v2\/product\/2431\/revisions\/2432"}],"wp:featuredmedia":[{"embeddable":true,"href":"https:\/\/www.pixel-as.fr\/index.php?rest_route=\/wp\/v2\/media\/3822"}],"wp:attachment":[{"href":"https:\/\/www.pixel-as.fr\/index.php?rest_route=%2Fwp%2Fv2%2Fmedia&parent=2431"}],"wp:term":[{"taxonomy":"product_brand","embeddable":true,"href":"https:\/\/www.pixel-as.fr\/index.php?rest_route=%2Fwp%2Fv2%2Fproduct_brand&post=2431"},{"taxonomy":"product_cat","embeddable":true,"href":"https:\/\/www.pixel-as.fr\/index.php?rest_route=%2Fwp%2Fv2%2Fproduct_cat&post=2431"},{"taxonomy":"product_tag","embeddable":true,"href":"https:\/\/www.pixel-as.fr\/index.php?rest_route=%2Fwp%2Fv2%2Fproduct_tag&post=2431"}],"curies":[{"name":"wp","href":"https:\/\/api.w.org\/{rel}","templated":true}]}}