{"id":2518,"date":"2025-03-04T10:01:38","date_gmt":"2025-03-04T09:01:38","guid":{"rendered":"https:\/\/www.lexd7920.odns.fr\/test-elementor\/?product=terra-miniserver-g5-e-2356g-32-2x960-c-ws2022s"},"modified":"2025-03-04T11:52:19","modified_gmt":"2025-03-04T10:52:19","slug":"terra-miniserver-g5-e-2356g-32-2x960-c-ws2022s","status":"publish","type":"product","link":"https:\/\/www.pixel-as.fr\/?product=terra-miniserver-g5-e-2356g-32-2x960-c-ws2022s","title":{"rendered":"TERRA MINISERVER G5 E-2356G\/32\/2&#215;960\/C\/WS2022S"},"content":{"rendered":"<table>\n<tr>\n<td><strong><\/strong><\/td>\n<td><strong>Processeur<\/strong><\/td>\n<\/tr>\n<tr>\n<td><strong>Cache L3<\/strong><\/td>\n<td>12 Mo<\/td>\n<\/tr>\n<tr>\n<td><strong>Famille de processeur<\/strong><\/td>\n<td>1-CPU \/ Xeon UP<\/td>\n<\/tr>\n<tr>\n<td><strong>Nombre de coeurs de processeurs<\/strong><\/td>\n<td>6-C\u0153ur<\/td>\n<\/tr>\n<tr>\n<td><strong>Fr\u00e9quence du processeur<\/strong><\/td>\n<td>3.2 GHz<\/td>\n<\/tr>\n<tr>\n<td><strong>Nombre de processeurs<\/strong><\/td>\n<td>1<\/td>\n<\/tr>\n<tr>\n<td><strong>Nombre max. de processeurs SMP<\/strong><\/td>\n<td>1<\/td>\n<\/tr>\n<tr>\n<td><strong>Socket de processeur (r\u00e9ceptable de processeur)<\/strong><\/td>\n<td>LGA1200<\/td>\n<\/tr>\n<tr>\n<td><strong>Carte m\u00e8re chipset<\/strong><\/td>\n<td>Intel C252<\/td>\n<\/tr>\n<tr>\n<td><strong><\/strong><\/td>\n<td><strong>G\u00e9n\u00e9ral<\/strong><\/td>\n<\/tr>\n<tr>\n<td><strong>Mod\u00e8le de processeur<\/strong><\/td>\n<td>Intel Xeon E-2356G \/ 3.2 GHz<\/td>\n<\/tr>\n<tr>\n<td><strong>Syst\u00e8me d&#8217;exploitation<\/strong><\/td>\n<td>Windows Server 2022 Standard<\/td>\n<\/tr>\n<tr>\n<td><strong><\/strong><\/td>\n<td><strong>repr\u00e9sentation \/ r\u00e9alisation<\/strong><\/td>\n<\/tr>\n<tr>\n<td><strong>position de march\u00e9<\/strong><\/td>\n<td>MINISERVER<\/td>\n<\/tr>\n<tr>\n<td><strong>Syst\u00e8mes d&#8217;exploitation compatibles<\/strong><\/td>\n<td>Windows Server 2022<\/br> Windows Server 2019<\/br><\/td>\n<\/tr>\n<tr>\n<td><strong>Quantit\u00e9 de canaux<\/strong><\/td>\n<td>8<\/td>\n<\/tr>\n<tr>\n<td><strong><\/strong><\/td>\n<td><strong>M\u00e9moire<\/strong><\/td>\n<\/tr>\n<tr>\n<td><strong>M\u00e9moire interne<\/strong><\/td>\n<td>32 Go<\/td>\n<\/tr>\n<tr>\n<td><strong>M\u00e9moire interne maximale<\/strong><\/td>\n<td>64 Go<\/td>\n<\/tr>\n<tr>\n<td><strong>Type de m\u00e9moire interne<\/strong><\/td>\n<td>DDR4 ECC UB RAM<\/td>\n<\/tr>\n<tr>\n<td><strong>Emplacements m\u00e9moire<\/strong><\/td>\n<td>2x DDR4 PC3200\/2933\/2666, UB ECC<\/td>\n<\/tr>\n<tr>\n<td><strong>Canaux de m\u00e9moire<\/strong><\/td>\n<td>Dual-Channel-Memory-Architecture<\/td>\n<\/tr>\n<tr>\n<td><strong><\/strong><\/td>\n<td><strong>Support de stockage<\/strong><\/td>\n<\/tr>\n<tr>\n<td><strong>Lecteur optique<\/strong><\/td>\n<td>En option par USB (externe)<\/td>\n<\/tr>\n<tr>\n<td><strong>Niveaux RAID<\/strong><\/td>\n<td>RAID 1<\/td>\n<\/tr>\n<tr>\n<td><strong>Nombre de lecteurs de stockage install\u00e9s<\/strong><\/td>\n<td>2 pi\u00e8ce(s)<\/td>\n<\/tr>\n<tr>\n<td><strong>Baies internes<\/strong><\/td>\n<td>4x 3.5&#8243;\/2.5&#8243; <\/br> 2x 2.5&#8243;<\/td>\n<\/tr>\n<tr>\n<td><strong>Capacit\u00e9 totale de stockage<\/strong><\/td>\n<td>1920 Go<\/td>\n<\/tr>\n<tr>\n<td><strong>Interface du Solid State Drive (SSD)<\/strong><\/td>\n<td>SATA 6Gb\/s<\/td>\n<\/tr>\n<tr>\n<td><strong>Capacit\u00e9 disque dur<\/strong><\/td>\n<td>2x 960 Go SSD<\/td>\n<\/tr>\n<tr>\n<td><strong>Type de support de stockage<\/strong><\/td>\n<td>SSD SATA<\/td>\n<\/tr>\n<tr>\n<td><strong><\/strong><\/td>\n<td><strong>Design<\/strong><\/td>\n<\/tr>\n<tr>\n<td><strong>Certification<\/strong><\/td>\n<td>CE, production selon ISO9001 en Allemagne<\/td>\n<\/tr>\n<tr>\n<td><strong>Grille de montage<\/strong><\/td>\n<td>bo\u00eetier debout<\/td>\n<\/tr>\n<tr>\n<td><strong>Type de ch\u00e2ssis<\/strong><\/td>\n<td>Pedestal \/ Mini Tower<\/td>\n<\/tr>\n<tr>\n<td><strong><\/strong><\/td>\n<td><strong>Puissance<\/strong><\/td>\n<\/tr>\n<tr>\n<td><strong>Nombre de blocs d&#8217;alimentation redondants pris en charge<\/strong><\/td>\n<td>1<\/td>\n<\/tr>\n<tr>\n<td><strong>Nombre d&#8217;alimentations redondantes install\u00e9es<\/strong><\/td>\n<td>1<\/td>\n<\/tr>\n<tr>\n<td><strong>Source d&#8217;alimentation<\/strong><\/td>\n<td>Alimentation<\/td>\n<\/tr>\n<tr>\n<td><strong>Alimentation redondante (RPS)<\/strong><\/td>\n<td>Non<\/td>\n<\/tr>\n<tr>\n<td><strong>Puissance d&#8217;alimentation max.<\/strong><\/td>\n<td>450 W<\/td>\n<\/tr>\n<tr>\n<td><strong>Nombre d&#8217;alimentations d&#8217;\u00e9nergie<\/strong><\/td>\n<td>1 pi\u00e8ce(s)<\/td>\n<\/tr>\n<tr>\n<td><strong>Tension d&#8217;entr\u00e9e de l&#8217;adaptateur secteur<\/strong><\/td>\n<td>100-240 V~ (Auto Full Range), 6-3 A, 50-60 Hz<\/td>\n<\/tr>\n<tr>\n<td><strong><\/strong><\/td>\n<td><strong>Souris<\/strong><\/td>\n<\/tr>\n<tr>\n<td><strong>Souris incluse<\/strong><\/td>\n<td>En option<\/td>\n<\/tr>\n<tr>\n<td><strong><\/strong><\/td>\n<td><strong>Clavier<\/strong><\/td>\n<\/tr>\n<tr>\n<td><strong>Facteur de forme du clavier<\/strong><\/td>\n<td>En option<\/td>\n<\/tr>\n<tr>\n<td><strong><\/strong><\/td>\n<td><strong>R\u00e9seau<\/strong><\/td>\n<\/tr>\n<tr>\n<td><strong>Ethernet (LAN)<\/strong><\/td>\n<td>Int\u00e9gr\u00e9<\/td>\n<\/tr>\n<tr>\n<td><strong>Contr\u00f4leur de r\u00e9seau local (LAN)<\/strong><\/td>\n<td>2x Intel I210<\/td>\n<\/tr>\n<tr>\n<td><strong>Technologie de cabl\u00e2ge<\/strong><\/td>\n<td>2x 1 GbE (RJ45)<\/td>\n<\/tr>\n<tr>\n<td><strong><\/strong><\/td>\n<td><strong>Autres caract\u00e9ristiques<\/strong><\/td>\n<\/tr>\n<tr>\n<td><strong>Nombre de logements de disque<\/strong><\/td>\n<td>1x PCIe 4.0 x16<\/td>\n<\/tr>\n<tr>\n<td><strong>Interface<\/strong><\/td>\n<td>1x VGA (fonctionne uniquement avec module ASMB10-iKVM) <\/br> 2x LAN (RJ-45) <\/br> 1x Mgmt LAN <\/br> 6x USB 3.2 Gen1 (2x \u00e0 l&#8217;avant) <\/br> en option: 1x s\u00e9rie<\/td>\n<\/tr>\n<tr>\n<td><strong>Carte m\u00e8re fabricant<\/strong><\/td>\n<td>Asus P12R-I<\/td>\n<\/tr>\n<tr>\n<td><strong>Administration \u00e0 distance<\/strong><\/td>\n<td>Oui<\/td>\n<\/tr>\n<tr>\n<td><strong>Contr\u00f4leur de disque dur<\/strong><\/td>\n<td>Broadcom MegaRAID 9550-8i<\/td>\n<\/tr>\n<tr>\n<td><strong><\/strong><\/td>\n<td><strong>D\u00e9tails techniques<\/strong><\/td>\n<\/tr>\n<tr>\n<td><strong>Localisation<\/strong><\/td>\n<td>International<\/td>\n<\/tr>\n<tr>\n<td><strong>Service optionnel sur place<\/strong><\/td>\n<td>Service 24 heures sur site + DMR<\/br> Service 24 heures sur site + DMR + Premium<\/br><\/td>\n<\/tr>\n<tr>\n<td><strong><\/strong><\/td>\n<td><strong>Poids et dimensions<\/strong><\/td>\n<\/tr>\n<tr>\n<td><strong>Hauteur<\/strong><\/td>\n<td>27 cm<\/td>\n<\/tr>\n<tr>\n<td><strong>Largeur<\/strong><\/td>\n<td>20 cm<\/td>\n<\/tr>\n<tr>\n<td><strong>Profondeur<\/strong><\/td>\n<td>34 cm<\/td>\n<\/tr>\n<tr>\n<td><strong>Poids<\/strong><\/td>\n<td>8.2 kg<\/td>\n<\/tr>\n<tr>\n<td><strong><\/strong><\/td>\n<td><strong>Refroidissement<\/strong><\/td>\n<\/tr>\n<tr>\n<td><strong>Type de refroidissement<\/strong><\/td>\n<td>Actif<\/td>\n<\/tr>\n<tr>\n<td><strong><\/strong><\/td>\n<td><strong>Graphique<\/strong><\/td>\n<\/tr>\n<tr>\n<td><strong>Quantit\u00e9 de ports de la carte graphique<\/strong><\/td>\n<td>VGA<\/td>\n<\/tr>\n<tr>\n<td><strong>Taille de la m\u00e9moire vid\u00e9o<\/strong><\/td>\n<td>64 Mo<\/td>\n<\/tr>\n<tr>\n<td><strong>Adaptateur graphique<\/strong><\/td>\n<td>Aspeed AST2600<\/td>\n<\/tr>\n<tr>\n<td><strong><\/strong><\/td>\n<td><strong>Conditions environnementales<\/strong><\/td>\n<\/tr>\n<tr>\n<td><strong>Temp\u00e9rature d&#8217;op\u00e9ration<\/strong><\/td>\n<td>10 \u00b0C &#8211; 35 \u00b0C (recommandation: 20 \u00b0C &#8211; 22 \u00b0C)<\/td>\n<\/tr>\n<tr>\n<td><strong>Degr\u00e9 d&#8217;humidit\u00e9 recommand\u00e9 pour utilisation<\/strong><\/td>\n<td>10-75% (sans condensation)<\/td>\n<\/tr>\n<\/table>\n","protected":false},"excerpt":{"rendered":"<p>Processeur Cache L3 12 Mo Famille de processeur 1-CPU \/ Xeon UP Nombre de coeurs de processeurs 6-C\u0153ur Fr\u00e9quence du processeur 3.2 GHz Nombre de processeurs 1 Nombre max. de processeurs SMP 1 Socket de processeur (r\u00e9ceptable de processeur) LGA1200 Carte m\u00e8re chipset Intel C252 G\u00e9n\u00e9ral Mod\u00e8le de processeur Intel Xeon E-2356G \/ 3.2 GHz [&hellip;]<\/p>\n","protected":false},"featured_media":3884,"template":"","meta":[],"product_brand":[],"product_cat":[22],"product_tag":[33],"class_list":{"0":"post-2518","1":"product","2":"type-product","3":"status-publish","4":"has-post-thumbnail","6":"product_cat-non-classe","7":"product_tag-wortmann-ag","9":"first","10":"instock","11":"taxable","12":"shipping-taxable","13":"purchasable","14":"product-type-simple"},"yoast_head":"<!-- This site is optimized with the Yoast SEO plugin v27.6 - https:\/\/yoast.com\/product\/yoast-seo-wordpress\/ -->\n<title>TERRA MINISERVER G5 E-2356G\/32\/2x960\/C\/WS2022S - Pixel AS informatique<\/title>\n<meta name=\"robots\" content=\"index, follow, max-snippet:-1, max-image-preview:large, max-video-preview:-1\" \/>\n<link rel=\"canonical\" href=\"https:\/\/www.pixel-as.fr\/?product=terra-miniserver-g5-e-2356g-32-2x960-c-ws2022s\" \/>\n<meta property=\"og:locale\" content=\"fr_FR\" \/>\n<meta property=\"og:type\" content=\"article\" \/>\n<meta property=\"og:title\" content=\"TERRA MINISERVER G5 E-2356G\/32\/2x960\/C\/WS2022S - Pixel AS informatique\" \/>\n<meta property=\"og:description\" content=\"Processeur Cache L3 12 Mo Famille de processeur 1-CPU \/ Xeon UP Nombre de coeurs de processeurs 6-C\u0153ur Fr\u00e9quence du processeur 3.2 GHz Nombre de processeurs 1 Nombre max. de processeurs SMP 1 Socket de processeur (r\u00e9ceptable de processeur) LGA1200 Carte m\u00e8re chipset Intel C252 G\u00e9n\u00e9ral Mod\u00e8le de processeur Intel Xeon E-2356G \/ 3.2 GHz [&hellip;]\" \/>\n<meta property=\"og:url\" content=\"https:\/\/www.pixel-as.fr\/?product=terra-miniserver-g5-e-2356g-32-2x960-c-ws2022s\" \/>\n<meta property=\"og:site_name\" content=\"Pixel AS informatique\" \/>\n<meta property=\"article:modified_time\" content=\"2025-03-04T10:52:19+00:00\" \/>\n<meta property=\"og:image\" content=\"https:\/\/www.pixel-as.fr\/wp-content\/uploads\/2025\/03\/item110011810000-12.jpg\" \/>\n\t<meta property=\"og:image:width\" content=\"1000\" \/>\n\t<meta property=\"og:image:height\" content=\"1000\" \/>\n\t<meta property=\"og:image:type\" content=\"image\/jpeg\" \/>\n<meta name=\"twitter:card\" content=\"summary_large_image\" \/>\n<meta name=\"twitter:label1\" content=\"Dur\u00e9e de lecture estim\u00e9e\" \/>\n\t<meta name=\"twitter:data1\" content=\"2 minutes\" \/>\n<script type=\"application\/ld+json\" class=\"yoast-schema-graph\">{\"@context\":\"https:\\\/\\\/schema.org\",\"@graph\":[{\"@type\":\"WebPage\",\"@id\":\"https:\\\/\\\/www.pixel-as.fr\\\/?product=terra-miniserver-g5-e-2356g-32-2x960-c-ws2022s\",\"url\":\"https:\\\/\\\/www.pixel-as.fr\\\/?product=terra-miniserver-g5-e-2356g-32-2x960-c-ws2022s\",\"name\":\"TERRA MINISERVER G5 E-2356G\\\/32\\\/2x960\\\/C\\\/WS2022S - Pixel AS informatique\",\"isPartOf\":{\"@id\":\"https:\\\/\\\/www.pixel-as.fr\\\/#website\"},\"primaryImageOfPage\":{\"@id\":\"https:\\\/\\\/www.pixel-as.fr\\\/?product=terra-miniserver-g5-e-2356g-32-2x960-c-ws2022s#primaryimage\"},\"image\":{\"@id\":\"https:\\\/\\\/www.pixel-as.fr\\\/?product=terra-miniserver-g5-e-2356g-32-2x960-c-ws2022s#primaryimage\"},\"thumbnailUrl\":\"https:\\\/\\\/www.pixel-as.fr\\\/wp-content\\\/uploads\\\/2025\\\/03\\\/item110011810000-12.jpg\",\"datePublished\":\"2025-03-04T09:01:38+00:00\",\"dateModified\":\"2025-03-04T10:52:19+00:00\",\"breadcrumb\":{\"@id\":\"https:\\\/\\\/www.pixel-as.fr\\\/?product=terra-miniserver-g5-e-2356g-32-2x960-c-ws2022s#breadcrumb\"},\"inLanguage\":\"fr-FR\",\"potentialAction\":[{\"@type\":\"ReadAction\",\"target\":[\"https:\\\/\\\/www.pixel-as.fr\\\/?product=terra-miniserver-g5-e-2356g-32-2x960-c-ws2022s\"]}]},{\"@type\":\"ImageObject\",\"inLanguage\":\"fr-FR\",\"@id\":\"https:\\\/\\\/www.pixel-as.fr\\\/?product=terra-miniserver-g5-e-2356g-32-2x960-c-ws2022s#primaryimage\",\"url\":\"https:\\\/\\\/www.pixel-as.fr\\\/wp-content\\\/uploads\\\/2025\\\/03\\\/item110011810000-12.jpg\",\"contentUrl\":\"https:\\\/\\\/www.pixel-as.fr\\\/wp-content\\\/uploads\\\/2025\\\/03\\\/item110011810000-12.jpg\",\"width\":1000,\"height\":1000},{\"@type\":\"BreadcrumbList\",\"@id\":\"https:\\\/\\\/www.pixel-as.fr\\\/?product=terra-miniserver-g5-e-2356g-32-2x960-c-ws2022s#breadcrumb\",\"itemListElement\":[{\"@type\":\"ListItem\",\"position\":1,\"name\":\"Accueil\",\"item\":\"https:\\\/\\\/www.pixel-as.fr\\\/\"},{\"@type\":\"ListItem\",\"position\":2,\"name\":\"Boutique\",\"item\":\"https:\\\/\\\/www.pixel-as.fr\\\/?page_id=227\"},{\"@type\":\"ListItem\",\"position\":3,\"name\":\"TERRA MINISERVER G5 E-2356G\\\/32\\\/2&#215;960\\\/C\\\/WS2022S\"}]},{\"@type\":\"WebSite\",\"@id\":\"https:\\\/\\\/www.pixel-as.fr\\\/#website\",\"url\":\"https:\\\/\\\/www.pixel-as.fr\\\/\",\"name\":\"Pixel AS informatique\",\"description\":\"Accompagnement informatique personnalis\u00e9\",\"publisher\":{\"@id\":\"https:\\\/\\\/www.pixel-as.fr\\\/#organization\"},\"potentialAction\":[{\"@type\":\"SearchAction\",\"target\":{\"@type\":\"EntryPoint\",\"urlTemplate\":\"https:\\\/\\\/www.pixel-as.fr\\\/?s={search_term_string}\"},\"query-input\":{\"@type\":\"PropertyValueSpecification\",\"valueRequired\":true,\"valueName\":\"search_term_string\"}}],\"inLanguage\":\"fr-FR\"},{\"@type\":\"Organization\",\"@id\":\"https:\\\/\\\/www.pixel-as.fr\\\/#organization\",\"name\":\"Pixel AS informatique\",\"url\":\"https:\\\/\\\/www.pixel-as.fr\\\/\",\"logo\":{\"@type\":\"ImageObject\",\"inLanguage\":\"fr-FR\",\"@id\":\"https:\\\/\\\/www.pixel-as.fr\\\/#\\\/schema\\\/logo\\\/image\\\/\",\"url\":\"https:\\\/\\\/www.pixel-as.fr\\\/wp-content\\\/uploads\\\/2025\\\/02\\\/logo.png\",\"contentUrl\":\"https:\\\/\\\/www.pixel-as.fr\\\/wp-content\\\/uploads\\\/2025\\\/02\\\/logo.png\",\"width\":587,\"height\":231,\"caption\":\"Pixel AS informatique\"},\"image\":{\"@id\":\"https:\\\/\\\/www.pixel-as.fr\\\/#\\\/schema\\\/logo\\\/image\\\/\"}}]}<\/script>\n<!-- \/ Yoast SEO plugin. -->","yoast_head_json":{"title":"TERRA MINISERVER G5 E-2356G\/32\/2x960\/C\/WS2022S - Pixel AS informatique","robots":{"index":"index","follow":"follow","max-snippet":"max-snippet:-1","max-image-preview":"max-image-preview:large","max-video-preview":"max-video-preview:-1"},"canonical":"https:\/\/www.pixel-as.fr\/?product=terra-miniserver-g5-e-2356g-32-2x960-c-ws2022s","og_locale":"fr_FR","og_type":"article","og_title":"TERRA MINISERVER G5 E-2356G\/32\/2x960\/C\/WS2022S - Pixel AS informatique","og_description":"Processeur Cache L3 12 Mo Famille de processeur 1-CPU \/ Xeon UP Nombre de coeurs de processeurs 6-C\u0153ur Fr\u00e9quence du processeur 3.2 GHz Nombre de processeurs 1 Nombre max. de processeurs SMP 1 Socket de processeur (r\u00e9ceptable de processeur) LGA1200 Carte m\u00e8re chipset Intel C252 G\u00e9n\u00e9ral Mod\u00e8le de processeur Intel Xeon E-2356G \/ 3.2 GHz [&hellip;]","og_url":"https:\/\/www.pixel-as.fr\/?product=terra-miniserver-g5-e-2356g-32-2x960-c-ws2022s","og_site_name":"Pixel AS informatique","article_modified_time":"2025-03-04T10:52:19+00:00","og_image":[{"width":1000,"height":1000,"url":"https:\/\/www.pixel-as.fr\/wp-content\/uploads\/2025\/03\/item110011810000-12.jpg","type":"image\/jpeg"}],"twitter_card":"summary_large_image","twitter_misc":{"Dur\u00e9e de lecture estim\u00e9e":"2 minutes"},"schema":{"@context":"https:\/\/schema.org","@graph":[{"@type":"WebPage","@id":"https:\/\/www.pixel-as.fr\/?product=terra-miniserver-g5-e-2356g-32-2x960-c-ws2022s","url":"https:\/\/www.pixel-as.fr\/?product=terra-miniserver-g5-e-2356g-32-2x960-c-ws2022s","name":"TERRA MINISERVER G5 E-2356G\/32\/2x960\/C\/WS2022S - Pixel AS informatique","isPartOf":{"@id":"https:\/\/www.pixel-as.fr\/#website"},"primaryImageOfPage":{"@id":"https:\/\/www.pixel-as.fr\/?product=terra-miniserver-g5-e-2356g-32-2x960-c-ws2022s#primaryimage"},"image":{"@id":"https:\/\/www.pixel-as.fr\/?product=terra-miniserver-g5-e-2356g-32-2x960-c-ws2022s#primaryimage"},"thumbnailUrl":"https:\/\/www.pixel-as.fr\/wp-content\/uploads\/2025\/03\/item110011810000-12.jpg","datePublished":"2025-03-04T09:01:38+00:00","dateModified":"2025-03-04T10:52:19+00:00","breadcrumb":{"@id":"https:\/\/www.pixel-as.fr\/?product=terra-miniserver-g5-e-2356g-32-2x960-c-ws2022s#breadcrumb"},"inLanguage":"fr-FR","potentialAction":[{"@type":"ReadAction","target":["https:\/\/www.pixel-as.fr\/?product=terra-miniserver-g5-e-2356g-32-2x960-c-ws2022s"]}]},{"@type":"ImageObject","inLanguage":"fr-FR","@id":"https:\/\/www.pixel-as.fr\/?product=terra-miniserver-g5-e-2356g-32-2x960-c-ws2022s#primaryimage","url":"https:\/\/www.pixel-as.fr\/wp-content\/uploads\/2025\/03\/item110011810000-12.jpg","contentUrl":"https:\/\/www.pixel-as.fr\/wp-content\/uploads\/2025\/03\/item110011810000-12.jpg","width":1000,"height":1000},{"@type":"BreadcrumbList","@id":"https:\/\/www.pixel-as.fr\/?product=terra-miniserver-g5-e-2356g-32-2x960-c-ws2022s#breadcrumb","itemListElement":[{"@type":"ListItem","position":1,"name":"Accueil","item":"https:\/\/www.pixel-as.fr\/"},{"@type":"ListItem","position":2,"name":"Boutique","item":"https:\/\/www.pixel-as.fr\/?page_id=227"},{"@type":"ListItem","position":3,"name":"TERRA MINISERVER G5 E-2356G\/32\/2&#215;960\/C\/WS2022S"}]},{"@type":"WebSite","@id":"https:\/\/www.pixel-as.fr\/#website","url":"https:\/\/www.pixel-as.fr\/","name":"Pixel AS informatique","description":"Accompagnement informatique personnalis\u00e9","publisher":{"@id":"https:\/\/www.pixel-as.fr\/#organization"},"potentialAction":[{"@type":"SearchAction","target":{"@type":"EntryPoint","urlTemplate":"https:\/\/www.pixel-as.fr\/?s={search_term_string}"},"query-input":{"@type":"PropertyValueSpecification","valueRequired":true,"valueName":"search_term_string"}}],"inLanguage":"fr-FR"},{"@type":"Organization","@id":"https:\/\/www.pixel-as.fr\/#organization","name":"Pixel AS informatique","url":"https:\/\/www.pixel-as.fr\/","logo":{"@type":"ImageObject","inLanguage":"fr-FR","@id":"https:\/\/www.pixel-as.fr\/#\/schema\/logo\/image\/","url":"https:\/\/www.pixel-as.fr\/wp-content\/uploads\/2025\/02\/logo.png","contentUrl":"https:\/\/www.pixel-as.fr\/wp-content\/uploads\/2025\/02\/logo.png","width":587,"height":231,"caption":"Pixel AS informatique"},"image":{"@id":"https:\/\/www.pixel-as.fr\/#\/schema\/logo\/image\/"}}]}},"_links":{"self":[{"href":"https:\/\/www.pixel-as.fr\/index.php?rest_route=\/wp\/v2\/product\/2518","targetHints":{"allow":["GET"]}}],"collection":[{"href":"https:\/\/www.pixel-as.fr\/index.php?rest_route=\/wp\/v2\/product"}],"about":[{"href":"https:\/\/www.pixel-as.fr\/index.php?rest_route=\/wp\/v2\/types\/product"}],"version-history":[{"count":1,"href":"https:\/\/www.pixel-as.fr\/index.php?rest_route=\/wp\/v2\/product\/2518\/revisions"}],"predecessor-version":[{"id":2519,"href":"https:\/\/www.pixel-as.fr\/index.php?rest_route=\/wp\/v2\/product\/2518\/revisions\/2519"}],"wp:featuredmedia":[{"embeddable":true,"href":"https:\/\/www.pixel-as.fr\/index.php?rest_route=\/wp\/v2\/media\/3884"}],"wp:attachment":[{"href":"https:\/\/www.pixel-as.fr\/index.php?rest_route=%2Fwp%2Fv2%2Fmedia&parent=2518"}],"wp:term":[{"taxonomy":"product_brand","embeddable":true,"href":"https:\/\/www.pixel-as.fr\/index.php?rest_route=%2Fwp%2Fv2%2Fproduct_brand&post=2518"},{"taxonomy":"product_cat","embeddable":true,"href":"https:\/\/www.pixel-as.fr\/index.php?rest_route=%2Fwp%2Fv2%2Fproduct_cat&post=2518"},{"taxonomy":"product_tag","embeddable":true,"href":"https:\/\/www.pixel-as.fr\/index.php?rest_route=%2Fwp%2Fv2%2Fproduct_tag&post=2518"}],"curies":[{"name":"wp","href":"https:\/\/api.w.org\/{rel}","templated":true}]}}