{"id":2581,"date":"2025-03-04T10:01:38","date_gmt":"2025-03-04T09:01:38","guid":{"rendered":"https:\/\/www.lexd7920.odns.fr\/test-elementor\/?product=terra-pad-1201-12-6-8gb-256g-lte-android-14"},"modified":"2025-03-04T11:37:34","modified_gmt":"2025-03-04T10:37:34","slug":"terra-pad-1201-12-6-8gb-256g-lte-android-14","status":"publish","type":"product","link":"https:\/\/www.pixel-as.fr\/?product=terra-pad-1201-12-6-8gb-256g-lte-android-14","title":{"rendered":"TERRA PAD 1201 12.6&#8243; 8GB\/256G\/LTE\/Android 14"},"content":{"rendered":"<table>\n<tr>\n<td><strong><\/strong><\/td>\n<td><strong>G\u00e9n\u00e9ral<\/strong><\/td>\n<\/tr>\n<tr>\n<td><strong>Mod\u00e8le de processeur<\/strong><\/td>\n<td>MTK 8781 G99, Octa Core<\/td>\n<\/tr>\n<tr>\n<td><strong>Syst\u00e8me d&#8217;exploitation<\/strong><\/td>\n<td>Android 14<\/td>\n<\/tr>\n<tr>\n<td><strong><\/strong><\/td>\n<td><strong>\u00c9cran<\/strong><\/td>\n<\/tr>\n<tr>\n<td><strong>R\u00e9solution de l&#8217;\u00e9cran<\/strong><\/td>\n<td>2560 x 1600 pixels<\/td>\n<\/tr>\n<tr>\n<td><strong>Technologie tactile<\/strong><\/td>\n<td>OLED Multi-touch<\/td>\n<\/tr>\n<tr>\n<td><strong>Taille de l&#8217;\u00e9cran<\/strong><\/td>\n<td>12.6 &#8220;<\/td>\n<\/tr>\n<tr>\n<td><strong><\/strong><\/td>\n<td><strong>Processeur<\/strong><\/td>\n<\/tr>\n<tr>\n<td><strong>Famille de processeur<\/strong><\/td>\n<td>Octa Core<\/td>\n<\/tr>\n<tr>\n<td><strong>Fr\u00e9quence du processeur<\/strong><\/td>\n<td>2x 2.2 GHz. 6x 2.0 GHz GHz<\/td>\n<\/tr>\n<tr>\n<td><strong><\/strong><\/td>\n<td><strong>M\u00e9moire<\/strong><\/td>\n<\/tr>\n<tr>\n<td><strong>M\u00e9moire interne<\/strong><\/td>\n<td>6 Go 8 Go<\/td>\n<\/tr>\n<tr>\n<td><strong><\/strong><\/td>\n<td><strong>repr\u00e9sentation \/ r\u00e9alisation<\/strong><\/td>\n<\/tr>\n<tr>\n<td><strong>position de march\u00e9<\/strong><\/td>\n<td>Home<\/td>\n<\/tr>\n<tr>\n<td><strong>GPS (satellite)<\/strong><\/td>\n<td>GPS<\/td>\n<\/tr>\n<tr>\n<td><strong><\/strong><\/td>\n<td><strong>Contenu de l&#8217;emballage<\/strong><\/td>\n<\/tr>\n<tr>\n<td><strong>Accessoires inclus<\/strong><\/td>\n<td>USB-C-Alimentation (5V\/2A)<\/td>\n<\/tr>\n<tr>\n<td><strong><\/strong><\/td>\n<td><strong>Connectivit\u00e9<\/strong><\/td>\n<\/tr>\n<tr>\n<td><strong>Interface<\/strong><\/td>\n<td>Lecteur de cartes (microSD) jusqu&#8217;\u00e0 128 Go <\/br> 1 x casque <\/br> miniSIM <\/br> MicroUSB 2.0 1 x USB Type-C<\/td>\n<\/tr>\n<tr>\n<td><strong><\/strong><\/td>\n<td><strong>Poids et dimensions<\/strong><\/td>\n<\/tr>\n<tr>\n<td><strong>Hauteur<\/strong><\/td>\n<td>6.5 mm<\/td>\n<\/tr>\n<tr>\n<td><strong>Largeur<\/strong><\/td>\n<td>28.62 cm<\/td>\n<\/tr>\n<tr>\n<td><strong>Profondeur<\/strong><\/td>\n<td>18.44 cm<\/td>\n<\/tr>\n<tr>\n<td><strong>Poids<\/strong><\/td>\n<td>550 g<\/td>\n<\/tr>\n<tr>\n<td><strong><\/strong><\/td>\n<td><strong>Batterie<\/strong><\/td>\n<\/tr>\n<tr>\n<td><strong>Autonomie maximum de la batterie<\/strong><\/td>\n<td>9<\/td>\n<\/tr>\n<tr>\n<td><strong>Technologie batterie<\/strong><\/td>\n<td>Lithium-Polymer 36,1Wh<\/td>\n<\/tr>\n<tr>\n<td><strong><\/strong><\/td>\n<td><strong>Autres caract\u00e9ristiques<\/strong><\/td>\n<\/tr>\n<tr>\n<td><strong>Caract\u00e9ristiques sp\u00e9ciales<\/strong><\/td>\n<td>4x Haut-parleur, GNSS, Light Sensor, Hall Sensor, Vibration motor<\/td>\n<\/tr>\n<tr>\n<td><strong><\/strong><\/td>\n<td><strong>Design<\/strong><\/td>\n<\/tr>\n<tr>\n<td><strong>Couleur du produit<\/strong><\/td>\n<td>Anthracite<\/td>\n<\/tr>\n<tr>\n<td><strong><\/strong><\/td>\n<td><strong>R\u00e9seau<\/strong><\/td>\n<\/tr>\n<tr>\n<td><strong>Norme 4G<\/strong><\/td>\n<td>LTE (2x SIM ou 1x SIM + 1x TF)<\/td>\n<\/tr>\n<tr>\n<td><strong>Standards wifi<\/strong><\/td>\n<td>IEEE 802,11 b\/g\/n\/ac <\/br> Bluetooth 5,2<\/td>\n<\/tr>\n<tr>\n<td><strong><\/strong><\/td>\n<td><strong>Support de stockage<\/strong><\/td>\n<\/tr>\n<tr>\n<td><strong>Capacit\u00e9 de stockage interne<\/strong><\/td>\n<td>256 Go<\/td>\n<\/tr>\n<tr>\n<td><strong><\/strong><\/td>\n<td><strong>Cam\u00e9ra<\/strong><\/td>\n<\/tr>\n<tr>\n<td><strong>R\u00e9solution de la cam\u00e9ra arri\u00e8re (numerique)<\/strong><\/td>\n<td>13 MP<\/td>\n<\/tr>\n<tr>\n<td><strong>R\u00e9solution de la cam\u00e9ra avant (numerique)<\/strong><\/td>\n<td>5 MP<\/td>\n<\/tr>\n<\/table>\n","protected":false},"excerpt":{"rendered":"<p>G\u00e9n\u00e9ral Mod\u00e8le de processeur MTK 8781 G99, Octa Core Syst\u00e8me d&#8217;exploitation Android 14 \u00c9cran R\u00e9solution de l&#8217;\u00e9cran 2560 x 1600 pixels Technologie tactile OLED Multi-touch Taille de l&#8217;\u00e9cran 12.6 &#8220; Processeur Famille de processeur Octa Core Fr\u00e9quence du processeur 2x 2.2 GHz. 6x 2.0 GHz GHz M\u00e9moire M\u00e9moire interne 6 Go 8 Go repr\u00e9sentation \/ [&hellip;]<\/p>\n","protected":false},"featured_media":3925,"template":"","meta":[],"product_brand":[],"product_cat":[36],"product_tag":[33],"class_list":{"0":"post-2581","1":"product","2":"type-product","3":"status-publish","4":"has-post-thumbnail","6":"product_cat-ecran-tablette","7":"product_tag-wortmann-ag","9":"first","10":"instock","11":"taxable","12":"shipping-taxable","13":"purchasable","14":"product-type-simple"},"yoast_head":"<!-- This site is optimized with the Yoast SEO plugin v27.4 - https:\/\/yoast.com\/product\/yoast-seo-wordpress\/ -->\n<title>TERRA PAD 1201 12.6&quot; 8GB\/256G\/LTE\/Android 14 - Pixel AS informatique<\/title>\n<meta name=\"robots\" content=\"index, follow, max-snippet:-1, max-image-preview:large, max-video-preview:-1\" \/>\n<link rel=\"canonical\" href=\"https:\/\/www.pixel-as.fr\/?product=terra-pad-1201-12-6-8gb-256g-lte-android-14\" \/>\n<meta property=\"og:locale\" content=\"fr_FR\" \/>\n<meta property=\"og:type\" content=\"article\" \/>\n<meta property=\"og:title\" content=\"TERRA PAD 1201 12.6&quot; 8GB\/256G\/LTE\/Android 14 - Pixel AS informatique\" \/>\n<meta property=\"og:description\" content=\"G\u00e9n\u00e9ral Mod\u00e8le de processeur MTK 8781 G99, Octa Core Syst\u00e8me d&#8217;exploitation Android 14 \u00c9cran R\u00e9solution de l&#8217;\u00e9cran 2560 x 1600 pixels Technologie tactile OLED Multi-touch Taille de l&#8217;\u00e9cran 12.6 &#8220; Processeur Famille de processeur Octa Core Fr\u00e9quence du processeur 2x 2.2 GHz. 6x 2.0 GHz GHz M\u00e9moire M\u00e9moire interne 6 Go 8 Go repr\u00e9sentation \/ [&hellip;]\" \/>\n<meta property=\"og:url\" content=\"https:\/\/www.pixel-as.fr\/?product=terra-pad-1201-12-6-8gb-256g-lte-android-14\" \/>\n<meta property=\"og:site_name\" content=\"Pixel AS informatique\" \/>\n<meta property=\"article:modified_time\" content=\"2025-03-04T10:37:34+00:00\" \/>\n<meta property=\"og:image\" content=\"https:\/\/www.pixel-as.fr\/wp-content\/uploads\/2025\/03\/item12201835000-1.jpg\" \/>\n\t<meta property=\"og:image:width\" content=\"1000\" \/>\n\t<meta property=\"og:image:height\" content=\"1000\" \/>\n\t<meta property=\"og:image:type\" content=\"image\/jpeg\" \/>\n<meta name=\"twitter:card\" content=\"summary_large_image\" \/>\n<meta name=\"twitter:label1\" content=\"Dur\u00e9e de lecture estim\u00e9e\" \/>\n\t<meta name=\"twitter:data1\" content=\"1 minute\" \/>\n<script type=\"application\/ld+json\" class=\"yoast-schema-graph\">{\"@context\":\"https:\\\/\\\/schema.org\",\"@graph\":[{\"@type\":\"WebPage\",\"@id\":\"https:\\\/\\\/www.pixel-as.fr\\\/?product=terra-pad-1201-12-6-8gb-256g-lte-android-14\",\"url\":\"https:\\\/\\\/www.pixel-as.fr\\\/?product=terra-pad-1201-12-6-8gb-256g-lte-android-14\",\"name\":\"TERRA PAD 1201 12.6\\\" 8GB\\\/256G\\\/LTE\\\/Android 14 - Pixel AS informatique\",\"isPartOf\":{\"@id\":\"https:\\\/\\\/www.pixel-as.fr\\\/#website\"},\"primaryImageOfPage\":{\"@id\":\"https:\\\/\\\/www.pixel-as.fr\\\/?product=terra-pad-1201-12-6-8gb-256g-lte-android-14#primaryimage\"},\"image\":{\"@id\":\"https:\\\/\\\/www.pixel-as.fr\\\/?product=terra-pad-1201-12-6-8gb-256g-lte-android-14#primaryimage\"},\"thumbnailUrl\":\"https:\\\/\\\/www.pixel-as.fr\\\/wp-content\\\/uploads\\\/2025\\\/03\\\/item12201835000-1.jpg\",\"datePublished\":\"2025-03-04T09:01:38+00:00\",\"dateModified\":\"2025-03-04T10:37:34+00:00\",\"breadcrumb\":{\"@id\":\"https:\\\/\\\/www.pixel-as.fr\\\/?product=terra-pad-1201-12-6-8gb-256g-lte-android-14#breadcrumb\"},\"inLanguage\":\"fr-FR\",\"potentialAction\":[{\"@type\":\"ReadAction\",\"target\":[\"https:\\\/\\\/www.pixel-as.fr\\\/?product=terra-pad-1201-12-6-8gb-256g-lte-android-14\"]}]},{\"@type\":\"ImageObject\",\"inLanguage\":\"fr-FR\",\"@id\":\"https:\\\/\\\/www.pixel-as.fr\\\/?product=terra-pad-1201-12-6-8gb-256g-lte-android-14#primaryimage\",\"url\":\"https:\\\/\\\/www.pixel-as.fr\\\/wp-content\\\/uploads\\\/2025\\\/03\\\/item12201835000-1.jpg\",\"contentUrl\":\"https:\\\/\\\/www.pixel-as.fr\\\/wp-content\\\/uploads\\\/2025\\\/03\\\/item12201835000-1.jpg\",\"width\":1000,\"height\":1000},{\"@type\":\"BreadcrumbList\",\"@id\":\"https:\\\/\\\/www.pixel-as.fr\\\/?product=terra-pad-1201-12-6-8gb-256g-lte-android-14#breadcrumb\",\"itemListElement\":[{\"@type\":\"ListItem\",\"position\":1,\"name\":\"Accueil\",\"item\":\"https:\\\/\\\/www.pixel-as.fr\\\/\"},{\"@type\":\"ListItem\",\"position\":2,\"name\":\"Boutique\",\"item\":\"https:\\\/\\\/www.pixel-as.fr\\\/?page_id=227\"},{\"@type\":\"ListItem\",\"position\":3,\"name\":\"TERRA PAD 1201 12.6&#8243; 8GB\\\/256G\\\/LTE\\\/Android 14\"}]},{\"@type\":\"WebSite\",\"@id\":\"https:\\\/\\\/www.pixel-as.fr\\\/#website\",\"url\":\"https:\\\/\\\/www.pixel-as.fr\\\/\",\"name\":\"Pixel AS informatique\",\"description\":\"Accompagnement informatique personnalis\u00e9\",\"publisher\":{\"@id\":\"https:\\\/\\\/www.pixel-as.fr\\\/#organization\"},\"potentialAction\":[{\"@type\":\"SearchAction\",\"target\":{\"@type\":\"EntryPoint\",\"urlTemplate\":\"https:\\\/\\\/www.pixel-as.fr\\\/?s={search_term_string}\"},\"query-input\":{\"@type\":\"PropertyValueSpecification\",\"valueRequired\":true,\"valueName\":\"search_term_string\"}}],\"inLanguage\":\"fr-FR\"},{\"@type\":\"Organization\",\"@id\":\"https:\\\/\\\/www.pixel-as.fr\\\/#organization\",\"name\":\"Pixel AS informatique\",\"url\":\"https:\\\/\\\/www.pixel-as.fr\\\/\",\"logo\":{\"@type\":\"ImageObject\",\"inLanguage\":\"fr-FR\",\"@id\":\"https:\\\/\\\/www.pixel-as.fr\\\/#\\\/schema\\\/logo\\\/image\\\/\",\"url\":\"https:\\\/\\\/www.pixel-as.fr\\\/wp-content\\\/uploads\\\/2025\\\/02\\\/logo.png\",\"contentUrl\":\"https:\\\/\\\/www.pixel-as.fr\\\/wp-content\\\/uploads\\\/2025\\\/02\\\/logo.png\",\"width\":587,\"height\":231,\"caption\":\"Pixel AS informatique\"},\"image\":{\"@id\":\"https:\\\/\\\/www.pixel-as.fr\\\/#\\\/schema\\\/logo\\\/image\\\/\"}}]}<\/script>\n<!-- \/ Yoast SEO plugin. -->","yoast_head_json":{"title":"TERRA PAD 1201 12.6\" 8GB\/256G\/LTE\/Android 14 - Pixel AS informatique","robots":{"index":"index","follow":"follow","max-snippet":"max-snippet:-1","max-image-preview":"max-image-preview:large","max-video-preview":"max-video-preview:-1"},"canonical":"https:\/\/www.pixel-as.fr\/?product=terra-pad-1201-12-6-8gb-256g-lte-android-14","og_locale":"fr_FR","og_type":"article","og_title":"TERRA PAD 1201 12.6\" 8GB\/256G\/LTE\/Android 14 - Pixel AS informatique","og_description":"G\u00e9n\u00e9ral Mod\u00e8le de processeur MTK 8781 G99, Octa Core Syst\u00e8me d&#8217;exploitation Android 14 \u00c9cran R\u00e9solution de l&#8217;\u00e9cran 2560 x 1600 pixels Technologie tactile OLED Multi-touch Taille de l&#8217;\u00e9cran 12.6 &#8220; Processeur Famille de processeur Octa Core Fr\u00e9quence du processeur 2x 2.2 GHz. 6x 2.0 GHz GHz M\u00e9moire M\u00e9moire interne 6 Go 8 Go repr\u00e9sentation \/ [&hellip;]","og_url":"https:\/\/www.pixel-as.fr\/?product=terra-pad-1201-12-6-8gb-256g-lte-android-14","og_site_name":"Pixel AS informatique","article_modified_time":"2025-03-04T10:37:34+00:00","og_image":[{"width":1000,"height":1000,"url":"https:\/\/www.pixel-as.fr\/wp-content\/uploads\/2025\/03\/item12201835000-1.jpg","type":"image\/jpeg"}],"twitter_card":"summary_large_image","twitter_misc":{"Dur\u00e9e de lecture estim\u00e9e":"1 minute"},"schema":{"@context":"https:\/\/schema.org","@graph":[{"@type":"WebPage","@id":"https:\/\/www.pixel-as.fr\/?product=terra-pad-1201-12-6-8gb-256g-lte-android-14","url":"https:\/\/www.pixel-as.fr\/?product=terra-pad-1201-12-6-8gb-256g-lte-android-14","name":"TERRA PAD 1201 12.6\" 8GB\/256G\/LTE\/Android 14 - Pixel AS informatique","isPartOf":{"@id":"https:\/\/www.pixel-as.fr\/#website"},"primaryImageOfPage":{"@id":"https:\/\/www.pixel-as.fr\/?product=terra-pad-1201-12-6-8gb-256g-lte-android-14#primaryimage"},"image":{"@id":"https:\/\/www.pixel-as.fr\/?product=terra-pad-1201-12-6-8gb-256g-lte-android-14#primaryimage"},"thumbnailUrl":"https:\/\/www.pixel-as.fr\/wp-content\/uploads\/2025\/03\/item12201835000-1.jpg","datePublished":"2025-03-04T09:01:38+00:00","dateModified":"2025-03-04T10:37:34+00:00","breadcrumb":{"@id":"https:\/\/www.pixel-as.fr\/?product=terra-pad-1201-12-6-8gb-256g-lte-android-14#breadcrumb"},"inLanguage":"fr-FR","potentialAction":[{"@type":"ReadAction","target":["https:\/\/www.pixel-as.fr\/?product=terra-pad-1201-12-6-8gb-256g-lte-android-14"]}]},{"@type":"ImageObject","inLanguage":"fr-FR","@id":"https:\/\/www.pixel-as.fr\/?product=terra-pad-1201-12-6-8gb-256g-lte-android-14#primaryimage","url":"https:\/\/www.pixel-as.fr\/wp-content\/uploads\/2025\/03\/item12201835000-1.jpg","contentUrl":"https:\/\/www.pixel-as.fr\/wp-content\/uploads\/2025\/03\/item12201835000-1.jpg","width":1000,"height":1000},{"@type":"BreadcrumbList","@id":"https:\/\/www.pixel-as.fr\/?product=terra-pad-1201-12-6-8gb-256g-lte-android-14#breadcrumb","itemListElement":[{"@type":"ListItem","position":1,"name":"Accueil","item":"https:\/\/www.pixel-as.fr\/"},{"@type":"ListItem","position":2,"name":"Boutique","item":"https:\/\/www.pixel-as.fr\/?page_id=227"},{"@type":"ListItem","position":3,"name":"TERRA PAD 1201 12.6&#8243; 8GB\/256G\/LTE\/Android 14"}]},{"@type":"WebSite","@id":"https:\/\/www.pixel-as.fr\/#website","url":"https:\/\/www.pixel-as.fr\/","name":"Pixel AS informatique","description":"Accompagnement informatique personnalis\u00e9","publisher":{"@id":"https:\/\/www.pixel-as.fr\/#organization"},"potentialAction":[{"@type":"SearchAction","target":{"@type":"EntryPoint","urlTemplate":"https:\/\/www.pixel-as.fr\/?s={search_term_string}"},"query-input":{"@type":"PropertyValueSpecification","valueRequired":true,"valueName":"search_term_string"}}],"inLanguage":"fr-FR"},{"@type":"Organization","@id":"https:\/\/www.pixel-as.fr\/#organization","name":"Pixel AS informatique","url":"https:\/\/www.pixel-as.fr\/","logo":{"@type":"ImageObject","inLanguage":"fr-FR","@id":"https:\/\/www.pixel-as.fr\/#\/schema\/logo\/image\/","url":"https:\/\/www.pixel-as.fr\/wp-content\/uploads\/2025\/02\/logo.png","contentUrl":"https:\/\/www.pixel-as.fr\/wp-content\/uploads\/2025\/02\/logo.png","width":587,"height":231,"caption":"Pixel AS informatique"},"image":{"@id":"https:\/\/www.pixel-as.fr\/#\/schema\/logo\/image\/"}}]}},"_links":{"self":[{"href":"https:\/\/www.pixel-as.fr\/index.php?rest_route=\/wp\/v2\/product\/2581","targetHints":{"allow":["GET"]}}],"collection":[{"href":"https:\/\/www.pixel-as.fr\/index.php?rest_route=\/wp\/v2\/product"}],"about":[{"href":"https:\/\/www.pixel-as.fr\/index.php?rest_route=\/wp\/v2\/types\/product"}],"version-history":[{"count":1,"href":"https:\/\/www.pixel-as.fr\/index.php?rest_route=\/wp\/v2\/product\/2581\/revisions"}],"predecessor-version":[{"id":2582,"href":"https:\/\/www.pixel-as.fr\/index.php?rest_route=\/wp\/v2\/product\/2581\/revisions\/2582"}],"wp:featuredmedia":[{"embeddable":true,"href":"https:\/\/www.pixel-as.fr\/index.php?rest_route=\/wp\/v2\/media\/3925"}],"wp:attachment":[{"href":"https:\/\/www.pixel-as.fr\/index.php?rest_route=%2Fwp%2Fv2%2Fmedia&parent=2581"}],"wp:term":[{"taxonomy":"product_brand","embeddable":true,"href":"https:\/\/www.pixel-as.fr\/index.php?rest_route=%2Fwp%2Fv2%2Fproduct_brand&post=2581"},{"taxonomy":"product_cat","embeddable":true,"href":"https:\/\/www.pixel-as.fr\/index.php?rest_route=%2Fwp%2Fv2%2Fproduct_cat&post=2581"},{"taxonomy":"product_tag","embeddable":true,"href":"https:\/\/www.pixel-as.fr\/index.php?rest_route=%2Fwp%2Fv2%2Fproduct_tag&post=2581"}],"curies":[{"name":"wp","href":"https:\/\/api.w.org\/{rel}","templated":true}]}}