{"id":3106,"date":"2025-03-04T10:03:36","date_gmt":"2025-03-04T09:03:36","guid":{"rendered":"https:\/\/www.lexd7920.odns.fr\/test-elementor\/?product=terra-lcd-led-2772w-pv"},"modified":"2025-03-04T11:37:34","modified_gmt":"2025-03-04T10:37:34","slug":"terra-lcd-led-2772w-pv","status":"publish","type":"product","link":"https:\/\/www.pixel-as.fr\/?product=terra-lcd-led-2772w-pv","title":{"rendered":"TERRA LCD\/LED 2772W PV"},"content":{"rendered":"<table>\n<tr>\n<td><strong><\/strong><\/td>\n<td><strong>\u00c9cran<\/strong><\/td>\n<\/tr>\n<tr>\n<td><strong>Taille de l&#8217;\u00e9cran<\/strong><\/td>\n<td>27 &#8220;<\/td>\n<\/tr>\n<tr>\n<td><strong>Diagonale d&#8217;\u00e9cran (cm)<\/strong><\/td>\n<td>68.6 cm<\/td>\n<\/tr>\n<tr>\n<td><strong>Luminosit\u00e9 de l&#8217;\u00e9cran<\/strong><\/td>\n<td>300 cd\/m\u00b2<\/td>\n<\/tr>\n<tr>\n<td><strong>Surface d&#8217;affichage<\/strong><\/td>\n<td>Oui<\/td>\n<\/tr>\n<tr>\n<td><strong>Nombre de couleurs affich\u00e9es<\/strong><\/td>\n<td>16,7 millions<\/td>\n<\/tr>\n<tr>\n<td><strong>Pas de pixel<\/strong><\/td>\n<td>0.2331 mm<\/td>\n<\/tr>\n<tr>\n<td><strong>Taux de contraste<\/strong><\/td>\n<td>30.000.000:1 (DCR)<\/td>\n<\/tr>\n<tr>\n<td><strong>Angle de vision horizontal<\/strong><\/td>\n<td>178 \u00b0<\/td>\n<\/tr>\n<tr>\n<td><strong>Angle de vision vertical<\/strong><\/td>\n<td>178 \u00b0<\/td>\n<\/tr>\n<tr>\n<td><strong>Format d&#8217;image<\/strong><\/td>\n<td>16:9<\/td>\n<\/tr>\n<tr>\n<td><strong>Type de r\u00e9tro<\/strong><\/td>\n<td>R\u00e9tro\u00e9clairage LED<\/td>\n<\/tr>\n<tr>\n<td><strong>\u00c9cran<\/strong><\/td>\n<td>IPS<\/td>\n<\/tr>\n<tr>\n<td><strong><\/strong><\/td>\n<td><strong>Connectivit\u00e9<\/strong><\/td>\n<\/tr>\n<tr>\n<td><strong>Sortie casque audio<\/strong><\/td>\n<td>Oui<\/td>\n<\/tr>\n<tr>\n<td><strong>Interface<\/strong><\/td>\n<td>HDMI<\/br> Displayport 1.2 (+ c\u00e2ble)<\/td>\n<\/tr>\n<tr>\n<td><strong>Concentrateur USB int\u00e9gr\u00e9<\/strong><\/td>\n<td>Non<\/td>\n<\/tr>\n<tr>\n<td><strong>Entr\u00e9e audio PC<\/strong><\/td>\n<td>Digital via HDMI, DP ou USB-C<\/td>\n<\/tr>\n<tr>\n<td><strong>HDCP<\/strong><\/td>\n<td>Oui<\/td>\n<\/tr>\n<tr>\n<td><strong><\/strong><\/td>\n<td><strong>Design<\/strong><\/td>\n<\/tr>\n<tr>\n<td><strong>Couleur du produit<\/strong><\/td>\n<td>Noir mat<\/td>\n<\/tr>\n<tr>\n<td><strong><\/strong><\/td>\n<td><strong>Poids et dimensions<\/strong><\/td>\n<\/tr>\n<tr>\n<td><strong>Largeur (support inclus)<\/strong><\/td>\n<td>61.2 cm<\/td>\n<\/tr>\n<tr>\n<td><strong>Profondeur (support inclus)<\/strong><\/td>\n<td>19 cm<\/td>\n<\/tr>\n<tr>\n<td><strong>Hauteur<\/strong><\/td>\n<td>36.5 cm<\/td>\n<\/tr>\n<tr>\n<td><strong>Largeur<\/strong><\/td>\n<td>61.2 cm<\/td>\n<\/tr>\n<tr>\n<td><strong>Profondeur<\/strong><\/td>\n<td>4.4 cm<\/td>\n<\/tr>\n<tr>\n<td><strong><\/strong><\/td>\n<td><strong>Puissance<\/strong><\/td>\n<\/tr>\n<tr>\n<td><strong>Consommation \u00e9lectrique (arr\u00eat)<\/strong><\/td>\n<td>< 0.3 W<\/td>\n<\/tr>\n<tr>\n<td><strong>Consommation d&#8217;\u00e9nergie (mode veille)<\/strong><\/td>\n<td>< 0.5 W<\/td>\n<\/tr>\n<tr>\n<td><strong>Puissance nominale<\/strong><\/td>\n<td>15 W<\/td>\n<\/tr>\n<tr>\n<td><strong>Tension d&#8217;entr\u00e9e AC<\/strong><\/td>\n<td>100 &#8211; 240 V, 50 &#8211; 60 Hz<\/td>\n<\/tr>\n<tr>\n<td><strong>Emplacement d&#8217;alimentation<\/strong><\/td>\n<td>Interne<\/td>\n<\/tr>\n<tr>\n<td><strong><\/strong><\/td>\n<td><strong>Ergonomie<\/strong><\/td>\n<\/tr>\n<tr>\n<td><strong>Port de c\u00e2ble antivol<\/strong><\/td>\n<td>Oui<\/td>\n<\/tr>\n<tr>\n<td><strong>R\u00e9glage de la hauteur<\/strong><\/td>\n<td>Oui<\/td>\n<\/tr>\n<tr>\n<td><strong>Pivot<\/strong><\/td>\n<td>Oui<\/td>\n<\/tr>\n<tr>\n<td><strong>Plug and Play<\/strong><\/td>\n<td>DDC 1 \/ 2B \/ CI<\/td>\n<\/tr>\n<tr>\n<td><strong><\/strong><\/td>\n<td><strong>Certificat<\/strong><\/td>\n<\/tr>\n<tr>\n<td><strong>Conformit\u00e9 aux standards industriels<\/strong><\/td>\n<td>CE<\/td>\n<\/tr>\n<tr>\n<td><strong>Efficacit\u00e9 \u00e9nerg\u00e9tique conforme \u00e0 EnergyStar 8.0 <\/strong><\/td>\n<td>Energy Star 7.0<\/td>\n<\/tr>\n<tr>\n<td><strong><\/strong><\/td>\n<td><strong>multim\u00e9dia<\/strong><\/td>\n<\/tr>\n<tr>\n<td><strong>Haut-parleurs int\u00e9gr\u00e9s<\/strong><\/td>\n<td>Oui<\/td>\n<\/tr>\n<tr>\n<td><strong><\/strong><\/td>\n<td><strong>Client l\u00e9ger<\/strong><\/td>\n<\/tr>\n<tr>\n<td><strong>Thin client<\/strong><\/td>\n<td>Non<\/td>\n<\/tr>\n<\/table>\n","protected":false},"excerpt":{"rendered":"<p>\u00c9cran Taille de l&#8217;\u00e9cran 27 &#8220; Diagonale d&#8217;\u00e9cran (cm) 68.6 cm Luminosit\u00e9 de l&#8217;\u00e9cran 300 cd\/m\u00b2 Surface d&#8217;affichage Oui Nombre de couleurs affich\u00e9es 16,7 millions Pas de pixel 0.2331 mm Taux de contraste 30.000.000:1 (DCR) Angle de vision horizontal 178 \u00b0 Angle de vision vertical 178 \u00b0 Format d&#8217;image 16:9 Type de r\u00e9tro R\u00e9tro\u00e9clairage LED [&hellip;]<\/p>\n","protected":false},"featured_media":4162,"template":"","meta":[],"product_brand":[],"product_cat":[36],"product_tag":[33],"class_list":{"0":"post-3106","1":"product","2":"type-product","3":"status-publish","4":"has-post-thumbnail","6":"product_cat-ecran-tablette","7":"product_tag-wortmann-ag","9":"first","10":"instock","11":"taxable","12":"shipping-taxable","13":"purchasable","14":"product-type-simple"},"yoast_head":"<!-- This site is optimized with the Yoast SEO plugin v27.4 - https:\/\/yoast.com\/product\/yoast-seo-wordpress\/ -->\n<title>TERRA LCD\/LED 2772W PV - Pixel AS informatique<\/title>\n<meta name=\"robots\" content=\"index, follow, max-snippet:-1, max-image-preview:large, max-video-preview:-1\" \/>\n<link rel=\"canonical\" href=\"https:\/\/www.pixel-as.fr\/?product=terra-lcd-led-2772w-pv\" \/>\n<meta property=\"og:locale\" content=\"fr_FR\" \/>\n<meta property=\"og:type\" content=\"article\" \/>\n<meta property=\"og:title\" content=\"TERRA LCD\/LED 2772W PV - Pixel AS informatique\" \/>\n<meta property=\"og:description\" content=\"\u00c9cran Taille de l&#8217;\u00e9cran 27 &#8220; Diagonale d&#8217;\u00e9cran (cm) 68.6 cm Luminosit\u00e9 de l&#8217;\u00e9cran 300 cd\/m\u00b2 Surface d&#8217;affichage Oui Nombre de couleurs affich\u00e9es 16,7 millions Pas de pixel 0.2331 mm Taux de contraste 30.000.000:1 (DCR) Angle de vision horizontal 178 \u00b0 Angle de vision vertical 178 \u00b0 Format d&#8217;image 16:9 Type de r\u00e9tro R\u00e9tro\u00e9clairage LED [&hellip;]\" \/>\n<meta property=\"og:url\" content=\"https:\/\/www.pixel-as.fr\/?product=terra-lcd-led-2772w-pv\" \/>\n<meta property=\"og:site_name\" content=\"Pixel AS informatique\" \/>\n<meta property=\"article:modified_time\" content=\"2025-03-04T10:37:34+00:00\" \/>\n<meta property=\"og:image\" content=\"https:\/\/www.pixel-as.fr\/wp-content\/uploads\/2025\/03\/item303011630000-2.jpg\" \/>\n\t<meta property=\"og:image:width\" content=\"1000\" \/>\n\t<meta property=\"og:image:height\" content=\"1000\" \/>\n\t<meta property=\"og:image:type\" content=\"image\/jpeg\" \/>\n<meta name=\"twitter:card\" content=\"summary_large_image\" \/>\n<meta name=\"twitter:label1\" content=\"Dur\u00e9e de lecture estim\u00e9e\" \/>\n\t<meta name=\"twitter:data1\" content=\"1 minute\" \/>\n<script type=\"application\/ld+json\" class=\"yoast-schema-graph\">{\"@context\":\"https:\\\/\\\/schema.org\",\"@graph\":[{\"@type\":\"WebPage\",\"@id\":\"https:\\\/\\\/www.pixel-as.fr\\\/?product=terra-lcd-led-2772w-pv\",\"url\":\"https:\\\/\\\/www.pixel-as.fr\\\/?product=terra-lcd-led-2772w-pv\",\"name\":\"TERRA LCD\\\/LED 2772W PV - Pixel AS informatique\",\"isPartOf\":{\"@id\":\"https:\\\/\\\/www.pixel-as.fr\\\/#website\"},\"primaryImageOfPage\":{\"@id\":\"https:\\\/\\\/www.pixel-as.fr\\\/?product=terra-lcd-led-2772w-pv#primaryimage\"},\"image\":{\"@id\":\"https:\\\/\\\/www.pixel-as.fr\\\/?product=terra-lcd-led-2772w-pv#primaryimage\"},\"thumbnailUrl\":\"https:\\\/\\\/www.pixel-as.fr\\\/wp-content\\\/uploads\\\/2025\\\/03\\\/item303011630000-2.jpg\",\"datePublished\":\"2025-03-04T09:03:36+00:00\",\"dateModified\":\"2025-03-04T10:37:34+00:00\",\"breadcrumb\":{\"@id\":\"https:\\\/\\\/www.pixel-as.fr\\\/?product=terra-lcd-led-2772w-pv#breadcrumb\"},\"inLanguage\":\"fr-FR\",\"potentialAction\":[{\"@type\":\"ReadAction\",\"target\":[\"https:\\\/\\\/www.pixel-as.fr\\\/?product=terra-lcd-led-2772w-pv\"]}]},{\"@type\":\"ImageObject\",\"inLanguage\":\"fr-FR\",\"@id\":\"https:\\\/\\\/www.pixel-as.fr\\\/?product=terra-lcd-led-2772w-pv#primaryimage\",\"url\":\"https:\\\/\\\/www.pixel-as.fr\\\/wp-content\\\/uploads\\\/2025\\\/03\\\/item303011630000-2.jpg\",\"contentUrl\":\"https:\\\/\\\/www.pixel-as.fr\\\/wp-content\\\/uploads\\\/2025\\\/03\\\/item303011630000-2.jpg\",\"width\":1000,\"height\":1000},{\"@type\":\"BreadcrumbList\",\"@id\":\"https:\\\/\\\/www.pixel-as.fr\\\/?product=terra-lcd-led-2772w-pv#breadcrumb\",\"itemListElement\":[{\"@type\":\"ListItem\",\"position\":1,\"name\":\"Accueil\",\"item\":\"https:\\\/\\\/www.pixel-as.fr\\\/\"},{\"@type\":\"ListItem\",\"position\":2,\"name\":\"Boutique\",\"item\":\"https:\\\/\\\/www.pixel-as.fr\\\/?page_id=227\"},{\"@type\":\"ListItem\",\"position\":3,\"name\":\"TERRA LCD\\\/LED 2772W PV\"}]},{\"@type\":\"WebSite\",\"@id\":\"https:\\\/\\\/www.pixel-as.fr\\\/#website\",\"url\":\"https:\\\/\\\/www.pixel-as.fr\\\/\",\"name\":\"Pixel AS informatique\",\"description\":\"Accompagnement informatique personnalis\u00e9\",\"publisher\":{\"@id\":\"https:\\\/\\\/www.pixel-as.fr\\\/#organization\"},\"potentialAction\":[{\"@type\":\"SearchAction\",\"target\":{\"@type\":\"EntryPoint\",\"urlTemplate\":\"https:\\\/\\\/www.pixel-as.fr\\\/?s={search_term_string}\"},\"query-input\":{\"@type\":\"PropertyValueSpecification\",\"valueRequired\":true,\"valueName\":\"search_term_string\"}}],\"inLanguage\":\"fr-FR\"},{\"@type\":\"Organization\",\"@id\":\"https:\\\/\\\/www.pixel-as.fr\\\/#organization\",\"name\":\"Pixel AS informatique\",\"url\":\"https:\\\/\\\/www.pixel-as.fr\\\/\",\"logo\":{\"@type\":\"ImageObject\",\"inLanguage\":\"fr-FR\",\"@id\":\"https:\\\/\\\/www.pixel-as.fr\\\/#\\\/schema\\\/logo\\\/image\\\/\",\"url\":\"https:\\\/\\\/www.pixel-as.fr\\\/wp-content\\\/uploads\\\/2025\\\/02\\\/logo.png\",\"contentUrl\":\"https:\\\/\\\/www.pixel-as.fr\\\/wp-content\\\/uploads\\\/2025\\\/02\\\/logo.png\",\"width\":587,\"height\":231,\"caption\":\"Pixel AS informatique\"},\"image\":{\"@id\":\"https:\\\/\\\/www.pixel-as.fr\\\/#\\\/schema\\\/logo\\\/image\\\/\"}}]}<\/script>\n<!-- \/ Yoast SEO plugin. -->","yoast_head_json":{"title":"TERRA LCD\/LED 2772W PV - Pixel AS informatique","robots":{"index":"index","follow":"follow","max-snippet":"max-snippet:-1","max-image-preview":"max-image-preview:large","max-video-preview":"max-video-preview:-1"},"canonical":"https:\/\/www.pixel-as.fr\/?product=terra-lcd-led-2772w-pv","og_locale":"fr_FR","og_type":"article","og_title":"TERRA LCD\/LED 2772W PV - Pixel AS informatique","og_description":"\u00c9cran Taille de l&#8217;\u00e9cran 27 &#8220; Diagonale d&#8217;\u00e9cran (cm) 68.6 cm Luminosit\u00e9 de l&#8217;\u00e9cran 300 cd\/m\u00b2 Surface d&#8217;affichage Oui Nombre de couleurs affich\u00e9es 16,7 millions Pas de pixel 0.2331 mm Taux de contraste 30.000.000:1 (DCR) Angle de vision horizontal 178 \u00b0 Angle de vision vertical 178 \u00b0 Format d&#8217;image 16:9 Type de r\u00e9tro R\u00e9tro\u00e9clairage LED [&hellip;]","og_url":"https:\/\/www.pixel-as.fr\/?product=terra-lcd-led-2772w-pv","og_site_name":"Pixel AS informatique","article_modified_time":"2025-03-04T10:37:34+00:00","og_image":[{"width":1000,"height":1000,"url":"https:\/\/www.pixel-as.fr\/wp-content\/uploads\/2025\/03\/item303011630000-2.jpg","type":"image\/jpeg"}],"twitter_card":"summary_large_image","twitter_misc":{"Dur\u00e9e de lecture estim\u00e9e":"1 minute"},"schema":{"@context":"https:\/\/schema.org","@graph":[{"@type":"WebPage","@id":"https:\/\/www.pixel-as.fr\/?product=terra-lcd-led-2772w-pv","url":"https:\/\/www.pixel-as.fr\/?product=terra-lcd-led-2772w-pv","name":"TERRA LCD\/LED 2772W PV - Pixel AS informatique","isPartOf":{"@id":"https:\/\/www.pixel-as.fr\/#website"},"primaryImageOfPage":{"@id":"https:\/\/www.pixel-as.fr\/?product=terra-lcd-led-2772w-pv#primaryimage"},"image":{"@id":"https:\/\/www.pixel-as.fr\/?product=terra-lcd-led-2772w-pv#primaryimage"},"thumbnailUrl":"https:\/\/www.pixel-as.fr\/wp-content\/uploads\/2025\/03\/item303011630000-2.jpg","datePublished":"2025-03-04T09:03:36+00:00","dateModified":"2025-03-04T10:37:34+00:00","breadcrumb":{"@id":"https:\/\/www.pixel-as.fr\/?product=terra-lcd-led-2772w-pv#breadcrumb"},"inLanguage":"fr-FR","potentialAction":[{"@type":"ReadAction","target":["https:\/\/www.pixel-as.fr\/?product=terra-lcd-led-2772w-pv"]}]},{"@type":"ImageObject","inLanguage":"fr-FR","@id":"https:\/\/www.pixel-as.fr\/?product=terra-lcd-led-2772w-pv#primaryimage","url":"https:\/\/www.pixel-as.fr\/wp-content\/uploads\/2025\/03\/item303011630000-2.jpg","contentUrl":"https:\/\/www.pixel-as.fr\/wp-content\/uploads\/2025\/03\/item303011630000-2.jpg","width":1000,"height":1000},{"@type":"BreadcrumbList","@id":"https:\/\/www.pixel-as.fr\/?product=terra-lcd-led-2772w-pv#breadcrumb","itemListElement":[{"@type":"ListItem","position":1,"name":"Accueil","item":"https:\/\/www.pixel-as.fr\/"},{"@type":"ListItem","position":2,"name":"Boutique","item":"https:\/\/www.pixel-as.fr\/?page_id=227"},{"@type":"ListItem","position":3,"name":"TERRA LCD\/LED 2772W PV"}]},{"@type":"WebSite","@id":"https:\/\/www.pixel-as.fr\/#website","url":"https:\/\/www.pixel-as.fr\/","name":"Pixel AS informatique","description":"Accompagnement informatique personnalis\u00e9","publisher":{"@id":"https:\/\/www.pixel-as.fr\/#organization"},"potentialAction":[{"@type":"SearchAction","target":{"@type":"EntryPoint","urlTemplate":"https:\/\/www.pixel-as.fr\/?s={search_term_string}"},"query-input":{"@type":"PropertyValueSpecification","valueRequired":true,"valueName":"search_term_string"}}],"inLanguage":"fr-FR"},{"@type":"Organization","@id":"https:\/\/www.pixel-as.fr\/#organization","name":"Pixel AS informatique","url":"https:\/\/www.pixel-as.fr\/","logo":{"@type":"ImageObject","inLanguage":"fr-FR","@id":"https:\/\/www.pixel-as.fr\/#\/schema\/logo\/image\/","url":"https:\/\/www.pixel-as.fr\/wp-content\/uploads\/2025\/02\/logo.png","contentUrl":"https:\/\/www.pixel-as.fr\/wp-content\/uploads\/2025\/02\/logo.png","width":587,"height":231,"caption":"Pixel AS informatique"},"image":{"@id":"https:\/\/www.pixel-as.fr\/#\/schema\/logo\/image\/"}}]}},"_links":{"self":[{"href":"https:\/\/www.pixel-as.fr\/index.php?rest_route=\/wp\/v2\/product\/3106","targetHints":{"allow":["GET"]}}],"collection":[{"href":"https:\/\/www.pixel-as.fr\/index.php?rest_route=\/wp\/v2\/product"}],"about":[{"href":"https:\/\/www.pixel-as.fr\/index.php?rest_route=\/wp\/v2\/types\/product"}],"version-history":[{"count":1,"href":"https:\/\/www.pixel-as.fr\/index.php?rest_route=\/wp\/v2\/product\/3106\/revisions"}],"predecessor-version":[{"id":3107,"href":"https:\/\/www.pixel-as.fr\/index.php?rest_route=\/wp\/v2\/product\/3106\/revisions\/3107"}],"wp:featuredmedia":[{"embeddable":true,"href":"https:\/\/www.pixel-as.fr\/index.php?rest_route=\/wp\/v2\/media\/4162"}],"wp:attachment":[{"href":"https:\/\/www.pixel-as.fr\/index.php?rest_route=%2Fwp%2Fv2%2Fmedia&parent=3106"}],"wp:term":[{"taxonomy":"product_brand","embeddable":true,"href":"https:\/\/www.pixel-as.fr\/index.php?rest_route=%2Fwp%2Fv2%2Fproduct_brand&post=3106"},{"taxonomy":"product_cat","embeddable":true,"href":"https:\/\/www.pixel-as.fr\/index.php?rest_route=%2Fwp%2Fv2%2Fproduct_cat&post=3106"},{"taxonomy":"product_tag","embeddable":true,"href":"https:\/\/www.pixel-as.fr\/index.php?rest_route=%2Fwp%2Fv2%2Fproduct_tag&post=3106"}],"curies":[{"name":"wp","href":"https:\/\/api.w.org\/{rel}","templated":true}]}}