{"id":3196,"date":"2025-03-04T10:04:09","date_gmt":"2025-03-04T09:04:09","guid":{"rendered":"https:\/\/www.lexd7920.odns.fr\/test-elementor\/?product=terra-pc-business-6000"},"modified":"2025-03-04T10:31:22","modified_gmt":"2025-03-04T09:31:22","slug":"terra-pc-business-6000","status":"publish","type":"product","link":"https:\/\/www.pixel-as.fr\/?product=terra-pc-business-6000","title":{"rendered":"TERRA PC-BUSINESS 6000"},"content":{"rendered":"<table>\n<tr>\n<td><strong><\/strong><\/td>\n<td><strong>G\u00e9n\u00e9ral<\/strong><\/td>\n<\/tr>\n<tr>\n<td><strong>Mod\u00e8le de processeur<\/strong><\/td>\n<td>Intel Core i5 (13. Gen.) 13400 \/ 20 MB Intel Smart Cache, max. 4.6 GHz  Intel Turbo Boost Technology<\/td>\n<\/tr>\n<tr>\n<td><strong>Syst\u00e8me d&#8217;exploitation<\/strong><\/td>\n<td>Windows 11 Pro<\/td>\n<\/tr>\n<tr>\n<td><strong><\/strong><\/td>\n<td><strong>Logiciel<\/strong><\/td>\n<\/tr>\n<tr>\n<td><strong>Logiciels pr\u00e9-install\u00e9s<\/strong><\/td>\n<td>Version d&#8217;\u00e9valuation de 30 jours du Microsoft\u00ae 365 pour nouveaux clients.<\/td>\n<\/tr>\n<tr>\n<td><strong><\/strong><\/td>\n<td><strong>Processeur<\/strong><\/td>\n<\/tr>\n<tr>\n<td><strong>Famille de processeur<\/strong><\/td>\n<td>Core i5<\/td>\n<\/tr>\n<tr>\n<td><strong>Nombre de coeurs de processeurs<\/strong><\/td>\n<td>Deka-Core (10 Cores)<\/td>\n<\/tr>\n<tr>\n<td><strong>Socket de processeur (r\u00e9ceptable de processeur)<\/strong><\/td>\n<td>FCLGA1700 Socket<\/td>\n<\/tr>\n<tr>\n<td><strong>Nombre de processeurs<\/strong><\/td>\n<td>1<\/td>\n<\/tr>\n<tr>\n<td><strong><\/strong><\/td>\n<td><strong>M\u00e9moire<\/strong><\/td>\n<\/tr>\n<tr>\n<td><strong>M\u00e9moire interne<\/strong><\/td>\n<td>16 Go<\/td>\n<\/tr>\n<tr>\n<td><strong>Configuration de la m\u00e9moire (fente x taille)<\/strong><\/td>\n<td>2 x 8 Go<\/td>\n<\/tr>\n<tr>\n<td><strong>M\u00e9moire interne maximale<\/strong><\/td>\n<td>128 Go<\/td>\n<\/tr>\n<tr>\n<td><strong>Fr\u00e9quence de la m\u00e9moire<\/strong><\/td>\n<td>PC4800 MHz<\/td>\n<\/tr>\n<tr>\n<td><strong>Type de m\u00e9moire interne<\/strong><\/td>\n<td>DDR5 SDRAM<\/td>\n<\/tr>\n<tr>\n<td><strong>Emplacements m\u00e9moire<\/strong><\/td>\n<td>4 pi\u00e8ce(s)<\/td>\n<\/tr>\n<tr>\n<td><strong><\/strong><\/td>\n<td><strong>Support de stockage<\/strong><\/td>\n<\/tr>\n<tr>\n<td><strong>Capacit\u00e9 totale de stockage<\/strong><\/td>\n<td>500 Go<\/td>\n<\/tr>\n<tr>\n<td><strong>Interface du disque dur<\/strong><\/td>\n<td>2x M.2 slot (Key M) PCIe\/NVMe 4.0 x4, 4x SATA 6Gb\/s ports<\/td>\n<\/tr>\n<tr>\n<td><strong>Niveaux RAID<\/strong><\/td>\n<td>RAID 0 <\/br> RAID 1 <\/br> RAID 5 <\/br> RAID 10 RAID 0 <\/br> RAID 1 <\/br> RAID 5 <\/br> RAID 10<\/td>\n<\/tr>\n<tr>\n<td><strong>Interface du Solid State Drive (SSD)<\/strong><\/td>\n<td>PCIe (NVMe)<\/td>\n<\/tr>\n<tr>\n<td><strong>Capacit\u00e9 du Solid State Drive (SSD)<\/strong><\/td>\n<td>500 Go<\/td>\n<\/tr>\n<tr>\n<td><strong>Capacit\u00e9 disque dur<\/strong><\/td>\n<td>1 x 500 Go &#8211; SSD<\/td>\n<\/tr>\n<tr>\n<td><strong>Nombre d&#8217;unit\u00e9s de stockage pris en charge<\/strong><\/td>\n<td>4x SATA-3 (6 Gb\/s) <\/br> 2x M.2 type 2242\/ 2260\/ 2280 (PCIe 4.0 x4 mode)<\/td>\n<\/tr>\n<tr>\n<td><strong>Supports de stockage<\/strong><\/td>\n<td>SSD &#8211; M.2<\/td>\n<\/tr>\n<tr>\n<td><strong><\/strong><\/td>\n<td><strong>repr\u00e9sentation \/ r\u00e9alisation<\/strong><\/td>\n<\/tr>\n<tr>\n<td><strong>position de march\u00e9<\/strong><\/td>\n<td>Business &#8211; Slim Desktop<\/td>\n<\/tr>\n<tr>\n<td><strong>Niveau sonore<\/strong><\/td>\n<td>22,2 dB Idle-Mode<\/td>\n<\/tr>\n<tr>\n<td><strong>Canaux de sortie audio<\/strong><\/td>\n<td>8-channel<\/td>\n<\/tr>\n<tr>\n<td><strong>Carte m\u00e8re chipset<\/strong><\/td>\n<td>Intel B760<\/td>\n<\/tr>\n<tr>\n<td><strong><\/strong><\/td>\n<td><strong>Design<\/strong><\/td>\n<\/tr>\n<tr>\n<td><strong>Type de ch\u00e2ssis<\/strong><\/td>\n<td>Small Form Factor<\/td>\n<\/tr>\n<tr>\n<td><strong>Certification<\/strong><\/td>\n<td>Assemblage selon la norme ISO9001 en Allemagne <\/br> Compatibility: SMBios (DMI), EnergyStar 8.0, EN62368-1, EN55032, EN55035,  EN61000-3-2\/3, EN62623, 89\/336\/ECC<\/td>\n<\/tr>\n<tr>\n<td><strong>Facteur de forme du clavier<\/strong><\/td>\n<td>Optionnel. Pas de clavier inclus.<\/td>\n<\/tr>\n<tr>\n<td><strong><\/strong><\/td>\n<td><strong>Clavier<\/strong><\/td>\n<\/tr>\n<tr>\n<td><strong>Language du clavier<\/strong><\/td>\n<td>Clavier en option<\/td>\n<\/tr>\n<tr>\n<td><strong>Technologie de connectivit\u00e9<\/strong><\/td>\n<td>Filaire<\/td>\n<\/tr>\n<tr>\n<td><strong>Interface de l&#8217;appareil<\/strong><\/td>\n<td>USB<\/td>\n<\/tr>\n<tr>\n<td><strong><\/strong><\/td>\n<td><strong>Contenu de l&#8217;emballage<\/strong><\/td>\n<\/tr>\n<tr>\n<td><strong>Accessoires inclus<\/strong><\/td>\n<td>Manuel (DE\/EN\/FR\/PL), c\u00e2ble \u00e9lectrique EU, Rester pour fonctionnement vertical<\/td>\n<\/tr>\n<tr>\n<td><strong>Language du clavier<\/strong><\/td>\n<td>Optionnel. Pas de clavier inclus.<\/td>\n<\/tr>\n<tr>\n<td><strong><\/strong><\/td>\n<td><strong>Connecteurs d&#8217;extension<\/strong><\/td>\n<\/tr>\n<tr>\n<td><strong>Connecteurs d&#8217;extension<\/strong><\/td>\n<td>1x PCIe 4.0\/3.0 x16 slot <\/br> 2x PCIe 3.0 x1 slots<\/td>\n<\/tr>\n<tr>\n<td><strong><\/strong><\/td>\n<td><strong>Poids et dimensions<\/strong><\/td>\n<\/tr>\n<tr>\n<td><strong>Hauteur<\/strong><\/td>\n<td>9.0 cm<\/td>\n<\/tr>\n<tr>\n<td><strong>Largeur<\/strong><\/td>\n<td>32.6 cm<\/td>\n<\/tr>\n<tr>\n<td><strong>Profondeur<\/strong><\/td>\n<td>33.2 cm<\/td>\n<\/tr>\n<tr>\n<td><strong>Poids<\/strong><\/td>\n<td>6 kg<\/td>\n<\/tr>\n<tr>\n<td><strong><\/strong><\/td>\n<td><strong>Autres caract\u00e9ristiques<\/strong><\/td>\n<\/tr>\n<tr>\n<td><strong>Nombre de logements de disque<\/strong><\/td>\n<td>1 accessible de face- 13.3 cm ( 5.25&#8243; ) Slim-Format <\/br> 2 interne &#8211; 6.35 cm ( 2.5&#8243; )<\/td>\n<\/tr>\n<tr>\n<td><strong>Interface<\/strong><\/td>\n<td>2x USB 3.2 Gen 1 ports (2x Type-A), 2x USB 2.0 ports (2x Type-A), 2x DisplayPorts, 1x HDMI\u00ae port, 1x VGA port, 1x Intel\u00ae 1Gb Ethernet port, 3x Audio jacks, 1x PS\/2 keyboard (purple) port, 1x PS\/2 mouse (green) port<\/td>\n<\/tr>\n<tr>\n<td><strong>Syst\u00e8mes d&#8217;exploitation compatibles<\/strong><\/td>\n<td>Windows 10, Windows 11<\/td>\n<\/tr>\n<tr>\n<td><strong>Carte m\u00e8re fabricant<\/strong><\/td>\n<td>ASUS PRO B760M-C-CSM <\/br> 24-7 ready<\/td>\n<\/tr>\n<tr>\n<td><strong>Type de refroidissement<\/strong><\/td>\n<td>TERRA Silent Cooler<\/td>\n<\/tr>\n<tr>\n<td><strong>Caract\u00e9ristiques sp\u00e9ciales<\/strong><\/td>\n<td>&#8216;\u00e0 l&#8217;avant: 2 x USB 3.0, 1 x USB Typ-C, Audio <\/br> TPM 2.0 <\/br> Secure Boot <\/br> Windows Autopilot ready <\/br> Low-Profile Format PCIe  *n\u00e9cessite un Mainboard &#8216;\u00e0 l&#8217;avant: 2 x USB 3.0, 1 x USB Typ-C, Audio <\/br> TPM 2.0 <\/br> Secure Boot <\/br> Windows Autopilot ready <\/br> Low-Profile Format PCIe  *n\u00e9cessite un Mainboard<\/td>\n<\/tr>\n<tr>\n<td><strong><\/strong><\/td>\n<td><strong>Souris<\/strong><\/td>\n<\/tr>\n<tr>\n<td><strong>Souris incluse<\/strong><\/td>\n<td>Souris optique \u00e0 molette<\/td>\n<\/tr>\n<tr>\n<td><strong><\/strong><\/td>\n<td><strong>Graphique<\/strong><\/td>\n<\/tr>\n<tr>\n<td><strong>M\u00e9moire de la carte graphique int\u00e9gr\u00e9e<\/strong><\/td>\n<td>Dynamisch<\/td>\n<\/tr>\n<tr>\n<td><strong>R\u00e9solution maximum de carte graphique int\u00e9gr\u00e9e<\/strong><\/td>\n<td>HDMI 4K @60Hz <\/br> DP 4K @60Hz <\/br> VGA 1920&#215;1200<\/td>\n<\/tr>\n<tr>\n<td><strong>Adaptateur graphique<\/strong><\/td>\n<td>Intel UHD Graphics 730<\/td>\n<\/tr>\n<tr>\n<td><strong>Quantit\u00e9 de ports de la carte graphique<\/strong><\/td>\n<td>1x HDMI, 2x DP (Display Port), 1x VGA <\/br> Supporte  4x TFT<\/td>\n<\/tr>\n<tr>\n<td><strong><\/strong><\/td>\n<td><strong>Puissance<\/strong><\/td>\n<\/tr>\n<tr>\n<td><strong>Source d&#8217;alimentation<\/strong><\/td>\n<td>Alimentation TFX 80 plus Bronze, pour utilisation 24\/7 <\/br> 82%,85%,82%@115V, 82%,85%,82%@230V = 80 PLUS BRONZE @ 115V<\/td>\n<\/tr>\n<tr>\n<td><strong>Consommation d&#8217;\u00e9nergie (mode veille)<\/strong><\/td>\n<td>1.6 Watt<\/td>\n<\/tr>\n<tr>\n<td><strong>Puissance d&#8217;alimentation max.<\/strong><\/td>\n<td>350 W<\/td>\n<\/tr>\n<tr>\n<td><strong>Tension d&#8217;entr\u00e9e de l&#8217;adaptateur secteur<\/strong><\/td>\n<td>AC 100\/240 V ( 50\/60 Hz )<\/td>\n<\/tr>\n<tr>\n<td><strong><\/strong><\/td>\n<td><strong>Conditions environnementales<\/strong><\/td>\n<\/tr>\n<tr>\n<td><strong>Temp\u00e9rature d&#8217;op\u00e9ration<\/strong><\/td>\n<td>0\u00b0 &#8211; 35\u00b0 C<\/td>\n<\/tr>\n<tr>\n<td><strong>Degr\u00e9 d&#8217;humidit\u00e9 recommand\u00e9 pour utilisation<\/strong><\/td>\n<td>10 &#8211; 75 % (sans condensation)<\/td>\n<\/tr>\n<tr>\n<td><strong><\/strong><\/td>\n<td><strong>R\u00e9seau<\/strong><\/td>\n<\/tr>\n<tr>\n<td><strong>Ethernet (LAN)<\/strong><\/td>\n<td>RJ45<\/td>\n<\/tr>\n<tr>\n<td><strong>Contr\u00f4leur de r\u00e9seau local (LAN)<\/strong><\/td>\n<td>Intel Gigabit LAN<\/td>\n<\/tr>\n<tr>\n<td><strong><\/strong><\/td>\n<td><strong>Lecteur optique<\/strong><\/td>\n<\/tr>\n<tr>\n<td><strong>Lecteur optique<\/strong><\/td>\n<td>Slim DVD\u00b1RW\/\u00b1R<\/td>\n<\/tr>\n<tr>\n<td><strong><\/strong><\/td>\n<td><strong>Dispositif d&#8217;entr\u00e9e<\/strong><\/td>\n<\/tr>\n<tr>\n<td><strong>Technologie de d\u00e9tecteur de mouvement<\/strong><\/td>\n<td>Souris optique<\/td>\n<\/tr>\n<tr>\n<td><strong>Interface de l&#8217;appareil<\/strong><\/td>\n<td>USB<\/td>\n<\/tr>\n<tr>\n<td><strong><\/strong><\/td>\n<td><strong>Notes<\/strong><\/td>\n<\/tr>\n<tr>\n<td><strong>Informations compl\u00e9mentaires<\/strong><\/td>\n<td>*Le processus de modernisation est en phase de finalisation et devrait d\u00e9buter \u00e0 la fin de l&#8217;ann\u00e9e 2021. Le processus et le calendrier exacts peuvent varier en fonction de l&#8217;appareil.<\/td>\n<\/tr>\n<\/table>\n","protected":false},"excerpt":{"rendered":"<p>G\u00e9n\u00e9ral Mod\u00e8le de processeur Intel Core i5 (13. Gen.) 13400 \/ 20 MB Intel Smart Cache, max. 4.6 GHz Intel Turbo Boost Technology Syst\u00e8me d&#8217;exploitation Windows 11 Pro Logiciel Logiciels pr\u00e9-install\u00e9s Version d&#8217;\u00e9valuation de 30 jours du Microsoft\u00ae 365 pour nouveaux clients. Processeur Famille de processeur Core i5 Nombre de coeurs de processeurs Deka-Core (10 [&hellip;]<\/p>\n","protected":false},"featured_media":4220,"template":"","meta":[],"product_brand":[],"product_cat":[26],"product_tag":[33],"class_list":{"0":"post-3196","1":"product","2":"type-product","3":"status-publish","4":"has-post-thumbnail","6":"product_cat-ordinateurs-bureau","7":"product_tag-wortmann-ag","9":"first","10":"instock","11":"taxable","12":"shipping-taxable","13":"purchasable","14":"product-type-simple"},"yoast_head":"<!-- This site is optimized with the Yoast SEO plugin v27.4 - https:\/\/yoast.com\/product\/yoast-seo-wordpress\/ -->\n<title>TERRA PC-BUSINESS 6000 - Pixel AS informatique<\/title>\n<meta name=\"robots\" content=\"index, follow, max-snippet:-1, max-image-preview:large, max-video-preview:-1\" \/>\n<link rel=\"canonical\" href=\"https:\/\/www.pixel-as.fr\/?product=terra-pc-business-6000\" \/>\n<meta property=\"og:locale\" content=\"fr_FR\" \/>\n<meta property=\"og:type\" content=\"article\" \/>\n<meta property=\"og:title\" content=\"TERRA PC-BUSINESS 6000 - Pixel AS informatique\" \/>\n<meta property=\"og:description\" content=\"G\u00e9n\u00e9ral Mod\u00e8le de processeur Intel Core i5 (13. Gen.) 13400 \/ 20 MB Intel Smart Cache, max. 4.6 GHz Intel Turbo Boost Technology Syst\u00e8me d&#8217;exploitation Windows 11 Pro Logiciel Logiciels pr\u00e9-install\u00e9s Version d&#8217;\u00e9valuation de 30 jours du Microsoft\u00ae 365 pour nouveaux clients. Processeur Famille de processeur Core i5 Nombre de coeurs de processeurs Deka-Core (10 [&hellip;]\" \/>\n<meta property=\"og:url\" content=\"https:\/\/www.pixel-as.fr\/?product=terra-pc-business-6000\" \/>\n<meta property=\"og:site_name\" content=\"Pixel AS informatique\" \/>\n<meta property=\"article:modified_time\" content=\"2025-03-04T09:31:22+00:00\" \/>\n<meta property=\"og:image\" content=\"https:\/\/www.pixel-as.fr\/wp-content\/uploads\/2025\/03\/item203001410000-1.jpg\" \/>\n\t<meta property=\"og:image:width\" content=\"1000\" \/>\n\t<meta property=\"og:image:height\" content=\"1000\" \/>\n\t<meta property=\"og:image:type\" content=\"image\/jpeg\" \/>\n<meta name=\"twitter:card\" content=\"summary_large_image\" \/>\n<meta name=\"twitter:label1\" content=\"Dur\u00e9e de lecture estim\u00e9e\" \/>\n\t<meta name=\"twitter:data1\" content=\"3 minutes\" \/>\n<script type=\"application\/ld+json\" class=\"yoast-schema-graph\">{\"@context\":\"https:\\\/\\\/schema.org\",\"@graph\":[{\"@type\":\"WebPage\",\"@id\":\"https:\\\/\\\/www.pixel-as.fr\\\/?product=terra-pc-business-6000\",\"url\":\"https:\\\/\\\/www.pixel-as.fr\\\/?product=terra-pc-business-6000\",\"name\":\"TERRA PC-BUSINESS 6000 - Pixel AS informatique\",\"isPartOf\":{\"@id\":\"https:\\\/\\\/www.pixel-as.fr\\\/#website\"},\"primaryImageOfPage\":{\"@id\":\"https:\\\/\\\/www.pixel-as.fr\\\/?product=terra-pc-business-6000#primaryimage\"},\"image\":{\"@id\":\"https:\\\/\\\/www.pixel-as.fr\\\/?product=terra-pc-business-6000#primaryimage\"},\"thumbnailUrl\":\"https:\\\/\\\/www.pixel-as.fr\\\/wp-content\\\/uploads\\\/2025\\\/03\\\/item203001410000-1.jpg\",\"datePublished\":\"2025-03-04T09:04:09+00:00\",\"dateModified\":\"2025-03-04T09:31:22+00:00\",\"breadcrumb\":{\"@id\":\"https:\\\/\\\/www.pixel-as.fr\\\/?product=terra-pc-business-6000#breadcrumb\"},\"inLanguage\":\"fr-FR\",\"potentialAction\":[{\"@type\":\"ReadAction\",\"target\":[\"https:\\\/\\\/www.pixel-as.fr\\\/?product=terra-pc-business-6000\"]}]},{\"@type\":\"ImageObject\",\"inLanguage\":\"fr-FR\",\"@id\":\"https:\\\/\\\/www.pixel-as.fr\\\/?product=terra-pc-business-6000#primaryimage\",\"url\":\"https:\\\/\\\/www.pixel-as.fr\\\/wp-content\\\/uploads\\\/2025\\\/03\\\/item203001410000-1.jpg\",\"contentUrl\":\"https:\\\/\\\/www.pixel-as.fr\\\/wp-content\\\/uploads\\\/2025\\\/03\\\/item203001410000-1.jpg\",\"width\":1000,\"height\":1000},{\"@type\":\"BreadcrumbList\",\"@id\":\"https:\\\/\\\/www.pixel-as.fr\\\/?product=terra-pc-business-6000#breadcrumb\",\"itemListElement\":[{\"@type\":\"ListItem\",\"position\":1,\"name\":\"Accueil\",\"item\":\"https:\\\/\\\/www.pixel-as.fr\\\/\"},{\"@type\":\"ListItem\",\"position\":2,\"name\":\"Boutique\",\"item\":\"https:\\\/\\\/www.pixel-as.fr\\\/?page_id=227\"},{\"@type\":\"ListItem\",\"position\":3,\"name\":\"TERRA PC-BUSINESS 6000\"}]},{\"@type\":\"WebSite\",\"@id\":\"https:\\\/\\\/www.pixel-as.fr\\\/#website\",\"url\":\"https:\\\/\\\/www.pixel-as.fr\\\/\",\"name\":\"Pixel AS informatique\",\"description\":\"Accompagnement informatique personnalis\u00e9\",\"publisher\":{\"@id\":\"https:\\\/\\\/www.pixel-as.fr\\\/#organization\"},\"potentialAction\":[{\"@type\":\"SearchAction\",\"target\":{\"@type\":\"EntryPoint\",\"urlTemplate\":\"https:\\\/\\\/www.pixel-as.fr\\\/?s={search_term_string}\"},\"query-input\":{\"@type\":\"PropertyValueSpecification\",\"valueRequired\":true,\"valueName\":\"search_term_string\"}}],\"inLanguage\":\"fr-FR\"},{\"@type\":\"Organization\",\"@id\":\"https:\\\/\\\/www.pixel-as.fr\\\/#organization\",\"name\":\"Pixel AS informatique\",\"url\":\"https:\\\/\\\/www.pixel-as.fr\\\/\",\"logo\":{\"@type\":\"ImageObject\",\"inLanguage\":\"fr-FR\",\"@id\":\"https:\\\/\\\/www.pixel-as.fr\\\/#\\\/schema\\\/logo\\\/image\\\/\",\"url\":\"https:\\\/\\\/www.pixel-as.fr\\\/wp-content\\\/uploads\\\/2025\\\/02\\\/logo.png\",\"contentUrl\":\"https:\\\/\\\/www.pixel-as.fr\\\/wp-content\\\/uploads\\\/2025\\\/02\\\/logo.png\",\"width\":587,\"height\":231,\"caption\":\"Pixel AS informatique\"},\"image\":{\"@id\":\"https:\\\/\\\/www.pixel-as.fr\\\/#\\\/schema\\\/logo\\\/image\\\/\"}}]}<\/script>\n<!-- \/ Yoast SEO plugin. -->","yoast_head_json":{"title":"TERRA PC-BUSINESS 6000 - Pixel AS informatique","robots":{"index":"index","follow":"follow","max-snippet":"max-snippet:-1","max-image-preview":"max-image-preview:large","max-video-preview":"max-video-preview:-1"},"canonical":"https:\/\/www.pixel-as.fr\/?product=terra-pc-business-6000","og_locale":"fr_FR","og_type":"article","og_title":"TERRA PC-BUSINESS 6000 - Pixel AS informatique","og_description":"G\u00e9n\u00e9ral Mod\u00e8le de processeur Intel Core i5 (13. Gen.) 13400 \/ 20 MB Intel Smart Cache, max. 4.6 GHz Intel Turbo Boost Technology Syst\u00e8me d&#8217;exploitation Windows 11 Pro Logiciel Logiciels pr\u00e9-install\u00e9s Version d&#8217;\u00e9valuation de 30 jours du Microsoft\u00ae 365 pour nouveaux clients. Processeur Famille de processeur Core i5 Nombre de coeurs de processeurs Deka-Core (10 [&hellip;]","og_url":"https:\/\/www.pixel-as.fr\/?product=terra-pc-business-6000","og_site_name":"Pixel AS informatique","article_modified_time":"2025-03-04T09:31:22+00:00","og_image":[{"width":1000,"height":1000,"url":"https:\/\/www.pixel-as.fr\/wp-content\/uploads\/2025\/03\/item203001410000-1.jpg","type":"image\/jpeg"}],"twitter_card":"summary_large_image","twitter_misc":{"Dur\u00e9e de lecture estim\u00e9e":"3 minutes"},"schema":{"@context":"https:\/\/schema.org","@graph":[{"@type":"WebPage","@id":"https:\/\/www.pixel-as.fr\/?product=terra-pc-business-6000","url":"https:\/\/www.pixel-as.fr\/?product=terra-pc-business-6000","name":"TERRA PC-BUSINESS 6000 - Pixel AS informatique","isPartOf":{"@id":"https:\/\/www.pixel-as.fr\/#website"},"primaryImageOfPage":{"@id":"https:\/\/www.pixel-as.fr\/?product=terra-pc-business-6000#primaryimage"},"image":{"@id":"https:\/\/www.pixel-as.fr\/?product=terra-pc-business-6000#primaryimage"},"thumbnailUrl":"https:\/\/www.pixel-as.fr\/wp-content\/uploads\/2025\/03\/item203001410000-1.jpg","datePublished":"2025-03-04T09:04:09+00:00","dateModified":"2025-03-04T09:31:22+00:00","breadcrumb":{"@id":"https:\/\/www.pixel-as.fr\/?product=terra-pc-business-6000#breadcrumb"},"inLanguage":"fr-FR","potentialAction":[{"@type":"ReadAction","target":["https:\/\/www.pixel-as.fr\/?product=terra-pc-business-6000"]}]},{"@type":"ImageObject","inLanguage":"fr-FR","@id":"https:\/\/www.pixel-as.fr\/?product=terra-pc-business-6000#primaryimage","url":"https:\/\/www.pixel-as.fr\/wp-content\/uploads\/2025\/03\/item203001410000-1.jpg","contentUrl":"https:\/\/www.pixel-as.fr\/wp-content\/uploads\/2025\/03\/item203001410000-1.jpg","width":1000,"height":1000},{"@type":"BreadcrumbList","@id":"https:\/\/www.pixel-as.fr\/?product=terra-pc-business-6000#breadcrumb","itemListElement":[{"@type":"ListItem","position":1,"name":"Accueil","item":"https:\/\/www.pixel-as.fr\/"},{"@type":"ListItem","position":2,"name":"Boutique","item":"https:\/\/www.pixel-as.fr\/?page_id=227"},{"@type":"ListItem","position":3,"name":"TERRA PC-BUSINESS 6000"}]},{"@type":"WebSite","@id":"https:\/\/www.pixel-as.fr\/#website","url":"https:\/\/www.pixel-as.fr\/","name":"Pixel AS informatique","description":"Accompagnement informatique personnalis\u00e9","publisher":{"@id":"https:\/\/www.pixel-as.fr\/#organization"},"potentialAction":[{"@type":"SearchAction","target":{"@type":"EntryPoint","urlTemplate":"https:\/\/www.pixel-as.fr\/?s={search_term_string}"},"query-input":{"@type":"PropertyValueSpecification","valueRequired":true,"valueName":"search_term_string"}}],"inLanguage":"fr-FR"},{"@type":"Organization","@id":"https:\/\/www.pixel-as.fr\/#organization","name":"Pixel AS informatique","url":"https:\/\/www.pixel-as.fr\/","logo":{"@type":"ImageObject","inLanguage":"fr-FR","@id":"https:\/\/www.pixel-as.fr\/#\/schema\/logo\/image\/","url":"https:\/\/www.pixel-as.fr\/wp-content\/uploads\/2025\/02\/logo.png","contentUrl":"https:\/\/www.pixel-as.fr\/wp-content\/uploads\/2025\/02\/logo.png","width":587,"height":231,"caption":"Pixel AS informatique"},"image":{"@id":"https:\/\/www.pixel-as.fr\/#\/schema\/logo\/image\/"}}]}},"_links":{"self":[{"href":"https:\/\/www.pixel-as.fr\/index.php?rest_route=\/wp\/v2\/product\/3196","targetHints":{"allow":["GET"]}}],"collection":[{"href":"https:\/\/www.pixel-as.fr\/index.php?rest_route=\/wp\/v2\/product"}],"about":[{"href":"https:\/\/www.pixel-as.fr\/index.php?rest_route=\/wp\/v2\/types\/product"}],"version-history":[{"count":1,"href":"https:\/\/www.pixel-as.fr\/index.php?rest_route=\/wp\/v2\/product\/3196\/revisions"}],"predecessor-version":[{"id":3197,"href":"https:\/\/www.pixel-as.fr\/index.php?rest_route=\/wp\/v2\/product\/3196\/revisions\/3197"}],"wp:featuredmedia":[{"embeddable":true,"href":"https:\/\/www.pixel-as.fr\/index.php?rest_route=\/wp\/v2\/media\/4220"}],"wp:attachment":[{"href":"https:\/\/www.pixel-as.fr\/index.php?rest_route=%2Fwp%2Fv2%2Fmedia&parent=3196"}],"wp:term":[{"taxonomy":"product_brand","embeddable":true,"href":"https:\/\/www.pixel-as.fr\/index.php?rest_route=%2Fwp%2Fv2%2Fproduct_brand&post=3196"},{"taxonomy":"product_cat","embeddable":true,"href":"https:\/\/www.pixel-as.fr\/index.php?rest_route=%2Fwp%2Fv2%2Fproduct_cat&post=3196"},{"taxonomy":"product_tag","embeddable":true,"href":"https:\/\/www.pixel-as.fr\/index.php?rest_route=%2Fwp%2Fv2%2Fproduct_tag&post=3196"}],"curies":[{"name":"wp","href":"https:\/\/api.w.org\/{rel}","templated":true}]}}